{"id":25810,"date":"2020-10-03T18:33:24","date_gmt":"2020-10-03T18:33:24","guid":{"rendered":"http:\/\/gator4082.temp.domains\/~aquatiss\/nos-produits\/colonne-distribution-gel-grande-capacite-a-pedale\/"},"modified":"2020-10-05T11:01:22","modified_gmt":"2020-10-05T11:01:22","slug":"colonne-distribution-gel-grande-capacite-a-pedale","status":"publish","type":"product","link":"https:\/\/aquatiss.com.tn\/fr\/produit\/colonne-distribution-gel-grande-capacite-a-pedale\/","title":{"rendered":"Colonne distribution gel grande capacit\u00e9 \u00e0 p\u00e9dale"},"content":{"rendered":"<p>Colonne distribution gel grande capacit\u00e9 \u00e0 p\u00e9dale<\/p>\n<p>Borne distributeur de gel hydroalcoolique sur pied \u00e0 p\u00e9dale &#8211; sans contact &#8211; 100% m\u00e9canique &#8211; en acier finition peinture au four &#8211; distributeur robuste et stable &#8211;<br \/>\nGrande capacit\u00e9 de bidon 5 L\u00a0 &#8211;\u00a0 personnalisable.<\/p>\n<p>Pour faire respecter les gestes barri\u00e8res, le\u00a0<strong>distributeur de gel hydroalcoolique sans contact\u00a0<\/strong>se place<strong>\u00a0<\/strong>\u00e0 l&rsquo;entr\u00e9e de votre \u00e9tablissement et partout o\u00f9 cela est judicieux comme devant un ascenseur ou aux diff\u00e9rents \u00e9tages de votre h\u00f4tel restaurant. Vos clients n&rsquo;auront qu&rsquo;\u00e0 appuyer sur la p\u00e9dale et placer leur main en dessous pour recevoir une dose de gel hydroalcoolique pour l&rsquo;antisepsie des mains et ainsi lutter contre la propagation du coronavirus covid 19.<\/p>\n<p>&nbsp;<\/p>\n<p><strong>Descriptif du produit Colonne distribution gel grande capacit\u00e9 \u00e0 p\u00e9dale:<\/strong><\/p>\n<p>Borne <a href=\"http:\/\/gator4082.temp.domains\/~aquatiss\/nos-produits\/gel-hydroalcoolique-5-l-sainderma\/\">gel hydroalcoolique<\/a> sur pied sans contact<\/p>\n<p>Grande capacit\u00e9 bidon de 5L<\/p>\n<p>D\u00e9sinfecte les mains sans contact.<\/p>\n<p>Gardez vos mains propres et d\u00e9sinfect\u00e9es gr\u00e2ce \u00e0 son distributeur m\u00e9canique \u00e0 commande au pied qui supprime tout contact des mains avec le support.<\/p>\n<p>Sans contact manuel<\/p>\n<p>Gr\u00e2ce \u00e0 son levier \u00e0 commande au pied, la colonne ne n\u00e9cessite aucun contact manuel. Une l\u00e9g\u00e8re pression du pied sur la p\u00e9dale lib\u00e8re la bonne dose de gel.<\/p>\n<p>100% m\u00e9canique<\/p>\n<p>Commande \u00e0 p\u00e9dale. La colonne ne n\u00e9cessite aucune alimentation \u00e9lectrique, et ne contient aucun \u00e9l\u00e9ment \u00e9lectronique.<\/p>\n<p>Pas de panne possible !<\/p>\n<p>Installation facile et rapide<\/p>\n<p>La mise en place simplissime ne n\u00e9cessite aucune intervention de technicien.<\/p>\n<p>Durable, robuste .<\/p>\n<p>la colonne se place en int\u00e9rieur comme en ext\u00e9rieur.<\/p>\n<p>Bidon de 5L.<\/p>\n<p>&nbsp;<\/p>\n","protected":false},"excerpt":{"rendered":"<p>Plus de 5000 doses<br \/>\nDistributeur de gel d\u00e9sinfectant\u00a0a p\u00e9dale Grande\u00a0capacit\u00e9 bidon de <span style=\"font-size: 18pt;\"><strong>5 L<\/strong><\/span><br \/>\nUsage int\u00e9rieur et ext\u00e9rieur.<br \/>\nSans contact.<\/p>\n","protected":false},"featured_media":25820,"comment_status":"open","ping_status":"closed","template":"","meta":[],"product_cat":[122],"product_tag":[],"class_list":["post-25810","product","type-product","status-publish","has-post-thumbnail","hentry","product_cat-distributeurs-de-gel"],"_links":{"self":[{"href":"https:\/\/aquatiss.com.tn\/fr\/wp-json\/wp\/v2\/product\/25810","targetHints":{"allow":["GET"]}}],"collection":[{"href":"https:\/\/aquatiss.com.tn\/fr\/wp-json\/wp\/v2\/product"}],"about":[{"href":"https:\/\/aquatiss.com.tn\/fr\/wp-json\/wp\/v2\/types\/product"}],"replies":[{"embeddable":true,"href":"https:\/\/aquatiss.com.tn\/fr\/wp-json\/wp\/v2\/comments?post=25810"}],"wp:featuredmedia":[{"embeddable":true,"href":"https:\/\/aquatiss.com.tn\/fr\/wp-json\/wp\/v2\/media\/25820"}],"wp:attachment":[{"href":"https:\/\/aquatiss.com.tn\/fr\/wp-json\/wp\/v2\/media?parent=25810"}],"wp:term":[{"taxonomy":"product_cat","embeddable":true,"href":"https:\/\/aquatiss.com.tn\/fr\/wp-json\/wp\/v2\/product_cat?post=25810"},{"taxonomy":"product_tag","embeddable":true,"href":"https:\/\/aquatiss.com.tn\/fr\/wp-json\/wp\/v2\/product_tag?post=25810"}],"curies":[{"name":"wp","href":"https:\/\/api.w.org\/{rel}","templated":true}]}}