{"id":25834,"date":"2020-10-06T16:15:00","date_gmt":"2020-10-06T16:15:00","guid":{"rendered":"http:\/\/gator4082.temp.domains\/~aquatiss\/?post_type=product&#038;p=25834"},"modified":"2020-11-03T12:24:29","modified_gmt":"2020-11-03T12:24:29","slug":"nettoyant-universelle-tout-type-de-surface-750ml","status":"publish","type":"product","link":"https:\/\/aquatiss.com.tn\/fr\/produit\/nettoyant-universelle-tout-type-de-surface-750ml\/","title":{"rendered":"Nettoyant Universelle tout type de surface 750ml"},"content":{"rendered":"<p>Nettoyant Universelle tout type de surface <strong>750ml<\/strong><\/p>\n<p>Permet de remplacer tous les produits D\u00e9tergents existants sur le march\u00e9 aussi bien pour vos:<\/p>\n<p>Tissus moquette cuir cristal verre miroir aluminium inox chrome argent or bois plastique plexiglas marbre carrelage granit carrelage encre et peinture&#8230;<\/p>\n<h5><span style=\"font-family: tahoma, arial, helvetica, sans-serif;\">D\u00e9graissant<\/span><\/h5>\n<ul>\n<li>\u00a0\u00c9limine tous les contaminants tels que l &lsquo;huile\u00a0 et la graisse sur les fours les gazini\u00e8res les hottes aspirantes&#8230;<\/li>\n<\/ul>\n<h5><span style=\"font-family: tahoma, arial, helvetica, sans-serif;\">D\u00e9crassant<\/span><\/h5>\n<ul>\n<li>\u00a0Le Nettoyant Universelle tout type de surface <strong>750ml <\/strong>\u00c9limine la crasse et nettoie les taches les plus tenaces m\u00eames celles que vous penser d\u00e9finitives<\/li>\n<\/ul>\n<h5><span style=\"font-family: tahoma, arial, helvetica, sans-serif;\">D\u00e9collant<\/span><\/h5>\n<ul>\n<li>\u00a0\u00c9limine en douceur les traces de colle laiss\u00e9es par les \u00e9tiquettes, les timbres les auto-collants&#8230;<\/li>\n<\/ul>\n<h5><span style=\"font-family: tahoma, arial, helvetica, sans-serif;\">D\u00e9soxydant<\/span><\/h5>\n<ul>\n<li>Nettoyant Universelle tout type de surface <strong>750ml , <\/strong>redonne a tous vos m\u00e9taux (inox,chrome,aluminium,argent,or) leur \u00e9clat d&rsquo;origine \u00e9liminant la rouille ainsi que les traces ind\u00e9sirables tout en d\u00e9posant une pellicule protectrice<\/li>\n<\/ul>\n<p><strong>pour la rouille frottez avec un tampon abrasif<\/strong><\/p>\n<h5><span style=\"font-family: tahoma, arial, helvetica, sans-serif;\">Anti- calcaire :<\/span><\/h5>\n<ul>\n<li>\u00c9limine les r\u00e9sidus de tartre et de calcaire de vos robinetterie\u00a0 avec un effet lustrant et d\u00e9parlant il suffit de\u00a0 laisser agir pendant 3 minutes et frotter avec un tampon abrasif<\/li>\n<\/ul>\n<h5><span style=\"font-family: tahoma, arial, helvetica, sans-serif;\">Anti moustique:<\/span><\/h5>\n<ul>\n<li>\u00c9limination des moustiques coll\u00e9es sur le cristal, les vitres, les fen\u00eatres, brillance et \u00e9clats garantis<\/li>\n<li>Pour nettoyer le lustre d&rsquo;une chandelier en cristal; vaporiser, laisser agir, le produit d\u00e9croche la salet\u00e9c et puis rincer a l&rsquo;eau avec un autre pulverisareut, laisser s\u00e9cher ou essuyer avec un chiffon doux<\/li>\n<li><strong><span style=\"font-family: tahoma, arial, helvetica, sans-serif;\">-Anti statique, <\/span><span style=\"font-family: tahoma, arial, helvetica, sans-serif;\">bu\u00e9e,<\/span><span style=\"font-family: tahoma, arial, helvetica, sans-serif;\"> pluie, <\/span><span style=\"font-family: tahoma, arial, helvetica, sans-serif;\">\u00a0trace<\/span><\/strong><\/li>\n<\/ul>\n<h5><span style=\"font-family: tahoma, arial, helvetica, sans-serif;\">Antibact\u00e9rien:<\/span><\/h5>\n<p>il lutte contre les bact\u00e9ries et emp\u00eache leur d\u00e9veloppement<\/p>\n<h5><span style=\"font-family: tahoma, arial, helvetica, sans-serif;\">Protecteur:<\/span><\/h5>\n<p><span style=\"font-family: tahoma, arial, helvetica, sans-serif;\">il d\u00e9pose un microfilm de protection une fois en contact avec les surfaces.<\/span><\/p>\n<p><a href=\"http:\/\/gator4082.temp.domains\/~aquatiss\/nos-produits\/nettoyant-degraissant-universel-pret-a-lemploi\/\"><span style=\"font-size: 12pt; font-family: tahoma, arial, helvetica, sans-serif;\">Autre contenance 5L <\/span><span style=\"font-size: 12pt; font-family: tahoma, arial, helvetica, sans-serif;\">Nettoyant d\u00e9graissant Universel pr\u00eat \u00e0 l\u2019emploi<\/span><\/a><\/p>\n","protected":false},"excerpt":{"rendered":"<table style=\"height: 34px; background-color: #eb1e1e;\" width=\"139\">\n<tbody>\n<tr>\n<td style=\"width: 128.75px; text-align: center; vertical-align: middle;\"><span style=\"font-size: 12pt; color: #ffffff; font-family: tahoma, arial, helvetica, sans-serif;\">13 EN 1<\/span><\/td>\n<\/tr>\n<\/tbody>\n<\/table>\n<p>D\u00e9graissant,D\u00e9tachant,D\u00e9crassant,D\u00e9collant,D\u00e9soxydant, Anti calcaire, Anti poussi\u00e8re,Anti statique, Anti bu\u00e9e,Anti pluie,Anti trace,Anti bact\u00e9rien,Protecteur<\/p>\n<p><span style=\"font-family: tahoma, arial, helvetica, sans-serif;\"><strong>Multi Usage<\/strong><\/span><\/p>\n<table style=\"height: 31px; background-color: #f00707;\" width=\"488\">\n<tbody>\n<tr>\n<td style=\"width: 477.841px; text-align: left;\"><span style=\"font-family: tahoma, arial, helvetica, sans-serif;\"><span style=\"color: #ffffff;\">Chemise-Cuir- Sanitaire-Four-Tshirt- Tissus -Robinetterie-Gazini\u00e9re<\/span><\/span><\/td>\n<\/tr>\n<\/tbody>\n<\/table>\n<p><span style=\"font-family: tahoma, arial, helvetica, sans-serif;\"><strong>Pour les surfaces extr\u00eamement sales<\/strong><\/span><\/p>\n<table style=\"height: 24px; background-color: #ed1111;\" width=\"270\">\n<tbody>\n<tr>\n<td style=\"width: 260.568px; vertical-align: middle; text-align: left;\"><span style=\"font-family: tahoma, arial, helvetica, sans-serif;\"><span style=\"color: #ffffff;\">Bois-Inox-Tapis-Plastique-Moquette<\/span><\/span><\/td>\n<\/tr>\n<\/tbody>\n<\/table>\n","protected":false},"featured_media":25840,"comment_status":"open","ping_status":"closed","template":"","meta":[],"product_cat":[454],"product_tag":[],"class_list":["post-25834","product","type-product","status-publish","has-post-thumbnail","hentry","product_cat-produit-universel"],"_links":{"self":[{"href":"https:\/\/aquatiss.com.tn\/fr\/wp-json\/wp\/v2\/product\/25834","targetHints":{"allow":["GET"]}}],"collection":[{"href":"https:\/\/aquatiss.com.tn\/fr\/wp-json\/wp\/v2\/product"}],"about":[{"href":"https:\/\/aquatiss.com.tn\/fr\/wp-json\/wp\/v2\/types\/product"}],"replies":[{"embeddable":true,"href":"https:\/\/aquatiss.com.tn\/fr\/wp-json\/wp\/v2\/comments?post=25834"}],"wp:featuredmedia":[{"embeddable":true,"href":"https:\/\/aquatiss.com.tn\/fr\/wp-json\/wp\/v2\/media\/25840"}],"wp:attachment":[{"href":"https:\/\/aquatiss.com.tn\/fr\/wp-json\/wp\/v2\/media?parent=25834"}],"wp:term":[{"taxonomy":"product_cat","embeddable":true,"href":"https:\/\/aquatiss.com.tn\/fr\/wp-json\/wp\/v2\/product_cat?post=25834"},{"taxonomy":"product_tag","embeddable":true,"href":"https:\/\/aquatiss.com.tn\/fr\/wp-json\/wp\/v2\/product_tag?post=25834"}],"curies":[{"name":"wp","href":"https:\/\/api.w.org\/{rel}","templated":true}]}}