{"id":25836,"date":"2020-10-06T11:15:15","date_gmt":"2020-10-06T11:15:15","guid":{"rendered":"http:\/\/gator4082.temp.domains\/~aquatiss\/?post_type=product&#038;p=25836"},"modified":"2022-01-13T11:25:50","modified_gmt":"2022-01-13T11:25:50","slug":"distributeur-dessuie-mains-en-rouleaux-220v","status":"publish","type":"product","link":"https:\/\/aquatiss.com.tn\/fr\/produit\/distributeur-dessuie-mains-en-rouleaux-220v\/","title":{"rendered":"Distributeur d&rsquo;essuie mains en rouleaux 220V"},"content":{"rendered":"<div>\n<div>Distributeur d&rsquo;essuie mains en rouleaux 220V<\/div>\n<div class=\"productTitle\"><\/div>\n<div class=\"productSubTitle\">Distributeur d&rsquo;essuie-mains en rouleaux &#8211; Syst\u00e8me \u00e0 piles ou sur secteur<\/div>\n<div>possibilit\u00e9 <strong>fonctionnement\u00a0 avec <i>4 piles LR20 non fournies<\/i><\/strong><\/div>\n<div><\/div>\n<div>Assure une distribution rapide.<br \/>\nFournit automatiquement \u00e0 l\u2019usager des feuilles de papier de taille id\u00e9ale pour le s\u00e9chage des mains sans risque de contamination.<br \/>\nAvec le distributeur \u00e9lectrique \u00a0vous\u00a0<em>\u00e9conomisez\u00a0<strong>40%<\/strong>\u00a0de consommable<\/em><\/div>\n<div class=\"productDescription\">\n<h5>Points forts Distributeur d&rsquo;essuie mains en rouleaux<\/h5>\n<p>Possibilit\u00e9 de r\u00e9gler la taille de la feuille, de 15 \u00e0 40 cm<br \/>\nPossibilit\u00e9 de r\u00e9gler l\u2019intervalle de temps d\u2019attente entre la livraison d\u2019une feuille \u00e0 l\u2019autre de 0,5 \u00e0 15 secondes secondes.<br \/>\nSyst\u00e8me \u00e0 piles ou sur secteur<\/p>\n<h5><strong>Point fort Distributeur d&rsquo;essuie mains en rouleaux 220V<\/strong><\/h5>\n<p>Distributeur d&rsquo;essuie mains en rouleaux 220V adapt\u00e9 pour rouleau de 19 cm minimum-une largeur maximale de 21 cm peut \u00eatre utilis\u00e9e<br \/>\nLa longueur de sortie du papier peut \u00eatre ajust\u00e9e \u00e9lectroniquement. (15 ~ 40 cm)<br \/>\nLe temps d&rsquo;attente des serviettes en papier peut \u00eatre ajust\u00e9. (0,5 ~ 15 secondes)<br \/>\nPeut \u00eatre install\u00e9 n&rsquo;importe o\u00f9.<br \/>\nLe produit dispose d&rsquo;une fonction de commutation automatique. Si l&rsquo;\u00e9lectricit\u00e9 est coup\u00e9e, votre appareil passe automatiquement \u00e0 l&rsquo;\u00e9nergie de la batterie.<br \/>\nIl a un capteur, peut \u00e9galement fonctionner comme un bouton de capteur.<br \/>\nLe mode de distribution automatique du papier peut \u00eatre activ\u00e9 en le maintenant enfonc\u00e9 pendant 15 secondes \u00e0 l&rsquo;aide du capteur.<br \/>\nLa section est toujours pr\u00eate \u00e0 d\u00e9chirer le papier jetable.<br \/>\nLe rouleau se trouve \u00e0 l&rsquo;int\u00e9rieur du couvercle du rouleau et ne contient pas de microbes.<br \/>\nTaille 40 x 23,5 x 31 cm &#8211; 2,70 kg<\/p>\n<div class=\"productDetails\">\n<div class=\"\"><a href=\"http:\/\/gator4082.temp.domains\/~aquatiss\/?s=+Distributeur+papiers+essuie&amp;post_type=product&amp;type_aws=true\">D\u00e9couvrez notre large gamme de distributeur a papier<\/a><\/div>\n<\/div>\n<div><\/div>\n<\/div>\n<div>\n<div class=\"brs_col\">\n<p class=\"nVcaUb\"><span style=\"color: #ffffff;\">vente distributeur papier Tunisie-distributeur papier tork Tunisie-distributeur papier toilette Tunisie -distributeur papier 3 en 1 Tunisie-distributeur essuie tout Tunisie<\/span><\/p>\n<\/div>\n<\/div>\n<\/div>\n","protected":false},"excerpt":{"rendered":"[maxbutton id=\"2\" url=\"<a href=\"https:\/\/aquatiss.com.tn\/\/wp-content\/uploads\/2020\/10\/Distributeur-dessuie-mains-en-rouleaux-220V.pdf\">https:\/\/aquatiss.com.tn\/\/wp-content\/uploads\/2020\/10\/Distributeur-dessuie-mains-en-rouleaux-220V.pdf<\/a>\" ]\n<p><span style=\"font-family: tahoma, arial, helvetica, sans-serif; font-size: 10pt;\">Id\u00e9ale pour le s\u00e9chage des mains sans risque de contamination<\/span><br \/>\n<span style=\"font-family: tahoma, arial, helvetica, sans-serif; font-size: 10pt;\">Distributeur d&rsquo;essuie-mains en rouleaux <\/span><br \/>\n<span style=\"font-family: tahoma, arial, helvetica, sans-serif; font-size: 10pt; color: #000000;\">Sans contact\u00a0<\/span><br \/>\n<span style=\"font-family: tahoma, arial, helvetica, sans-serif; font-size: 10pt;\">Branchement sur secteur 220 V ou fonctionnement avec 4 piles LR 20 option<br \/>\n<span style=\"font-family: tahoma, arial, helvetica, sans-serif; font-size: 10pt;\">Adapt\u00e9 pour distributeur de 19 cm de diam\u00e8tre minimum<\/span><br \/>\n<span style=\"font-family: tahoma, arial, helvetica, sans-serif; font-size: 10pt;\">R\u00e9gler la taille de la feuille, de 15\u00a0 \u00e0 45 cm<\/span><br \/>\n<span style=\"font-family: tahoma, arial, helvetica, sans-serif; font-size: 10pt;\">R\u00e9gler l\u2019intervalle de temps d\u2019attente entre la livraison d\u2019une feuille 0,5 \u00e0 15 secondes<\/span><\/span><\/p>\n","protected":false},"featured_media":25846,"comment_status":"open","ping_status":"closed","template":"","meta":[],"product_cat":[401,120],"product_tag":[],"class_list":["post-25836","product","type-product","status-publish","has-post-thumbnail","hentry","product_cat-distributeur","product_cat-distributeur-papier"],"_links":{"self":[{"href":"https:\/\/aquatiss.com.tn\/fr\/wp-json\/wp\/v2\/product\/25836","targetHints":{"allow":["GET"]}}],"collection":[{"href":"https:\/\/aquatiss.com.tn\/fr\/wp-json\/wp\/v2\/product"}],"about":[{"href":"https:\/\/aquatiss.com.tn\/fr\/wp-json\/wp\/v2\/types\/product"}],"replies":[{"embeddable":true,"href":"https:\/\/aquatiss.com.tn\/fr\/wp-json\/wp\/v2\/comments?post=25836"}],"wp:featuredmedia":[{"embeddable":true,"href":"https:\/\/aquatiss.com.tn\/fr\/wp-json\/wp\/v2\/media\/25846"}],"wp:attachment":[{"href":"https:\/\/aquatiss.com.tn\/fr\/wp-json\/wp\/v2\/media?parent=25836"}],"wp:term":[{"taxonomy":"product_cat","embeddable":true,"href":"https:\/\/aquatiss.com.tn\/fr\/wp-json\/wp\/v2\/product_cat?post=25836"},{"taxonomy":"product_tag","embeddable":true,"href":"https:\/\/aquatiss.com.tn\/fr\/wp-json\/wp\/v2\/product_tag?post=25836"}],"curies":[{"name":"wp","href":"https:\/\/api.w.org\/{rel}","templated":true}]}}