{"id":25970,"date":"2020-11-03T09:24:21","date_gmt":"2020-11-03T09:24:21","guid":{"rendered":"http:\/\/gator4082.temp.domains\/~aquatiss\/nos-produits\/distributeur-de-gel-hydroalcoolique-a-pedale\/"},"modified":"2021-01-15T16:26:15","modified_gmt":"2021-01-15T16:26:15","slug":"distributeur-de-gel-hydroalcoolique-a-pedale","status":"publish","type":"product","link":"https:\/\/aquatiss.com.tn\/fr\/produit\/distributeur-de-gel-hydroalcoolique-a-pedale\/","title":{"rendered":"Distributeur de gel hydroalcoolique a p\u00e9dale"},"content":{"rendered":"<p>distributeur de gel hydroalcoolique a p\u00e9dale<\/p>\n<p>Borne distributeur de gel hydroalcoolique sur pied \u00e0 p\u00e9dale &#8211; sans contact &#8211; 100% m\u00e9canique &#8211; en acier finition peinture au four &#8211; distributeur robuste et stable &#8211;<br \/>\nadaptable <strong>a toutes les bouteilles de gel avec poussoir<\/strong> &#8211;<\/p>\n<p>Pour faire respecter les gestes barri\u00e8res, le\u00a0<strong>distributeur de gel hydroalcoolique sans contact\u00a0<\/strong>se place<strong>\u00a0<\/strong>\u00e0 l&rsquo;entr\u00e9e de votre \u00e9tablissement et partout o\u00f9 cela est judicieux comme devant un ascenseur ou aux diff\u00e9rents \u00e9tages de votre h\u00f4tel restaurant. Vos clients n&rsquo;auront qu&rsquo;\u00e0 appuyer sur la p\u00e9dale et placer leur main en dessous pour recevoir une dose de gel hydroalcoolique pour l&rsquo;antisepsie des mains et ainsi lutter contre la propagation du coronavirus covid 19.<\/p>\n<p>&nbsp;<\/p>\n<p><strong>Descriptif du produit distributeur de gel hydroalcoolique a p\u00e9dale:<\/strong><\/p>\n<p>Borne <a href=\"http:\/\/gator4082.temp.domains\/~aquatiss\/nos-produits\/gel-hydroalcoolique-5-l-sainderma\/\">gel hydroalcoolique<\/a> sur pied sans contact<\/p>\n<p>adaptable a toutes les bouteilles de gel avec poussoir.<\/p>\n<p>D\u00e9sinfecte les mains sans contact.<\/p>\n<p>Gardez vos mains propres et d\u00e9sinfect\u00e9es gr\u00e2ce \u00e0 son distributeur m\u00e9canique \u00e0 commande au pied qui supprime tout contact des mains avec le support.<\/p>\n<p>Sans contact manuel<\/p>\n<p>Gr\u00e2ce \u00e0 son levier \u00e0 commande au pied, la colonne ne n\u00e9cessite aucun contact manuel. Une l\u00e9g\u00e8re pression du pied sur la p\u00e9dale lib\u00e8re la bonne dose de gel.<\/p>\n<p>100% m\u00e9canique<\/p>\n<p>Commande \u00e0 p\u00e9dale. La colonne ne n\u00e9cessite aucune alimentation \u00e9lectrique, et ne contient aucun \u00e9l\u00e9ment \u00e9lectronique.<\/p>\n<p>Pas de panne possible !<\/p>\n<p>Installation facile et rapide<\/p>\n<p>La mise en place simplissime ne n\u00e9cessite aucune intervention de technicien.<\/p>\n<p>Durable, robuste .<\/p>\n<p>la colonne se place en int\u00e9rieur comme en ext\u00e9rieur.<\/p>\n<p>&nbsp;<\/p>\n<p>&nbsp;<\/p>\n","protected":false},"excerpt":{"rendered":"<p><strong>Commande \u00e0 p\u00e9dale<\/strong><br \/>\n<strong>Adaptable \u00e0 toutes les recharges standards\u00a0 1 L-0.5 L-750 ml -250 ml<\/strong><br \/>\n<strong>R\u00e9glage Profondeur. 6 \u00e0 11 cm Hauteur 16 \u00e0 26 cm<\/strong><br \/>\n<strong>la colonne se place en int\u00e9rieur comme en ext\u00e9rieur<\/strong><\/p>\n<p>Sans contact. sp\u00e9cial pharmacie , salles d&rsquo;attente m\u00e9dicales, cabinets de radiologie et touts les commerces recevant du monde -anti vandalisme -acier thermo-laqu\u00e9 -usage int\u00e9rieur et ext\u00e9rieur.<br \/>\nadaptable a toutes les bouteilles de gel avec poussoir<\/p>\n<p>&nbsp;<\/p>\n","protected":false},"featured_media":25981,"comment_status":"open","ping_status":"closed","template":"","meta":[],"product_cat":[122],"product_tag":[],"class_list":["post-25970","product","type-product","status-publish","has-post-thumbnail","hentry","product_cat-distributeurs-de-gel"],"_links":{"self":[{"href":"https:\/\/aquatiss.com.tn\/fr\/wp-json\/wp\/v2\/product\/25970","targetHints":{"allow":["GET"]}}],"collection":[{"href":"https:\/\/aquatiss.com.tn\/fr\/wp-json\/wp\/v2\/product"}],"about":[{"href":"https:\/\/aquatiss.com.tn\/fr\/wp-json\/wp\/v2\/types\/product"}],"replies":[{"embeddable":true,"href":"https:\/\/aquatiss.com.tn\/fr\/wp-json\/wp\/v2\/comments?post=25970"}],"wp:featuredmedia":[{"embeddable":true,"href":"https:\/\/aquatiss.com.tn\/fr\/wp-json\/wp\/v2\/media\/25981"}],"wp:attachment":[{"href":"https:\/\/aquatiss.com.tn\/fr\/wp-json\/wp\/v2\/media?parent=25970"}],"wp:term":[{"taxonomy":"product_cat","embeddable":true,"href":"https:\/\/aquatiss.com.tn\/fr\/wp-json\/wp\/v2\/product_cat?post=25970"},{"taxonomy":"product_tag","embeddable":true,"href":"https:\/\/aquatiss.com.tn\/fr\/wp-json\/wp\/v2\/product_tag?post=25970"}],"curies":[{"name":"wp","href":"https:\/\/api.w.org\/{rel}","templated":true}]}}