{"id":2614,"date":"2017-02-18T10:40:36","date_gmt":"2017-02-18T09:40:36","guid":{"rendered":"http:\/\/gator4082.temp.domains\/~aquatiss\/produit\/chariot-de-nettoyage-a-02-seau\/"},"modified":"2017-02-18T11:04:18","modified_gmt":"2017-02-18T10:04:18","slug":"chariot-de-nettoyage-a-02-seau","status":"publish","type":"product","link":"https:\/\/aquatiss.com.tn\/fr\/produit\/chariot-de-nettoyage-a-02-seau\/","title":{"rendered":"Chariot de nettoyage \u00e0 02 seaux de 25 L"},"content":{"rendered":"<p>Chariot de nettoyage multi-utilisation en Plastique polypropyl\u00e8ne<br \/>\n -Cadre en plastique<br \/>\n -Roues \u00f8 80 mm avec pare-chocs,<br \/>\n -Deux seaux de 25 litres permettant de s\u00e9parer le seau de nettoyage du seau de rin\u00e7age<br \/>\n -Une presse d\u2019essorage.<br \/>\nLa s\u00e9paration des seaux  r\u00e9duit fortement la contamination,  la dur\u00e9e du travail avec un effort minimum du nettoyage.<br \/>\nIndiqu\u00e9 pour le sol mouill\u00e9 ratissage dans les grandes zones.<br \/>\nCette pi\u00e8ce est unique, solide et facile \u00e0 nettoyer.<\/p>\n","protected":false},"excerpt":{"rendered":"<p> -Cadre en plastique<br \/>\n -Roues \u00f8 80 mm avec pare-chocs,<br \/>\n -Deux seaux de 25 litres permettant de s\u00e9parer le seau de nettoyage du seau de rin\u00e7age<br \/>\n -Une presse d\u2019essorage.<\/p>\n","protected":false},"featured_media":2615,"comment_status":"open","ping_status":"closed","template":"","meta":[],"product_cat":[112,108],"product_tag":[269],"class_list":["post-2614","product","type-product","status-publish","has-post-thumbnail","hentry","product_cat-chariots-de-nettoyage","product_cat-hygiene","product_tag-chariots","pa_domaine-collectivites","pa_domaine-entreprise","pa_domaine-food","pa_domaine-hotel","pa_domaine-industrie","pa_domaine-medical","pa_domaine-proprete"],"_links":{"self":[{"href":"https:\/\/aquatiss.com.tn\/fr\/wp-json\/wp\/v2\/product\/2614","targetHints":{"allow":["GET"]}}],"collection":[{"href":"https:\/\/aquatiss.com.tn\/fr\/wp-json\/wp\/v2\/product"}],"about":[{"href":"https:\/\/aquatiss.com.tn\/fr\/wp-json\/wp\/v2\/types\/product"}],"replies":[{"embeddable":true,"href":"https:\/\/aquatiss.com.tn\/fr\/wp-json\/wp\/v2\/comments?post=2614"}],"wp:featuredmedia":[{"embeddable":true,"href":"https:\/\/aquatiss.com.tn\/fr\/wp-json\/wp\/v2\/media\/2615"}],"wp:attachment":[{"href":"https:\/\/aquatiss.com.tn\/fr\/wp-json\/wp\/v2\/media?parent=2614"}],"wp:term":[{"taxonomy":"product_cat","embeddable":true,"href":"https:\/\/aquatiss.com.tn\/fr\/wp-json\/wp\/v2\/product_cat?post=2614"},{"taxonomy":"product_tag","embeddable":true,"href":"https:\/\/aquatiss.com.tn\/fr\/wp-json\/wp\/v2\/product_tag?post=2614"}],"curies":[{"name":"wp","href":"https:\/\/api.w.org\/{rel}","templated":true}]}}