{"id":26325,"date":"2021-01-18T09:37:33","date_gmt":"2021-01-18T09:37:33","guid":{"rendered":"http:\/\/gator4082.temp.domains\/~aquatiss\/?post_type=product&#038;p=26325"},"modified":"2021-01-18T15:13:31","modified_gmt":"2021-01-18T15:13:31","slug":"thermos-isotherme-mobby-clip-1-5-l-blanc-markutec","status":"publish","type":"product","link":"https:\/\/aquatiss.com.tn\/fr\/produit\/thermos-isotherme-mobby-clip-1-5-l-blanc-markutec\/","title":{"rendered":"Thermos isotherme Mobby  Clip 1.5 L blanc MARKUTEC"},"content":{"rendered":"<p>Thermos isotherme Mobby Clip 1.5 L blanc MARKUTEC<\/p>\n<p>Thermos &#8211; Carafe isotherme avec corps en polypropyl\u00e8ne r\u00e9sistant.<\/p>\n<p>Bouteille int\u00e9rieure en verre. Bouchon \u00e0 verser avec bouton-poussoir pour une utilisation d&rsquo;une seule main.<\/p>\n<p>Ce pichet Maintien le froid 24 h et le chaud 12 h.<\/p>\n<p>Couleur : Blanc.<br \/>\nMati\u00e8re : Polypropyl\u00e8ne.<br \/>\nCapacit\u00e9 : 1,5 L.<br \/>\nDimensions 30 x 30 x 10 cm.<\/p>\n","protected":false},"excerpt":{"rendered":"<p>Made in <strong>Germany<\/strong><\/p>\n<p>En choisissant le bon pichet isotherme, le caf\u00e9 peut rester chaud pendant 12 heures sans perdre ses propri\u00e9t\u00e9s aromatiques<\/p>\n<p>Carafe isotherme avec corps en polypropyl\u00e8ne r\u00e9sistant<\/p>\n<p>Maintien le froid 24 h et le chaud 12 h<\/p>\n<p>&nbsp;<\/p>\n","protected":false},"featured_media":26354,"comment_status":"open","ping_status":"closed","template":"","meta":[],"product_cat":[104,2046],"product_tag":[],"class_list":["post-26325","product","type-product","status-publish","has-post-thumbnail","hentry","product_cat-electromenager","product_cat-thermos"],"_links":{"self":[{"href":"https:\/\/aquatiss.com.tn\/fr\/wp-json\/wp\/v2\/product\/26325","targetHints":{"allow":["GET"]}}],"collection":[{"href":"https:\/\/aquatiss.com.tn\/fr\/wp-json\/wp\/v2\/product"}],"about":[{"href":"https:\/\/aquatiss.com.tn\/fr\/wp-json\/wp\/v2\/types\/product"}],"replies":[{"embeddable":true,"href":"https:\/\/aquatiss.com.tn\/fr\/wp-json\/wp\/v2\/comments?post=26325"}],"wp:featuredmedia":[{"embeddable":true,"href":"https:\/\/aquatiss.com.tn\/fr\/wp-json\/wp\/v2\/media\/26354"}],"wp:attachment":[{"href":"https:\/\/aquatiss.com.tn\/fr\/wp-json\/wp\/v2\/media?parent=26325"}],"wp:term":[{"taxonomy":"product_cat","embeddable":true,"href":"https:\/\/aquatiss.com.tn\/fr\/wp-json\/wp\/v2\/product_cat?post=26325"},{"taxonomy":"product_tag","embeddable":true,"href":"https:\/\/aquatiss.com.tn\/fr\/wp-json\/wp\/v2\/product_tag?post=26325"}],"curies":[{"name":"wp","href":"https:\/\/api.w.org\/{rel}","templated":true}]}}