{"id":26390,"date":"2021-01-27T11:08:45","date_gmt":"2021-01-27T11:08:45","guid":{"rendered":"http:\/\/gator4082.temp.domains\/~aquatiss\/?post_type=product&#038;p=26390"},"modified":"2021-01-29T15:40:04","modified_gmt":"2021-01-29T15:40:04","slug":"lampe-torche-durgence-murale","status":"publish","type":"product","link":"https:\/\/aquatiss.com.tn\/fr\/produit\/lampe-torche-durgence-murale\/","title":{"rendered":"Lampe torche d&rsquo;urgence murale"},"content":{"rendered":"<p>Lampe torche d&rsquo;urgence murale<\/p>\n<p class=\"product-info-title\"><span style=\"font-size: 16px;\">Y compris le support antivol.<\/span><\/p>\n<div class=\"product-description product-truncate\">\n<div id=\"product-detail-description\" class=\"description product-truncate-content \">\n<p>Cette lampe de poche est sp\u00e9cialement con\u00e7ue pour une utilisation dans les h\u00f4tels. Fonctionne sur piles, donc aucune alimentation fixe n&rsquo;est pas n\u00e9cessaire (mais peut \u00eatre connect\u00e9e \u00e0 un chargeur). La lampe de poche s&rsquo;allume imm\u00e9diatement lorsqu&rsquo;elle est retir\u00e9e de son support. Elle est donc tr\u00e8s adapt\u00e9e aux situations d&rsquo;urgence et de panique. Elle est livr\u00e9e avec une poign\u00e9e antid\u00e9rapante, un support antivol facile \u00e0 monter et des diodes lumineuses.<\/p>\n<\/div>\n<\/div>\n<p>Lampe torche d&rsquo;urgence murale est une lampe torche\u00a0 utilisable et indispensable pour les chambres h\u00f4tel, r\u00e9fectoire, entreprise de s\u00e9curit\u00e9, services de police<\/p>\n<p>S&rsquo;allume et s&rsquo;\u00e9teint instantan\u00e9ment une fois sorti du bo\u00eetier<br \/>\nS\u00fbr, solide et durable, con\u00e7u sp\u00e9cifiquement pour les chambres d&rsquo;h\u00f4tel<br \/>\nFabriqu\u00e9 en ABS robuste et en m\u00e9tal<br \/>\n13 lumi\u00e8res LED brillantes<br \/>\nPoign\u00e9e antid\u00e9rapante<br \/>\nFacile \u00e0 assembler &#8211; installer (sans les vis)<br \/>\nFonctionne sur piles 3 x AA (\u00e0 l&rsquo;exclusion)<\/p>\n<h4>Caract\u00e9ristiques techniques<\/h4>\n<p>Dimensions et poids<br \/>\nDimensions (L x\u00a0 l x H) 17,5 x 5,5 x 5,5 cm<br \/>\n19,5 x 6 x 6 cm (poign\u00e9e compacte)<br \/>\nPoids 355 g<br \/>\nDonn\u00e9es \u00e9lectriques<br \/>\nPiles 3 x AA (excl.)<\/p>\n<h4>Informations compl\u00e9mentaires Couleur \/ Mat\u00e9riau<\/h4>\n<p>Emballage noir et argent 40 pi\u00e8ces par carton pi\u00e8ces par palette sur demande<br \/>\nDimensions du carton 35,5 x 34,5 x 18,5 cm<br \/>\nPoids brut 0,4 kg par pi\u00e8ce<br \/>\nCode produit 6230 Mondial torch<\/p>\n<p>&nbsp;<\/p>\n","protected":false},"excerpt":{"rendered":"<p>Lampe torche d&rsquo;urgence murale est une lampe torche\u00a0 utilisable et indispensable pour les chambres h\u00f4tel, r\u00e9fectoire, entreprise de s\u00e9curit\u00e9, services de police<\/p>\n<p>S&rsquo;allume et s&rsquo;\u00e9teint instantan\u00e9ment une fois sorti du bo\u00eetier<\/p>\n","protected":false},"featured_media":26418,"comment_status":"open","ping_status":"closed","template":"","meta":[],"product_cat":[153,2028],"product_tag":[],"class_list":["post-26390","product","type-product","status-publish","has-post-thumbnail","hentry","product_cat-securite","product_cat-torches"],"_links":{"self":[{"href":"https:\/\/aquatiss.com.tn\/fr\/wp-json\/wp\/v2\/product\/26390","targetHints":{"allow":["GET"]}}],"collection":[{"href":"https:\/\/aquatiss.com.tn\/fr\/wp-json\/wp\/v2\/product"}],"about":[{"href":"https:\/\/aquatiss.com.tn\/fr\/wp-json\/wp\/v2\/types\/product"}],"replies":[{"embeddable":true,"href":"https:\/\/aquatiss.com.tn\/fr\/wp-json\/wp\/v2\/comments?post=26390"}],"wp:featuredmedia":[{"embeddable":true,"href":"https:\/\/aquatiss.com.tn\/fr\/wp-json\/wp\/v2\/media\/26418"}],"wp:attachment":[{"href":"https:\/\/aquatiss.com.tn\/fr\/wp-json\/wp\/v2\/media?parent=26390"}],"wp:term":[{"taxonomy":"product_cat","embeddable":true,"href":"https:\/\/aquatiss.com.tn\/fr\/wp-json\/wp\/v2\/product_cat?post=26390"},{"taxonomy":"product_tag","embeddable":true,"href":"https:\/\/aquatiss.com.tn\/fr\/wp-json\/wp\/v2\/product_tag?post=26390"}],"curies":[{"name":"wp","href":"https:\/\/api.w.org\/{rel}","templated":true}]}}