{"id":26405,"date":"2021-01-28T17:01:52","date_gmt":"2021-01-28T17:01:52","guid":{"rendered":"http:\/\/gator4082.temp.domains\/~aquatiss\/?post_type=product&#038;p=26405"},"modified":"2021-01-29T10:30:41","modified_gmt":"2021-01-29T10:30:41","slug":"machines-a-cafe-expresso-mini-hotellerie","status":"publish","type":"product","link":"https:\/\/aquatiss.com.tn\/fr\/produit\/machines-a-cafe-expresso-mini-hotellerie\/","title":{"rendered":"Machines \u00e0 caf\u00e9 Expresso  Mini  h\u00f4tellerie"},"content":{"rendered":"<p>Machines \u00e0 caf\u00e9 Expresso Mini h\u00f4tellerie<br \/>\nMat\u00e9riau : ABS<br \/>\nCouleur : Noir<br \/>\nCapacit\u00e9 (L) : 0.8000<br \/>\nGarantie (ann\u00e9e) : 2<br \/>\nVisualisation du niveau : Oui<br \/>\nLongueur de cordon (mm) : 1100<br \/>\nPuissance en fonctionnement (W) : 1400<br \/>\nAlimentation : 230V<br \/>\nFr\u00e9quence (Hz) : 50<br \/>\nIsolation \u00e9lectrique : Classe I<br \/>\nHauteur (mm) : 230 Largeur (mm) : 118 Profondeur produit (mm) : 302<\/p>\n","protected":false},"excerpt":{"rendered":"[maxbutton id=\"2\" url=\"http:\/\/gator4082.temp.domains\/~aquatiss\/wp-content\/uploads\/2021\/01\/machine-nespresso-f.pdf\" ]\n<p>Le v\u00e9ritable go\u00fbt du caf\u00e9 italien<br \/>\nMachine compatible Nespresso la plus compact du march\u00e9<br \/>\nPompe Made in Italie<\/p>\n<p>Garantie <strong>3 ans<\/strong><\/p>\n","protected":false},"featured_media":26406,"comment_status":"open","ping_status":"closed","template":"","meta":[],"product_cat":[160,162,155],"product_tag":[],"class_list":["post-26405","product","type-product","status-publish","has-post-thumbnail","hentry","product_cat-machine-cafe-automatique","product_cat-machine-cafe-capsules","product_cat-pause-cafe"],"_links":{"self":[{"href":"https:\/\/aquatiss.com.tn\/fr\/wp-json\/wp\/v2\/product\/26405","targetHints":{"allow":["GET"]}}],"collection":[{"href":"https:\/\/aquatiss.com.tn\/fr\/wp-json\/wp\/v2\/product"}],"about":[{"href":"https:\/\/aquatiss.com.tn\/fr\/wp-json\/wp\/v2\/types\/product"}],"replies":[{"embeddable":true,"href":"https:\/\/aquatiss.com.tn\/fr\/wp-json\/wp\/v2\/comments?post=26405"}],"wp:featuredmedia":[{"embeddable":true,"href":"https:\/\/aquatiss.com.tn\/fr\/wp-json\/wp\/v2\/media\/26406"}],"wp:attachment":[{"href":"https:\/\/aquatiss.com.tn\/fr\/wp-json\/wp\/v2\/media?parent=26405"}],"wp:term":[{"taxonomy":"product_cat","embeddable":true,"href":"https:\/\/aquatiss.com.tn\/fr\/wp-json\/wp\/v2\/product_cat?post=26405"},{"taxonomy":"product_tag","embeddable":true,"href":"https:\/\/aquatiss.com.tn\/fr\/wp-json\/wp\/v2\/product_tag?post=26405"}],"curies":[{"name":"wp","href":"https:\/\/api.w.org\/{rel}","templated":true}]}}