{"id":26498,"date":"2021-02-18T09:37:51","date_gmt":"2021-02-18T09:37:51","guid":{"rendered":"http:\/\/gator4082.temp.domains\/~aquatiss\/?post_type=product&#038;p=26498"},"modified":"2022-10-27T11:28:11","modified_gmt":"2022-10-27T11:28:11","slug":"centrifugeuse-extracteurj80-ultra-robot-coupe","status":"publish","type":"product","link":"https:\/\/aquatiss.com.tn\/fr\/produit\/centrifugeuse-extracteurj80-ultra-robot-coupe\/","title":{"rendered":"Centrifugeuse ExtracteurJ80 Ultra Robot coupe"},"content":{"rendered":"<p>Centrifugeuse ExtracteurJ80 Ultra Robot coupe<\/p>\n<p>Centrifugeuse- Extracteur Robot Coupe J 80 Ultra, parfaite pour pr\u00e9parer tous vos jus de l\u00e9gumes et fruits .<\/p>\n<p>Cette centrifugeuse professionnelle est automatique, elle poss\u00e8de une alimentation en continu et vous n&rsquo;avez pas besoin de poussoir.<\/p>\n<p>Cette centrifugeuse &#8211; Extracteur professionnelle sera un atout dans votre cuisine ou derri\u00e8re un bar.<br \/>\nLa marque Robot coupe vous pr\u00e9sente son mod\u00e8le compact\u00a0mais tr\u00e8s efficace de centrifugeuse. Panier centrifugeur compos\u00e9 d&rsquo;un disque rapeur et d&rsquo;un filtre en inox.<br \/>\nMettez vos fruits ou l\u00e9gumes dans sa goulotte de 79 mm de large assez grande pour des pommes et laissez l&rsquo;appareil faire le travail \u00e0 votre place.<br \/>\nCette centrifugeuse &#8211; extracteur pro vous permettra de confectionner jusqu&rsquo;\u00e0 120 litres\/heure. Sa hauteur utile est de 155 mm pour disposer sous son bec un verre ou une petite carafe.<\/p>\n<h4>Caract\u00e9ristiques techniques<\/h4>\n<p>Longueur (mm) : 235<br \/>\nProfondeur (mm) : 538<br \/>\nHauteur (mm) : 506<br \/>\nAlimentation : 220 \/ 230 V<br \/>\nPuissance (W) : 700<br \/>\nCapacit\u00e9 : 6,5<br \/>\nNombre de tours\/minute 3000<br \/>\nDiam\u00e8tre de la goulotte (mm) 79<\/p>\n<p>&nbsp;<\/p>\n<p>Moteur asynchrone.<br \/>\nEjection des d\u00e9chets en continu<br \/>\nD\u00e9bit jusqu&rsquo;\u00e0 120 kg\/h.<br \/>\nHauteur utile sous bec verseur : 16,2 cm<br \/>\nGoulotte automatique brevet\u00e9 d&rsquo;un diam\u00e8tre de 7,9 cm<br \/>\nPanier centrifugeur avec disque r\u00e2peur et filtre inox.<br \/>\nCuve en inox avec bec verseur anti-gouttes.<\/p>\n<h4>Centrifugeuse ExtracteurJ80 Ultra Robot coupe Livr\u00e9 avec<\/h4>\n<p>Bac \u00e0 r\u00e9sidus translucide 6,5 litres s&#8217;emboitant sous le tr\u00e9mie d&rsquo;\u00e9jection.<br \/>\nRamasse-gouttes<\/p>\n","protected":false},"excerpt":{"rendered":"<p><strong>Premi\u00e8re mondiale<\/strong> centrifugeuse \u00e0 goulotte automatique<\/p>\n<p>-Jusqu&rsquo;\u00e0 120 litres\/heure<br \/>\n-Automatique 3000 t\/minute<br \/>\n-Poussoir index\u00e9<br \/>\n-Puissant et silencieux 700W<br \/>\n-Collecteur de pulpe grande capacit\u00e9 6,5 litres<br \/>\n-Diam\u00e8tre de la goulotte 79mm<\/p>\n<p>Garantie 1 an<\/p>\n","protected":false},"featured_media":26499,"comment_status":"open","ping_status":"closed","template":"","meta":[],"product_cat":[1271,104],"product_tag":[],"class_list":["post-26498","product","type-product","status-publish","has-post-thumbnail","hentry","product_cat-centrifugeuse","product_cat-electromenager"],"_links":{"self":[{"href":"https:\/\/aquatiss.com.tn\/fr\/wp-json\/wp\/v2\/product\/26498","targetHints":{"allow":["GET"]}}],"collection":[{"href":"https:\/\/aquatiss.com.tn\/fr\/wp-json\/wp\/v2\/product"}],"about":[{"href":"https:\/\/aquatiss.com.tn\/fr\/wp-json\/wp\/v2\/types\/product"}],"replies":[{"embeddable":true,"href":"https:\/\/aquatiss.com.tn\/fr\/wp-json\/wp\/v2\/comments?post=26498"}],"wp:featuredmedia":[{"embeddable":true,"href":"https:\/\/aquatiss.com.tn\/fr\/wp-json\/wp\/v2\/media\/26499"}],"wp:attachment":[{"href":"https:\/\/aquatiss.com.tn\/fr\/wp-json\/wp\/v2\/media?parent=26498"}],"wp:term":[{"taxonomy":"product_cat","embeddable":true,"href":"https:\/\/aquatiss.com.tn\/fr\/wp-json\/wp\/v2\/product_cat?post=26498"},{"taxonomy":"product_tag","embeddable":true,"href":"https:\/\/aquatiss.com.tn\/fr\/wp-json\/wp\/v2\/product_tag?post=26498"}],"curies":[{"name":"wp","href":"https:\/\/api.w.org\/{rel}","templated":true}]}}