{"id":26501,"date":"2021-02-18T10:32:12","date_gmt":"2021-02-18T10:32:12","guid":{"rendered":"http:\/\/gator4082.temp.domains\/~aquatiss\/?post_type=product&#038;p=26501"},"modified":"2021-08-31T14:05:34","modified_gmt":"2021-08-31T14:05:34","slug":"centrifugeuse-extracteur-professionnel-65-santos","status":"publish","type":"product","link":"https:\/\/aquatiss.com.tn\/fr\/produit\/centrifugeuse-extracteur-professionnel-65-santos\/","title":{"rendered":"Centrifugeuse extracteur professionnel 65 SANTOS"},"content":{"rendered":"<p>Centrifugeuse extracteur professionnel 65 Santos<\/p>\n<p>Centrifugeuse extracteur professionnel 65 Santos est la solution pour tous les bars \u00e0 jus et restaurants, souhaitant r\u00e9aliser des jus frais, press\u00e9s \u00e0 froid, sur demande.<\/p>\n<p>Cette nouvelle fa\u00e7on d\u2019extraire du jus, en pressant tr\u00e8s lentement toutes sortes de fruits, l\u00e9gumes et herbes, permet de pr\u00e9server les vitamines, nutriments, enzymes et min\u00e9raux.<\/p>\n<p><strong>EXTRACTION IMMEDIATE: Pressez et buvez !<\/strong><\/p>\n<p>&#8211;\u00a0Extracteur de jus professionnel: Corps en aluminium et zone alimentaire 100% inox. Equip\u00e9 d\u2019un moteur asynchrone puissant et robuste.<br \/>\n&#8211; Une nouvelle fa\u00e7on d\u2019extraire du jus: Ajustez votre vitesse (5 \u00e0 80 tr\/min) et choisissez votre taille de filtre pour obtenir le jus que vous souhaitez.<br \/>\n&#8211; Des jus frais press\u00e9s \u00e0 froid, faits sur demande, en face du client. Les jus press\u00e9s \u00e0 froid conservent un maximum de nutriments, d\u2019enzymes, de min\u00e9raux et de vitamines.<br \/>\n&#8211; Goulotte d\u2019introduction XL: Large goulotte d\u2019introduction de \u00d879.5mm permettant de passer des fruits et l\u00e9gumes entiers.<br \/>\n&#8211; Facile \u00e0 nettoyer: Toutes les pi\u00e8ces en contact avec les aliments sont amovibles pour un nettoyage facile (Lavables au lave-vaisselle)<br \/>\n-Rendement exceptionnel: Extraction du jus maximale.<\/p>\n<p>Livr\u00e9 avec 1 filtre inox (trous de 0.3mm).<\/p>\n<p>100% fabriqu\u00e9\u00a0en France<\/p>\n<h3>caract\u00e9ristiques techniques Centrifugeuse extracteur professionnel 65 Santos<\/h3>\n<div class=\"block_slide\">\n<div>\n<div>\n<p><strong>Moteur<\/strong><\/p>\n<p>Monophas\u00e9<br \/>\n220 &#8211; 240 V &#8211; 50\/60 Hz &#8211; 400\u00a0W<br \/>\n100 &#8211; 120 V &#8211; 50\/60 Hz &#8211; 400\u00a0W<br \/>\n<strong>Vitesse:<\/strong><br \/>\nDe 5 \u00e0 80 tr\/min<\/p>\n<p><strong>Poids<\/strong><br \/>\nNet: 28.5\u00a0kg\u00a0 (62,8\u00a0lbs)<br \/>\nEmball\u00e9:\u00a031,3\u00a0kg (69\u00a0lbs)<\/p>\n<\/div>\n<\/div>\n<\/div>\n","protected":false},"excerpt":{"rendered":"<p>Brevets SANTOS syst\u00e8me de pressage \u00e0 froid, ce qui est une r\u00e9elle innovation sur le march\u00e9 !<\/p>\n<p>-Extracteur de jus professionnel<br \/>\n&#8211; Moteur asynchrone puissant silencieux<br \/>\n&#8211; Large goulotte inox 79.5mm<br \/>\n&#8211; D\u00e9bit jusqu&rsquo;\u00e0 60 Litres\/heure<br \/>\n&#8211; Pressage puissant 35 \u00e0 70 tr\/min<br \/>\n&#8211; Bec verseur d&rsquo;une hauteur de 21 cm<\/p>\n<p>Garantie : 2 ans<\/p>\n","protected":false},"featured_media":26502,"comment_status":"open","ping_status":"closed","template":"","meta":[],"product_cat":[1271,104],"product_tag":[],"class_list":["post-26501","product","type-product","status-publish","has-post-thumbnail","hentry","product_cat-centrifugeuse","product_cat-electromenager"],"_links":{"self":[{"href":"https:\/\/aquatiss.com.tn\/fr\/wp-json\/wp\/v2\/product\/26501","targetHints":{"allow":["GET"]}}],"collection":[{"href":"https:\/\/aquatiss.com.tn\/fr\/wp-json\/wp\/v2\/product"}],"about":[{"href":"https:\/\/aquatiss.com.tn\/fr\/wp-json\/wp\/v2\/types\/product"}],"replies":[{"embeddable":true,"href":"https:\/\/aquatiss.com.tn\/fr\/wp-json\/wp\/v2\/comments?post=26501"}],"wp:featuredmedia":[{"embeddable":true,"href":"https:\/\/aquatiss.com.tn\/fr\/wp-json\/wp\/v2\/media\/26502"}],"wp:attachment":[{"href":"https:\/\/aquatiss.com.tn\/fr\/wp-json\/wp\/v2\/media?parent=26501"}],"wp:term":[{"taxonomy":"product_cat","embeddable":true,"href":"https:\/\/aquatiss.com.tn\/fr\/wp-json\/wp\/v2\/product_cat?post=26501"},{"taxonomy":"product_tag","embeddable":true,"href":"https:\/\/aquatiss.com.tn\/fr\/wp-json\/wp\/v2\/product_tag?post=26501"}],"curies":[{"name":"wp","href":"https:\/\/api.w.org\/{rel}","templated":true}]}}