{"id":26504,"date":"2021-02-18T11:03:07","date_gmt":"2021-02-18T11:03:07","guid":{"rendered":"http:\/\/gator4082.temp.domains\/~aquatiss\/?post_type=product&#038;p=26504"},"modified":"2021-06-28T10:14:01","modified_gmt":"2021-06-28T10:14:01","slug":"centrifugeuse-easy-clean-50-santos","status":"publish","type":"product","link":"https:\/\/aquatiss.com.tn\/fr\/produit\/centrifugeuse-easy-clean-50-santos\/","title":{"rendered":"Centrifugeuse  Easy Clean 50 SANTOS"},"content":{"rendered":"<p>Centrifugeuse Easy Clean 50 Santos<\/p>\n<p>La centrifugeuse Santos\u00a0 n\u00b050 particuli\u00e8rement silencieuse est con\u00e7ue pour extraire le maximum de pur jus et de vitamines de la plupart des fruits et l\u00e9gumes,<\/p>\n<p>ce produit est id\u00e9al pour les bars \u00e0 jus et les fervents de di\u00e9t\u00e9tique .<\/p>\n<p>Vous pouvez passer les fruits entiers avec cette centrifugeuse professionnelle pour extraire le maximum de jus frais naturel de la plupart des fruits et l\u00e9gumes.<\/p>\n<p>A souligner, il n&rsquo;est pas n\u00e9cessaire de couper les ingr\u00e9dients en petits morceaux gr\u00e2ce \u00e0 une goulotte d&rsquo;introduction de grand diam\u00e8tre : 79.5mm .<br \/>\nAvec un rendement moyen de 70% (7 litres de jus pour 10 kg de fruits) :<\/p>\n<p>la centrifugeuse Santos peut extraire le jus et les vitamines de la plupart des fruits et l\u00e9gumes (les agrumes doivent \u00eatre pel\u00e9es).<\/p>\n<p>Adapt\u00e9 \u00e0 tous les fruits et l\u00e9gumes (les agrumes doivent \u00eatre pel\u00e9s), la centrifugeuse \u00ab\u00a0Santos juicer\u00a0\u00bb r\u00e9alise jus de fruits et de l\u00e9gumes , cocktails , coulis, fonds de sauces, sorbets, glaces&#8230;.<\/p>\n<h4>Points fort<\/h4>\n<p>Panier de centrifugation en t\u00f4le d&rsquo;acier inox perfor\u00e9 (trous 0,5 mm)<br \/>\nGros d\u00e9bit : jusqu&rsquo;\u00e0 100 litres \u00e0 l&rsquo;heure<br \/>\nProduction de jus en continu avec \u00e9jection automatique de la pulpe dans un conteneur<br \/>\nLarge orifice d&rsquo;introduction circulaire (diam\u00e8tre 79 mm)<br \/>\nHauteur de bec 200 mm &#8211;<br \/>\nSyst\u00e8me brevet\u00e9 de verrouillage et d\u00e9verrouillage par levier<br \/>\nS\u00e9curit\u00e9 totale \u00e0 l&rsquo;ouverture : coupure \u00e9lectrique et frein moteur<br \/>\nToutes les parties amovibles peuvent \u00eatre mises au lave-vaisselle<br \/>\nUtilisation et nettoyage facile<\/p>\n<h4><span class=\"item_carac\">Caract\u00e9ristiques techniques\u00a0<\/span><\/h4>\n<p>Dimensions ext\u00e9rieures L x P x H : 260 x 470 x 450<br \/>\nPoids : 16 kg<br \/>\nVitesse : 3000 tr\/mn \u00e0 50 Hz, 3600 tr\/mn \u00e0 60 Hz<br \/>\nPuissance : 800 W en voltage 220-240 V, 1300 W en voltage 100 &#8211; 120 V<\/p>\n<p>&nbsp;<\/p>\n","protected":false},"excerpt":{"rendered":"<p>D\u00e9di\u00e9e aux bars \u00e0 jus, h\u00f4tels, collectivit\u00e9s et restaurants ainsi qu\u2019aux p\u00e2tisseries-glaceries en utilisation intensive<\/p>\n<p>-D\u00e9bit : 100 L\/heure<br \/>\n-Vitesse : 3 300 tr\/min<br \/>\n-Puissance : 800 W<br \/>\n-Moteur Asynchrone<br \/>\n-Robuste et Silencieux<br \/>\n<strong>Garantie :<\/strong> 2 ans<\/p>\n","protected":false},"featured_media":26505,"comment_status":"open","ping_status":"closed","template":"","meta":[],"product_cat":[1271,104],"product_tag":[],"class_list":["post-26504","product","type-product","status-publish","has-post-thumbnail","hentry","product_cat-centrifugeuse","product_cat-electromenager"],"_links":{"self":[{"href":"https:\/\/aquatiss.com.tn\/fr\/wp-json\/wp\/v2\/product\/26504","targetHints":{"allow":["GET"]}}],"collection":[{"href":"https:\/\/aquatiss.com.tn\/fr\/wp-json\/wp\/v2\/product"}],"about":[{"href":"https:\/\/aquatiss.com.tn\/fr\/wp-json\/wp\/v2\/types\/product"}],"replies":[{"embeddable":true,"href":"https:\/\/aquatiss.com.tn\/fr\/wp-json\/wp\/v2\/comments?post=26504"}],"wp:featuredmedia":[{"embeddable":true,"href":"https:\/\/aquatiss.com.tn\/fr\/wp-json\/wp\/v2\/media\/26505"}],"wp:attachment":[{"href":"https:\/\/aquatiss.com.tn\/fr\/wp-json\/wp\/v2\/media?parent=26504"}],"wp:term":[{"taxonomy":"product_cat","embeddable":true,"href":"https:\/\/aquatiss.com.tn\/fr\/wp-json\/wp\/v2\/product_cat?post=26504"},{"taxonomy":"product_tag","embeddable":true,"href":"https:\/\/aquatiss.com.tn\/fr\/wp-json\/wp\/v2\/product_tag?post=26504"}],"curies":[{"name":"wp","href":"https:\/\/api.w.org\/{rel}","templated":true}]}}