{"id":26506,"date":"2021-02-18T13:47:10","date_gmt":"2021-02-18T13:47:10","guid":{"rendered":"http:\/\/gator4082.temp.domains\/~aquatiss\/?post_type=product&#038;p=26506"},"modified":"2021-02-18T13:47:10","modified_gmt":"2021-02-18T13:47:10","slug":"centrifugeuse-68-miracle-santos","status":"publish","type":"product","link":"https:\/\/aquatiss.com.tn\/fr\/produit\/centrifugeuse-68-miracle-santos\/","title":{"rendered":"Centrifugeuse  68 Miracle SANTOS"},"content":{"rendered":"<p>Centrifugeuse 68 Miracle SANTOS<\/p>\n<p>La centrifugeuse \u00ab\u00a0Miracle Edition\u00a0\u00bb N\u00b068 est le r\u00e9sultat des 60 ann\u00e9es d&rsquo;exp\u00e9rience de Santos dans le domaine des jus de fruits et l\u00e9gumes frais.<br \/>\nPuissante, robuste et facile \u00e0 nettoyer, c&rsquo;est l&rsquo;outil incontournable des Bars \u00e0 Jus, boutiques de di\u00e9t\u00e9tique, h\u00f4tels, bars, restaurants, caf\u00e9t\u00e9rias, glaciers&#8230;<br \/>\nL&rsquo;\u00e9dition Miracle et la centrifugeuse la plus aboutie du march\u00e9. Elle offre une grande efficacit\u00e9 et est adapt\u00e9e \u00e0 une utilisation intensive.<\/p>\n<h4>Fiabilit\u00e9, robustesse, performance :<\/h4>\n<p>Goulotte d\u2019introduction extra large \u00d8 79,5 mm : vous pouvez passer des fruits et l\u00e9gumes entiers.<br \/>\nD\u00e9bit exceptionnel jusqu\u2019\u00e0 : 140 L\/h de jus par heure (correspond \u00e0 200 kg\/h).<\/p>\n<p>Hauteur du bec verseur : 228 mm, pour r\u00e9aliser du jus en continu au pichet, ou au verre \u00e0 verre, ou verser dans un bol de blender.<br \/>\nLe moteur et les paniers sont calibr\u00e9s pour extraire le maximum du jus.<\/p>\n<p>Filtration parfaite pour un jus de grande qualit\u00e9 : grand panier avec tamis tr\u00e8s fin, trous de \u00d8 0,5 mm.<br \/>\n(Panier avec trous de \u00d8 0,8 mm disponible en option : pour les fruits fibreux, les coulis plus cr\u00e9meux et les sauces plus \u00e9paisses).<br \/>\nZone alimentaire tout inox : pas d&rsquo;aluminium.<\/p>\n<p>Syst\u00e8me brevet\u00e9 Ezy-clean\u2122 II nouvelle g\u00e9n\u00e9ration : couvercle, cuve et panier amovibles (sans outil) pour un nettoyage simplifi\u00e9 et encore plus rapide. Fiable et robuste pour une fixation parfaite du panier.<\/p>\n<p>Extr\u00eamement robuste : pas de plastique dans la zone d&rsquo;entrainement.<br \/>\nFiltration parfaite : jus de grande qualit\u00e9 sans pulpes de fruits, m\u00eame en usage intensif.<br \/>\nPr\u00e9servation des vitamines : conserve les vitamines des fruits et l\u00e9gumes.<\/p>\n<h3>S\u00e9curit\u00e9 et Hygi\u00e8ne :<\/h3>\n<p><strong>S\u00e9curit\u00e9 thermique<\/strong> :<br \/>\nMoteur \u00e9quip\u00e9 d\u2019un protecteur thermique et de surcharge.<br \/>\n<strong>S\u00e9curit\u00e9 \u00e9lectrique<\/strong> :<br \/>\nInterrupteur \u00e0 manque de tension.<br \/>\nToutes les parties m\u00e9talliques sont reli\u00e9es \u00e0 la terre.<br \/>\nTout les appareils sont contr\u00f4l\u00e9s apr\u00e8s fabrication.<br \/>\n<strong>S\u00e9curit\u00e9 acoustique<\/strong> :<br \/>\nMoteur asynchrone silencieux.<br \/>\n<strong>S\u00e9curit\u00e9 m\u00e9canique<\/strong> :<br \/>\nFrein \u00e0 friction stoppant imm\u00e9diatement le panier \u00e0 l\u2019ouverture.<br \/>\n<strong>Hygi\u00e8ne<\/strong> :<br \/>\nToutes les parties amovibles peuvent \u00eatre mises au lave-vaisselle ou nettoy\u00e9es ais\u00e9ment \u00e0 l\u2019eau chaude savonneuse.<\/p>\n<p><strong>Fabrication fran\u00e7aise<\/strong><br \/>\nAlimentation (V)230 V \/ 50\/60 Hz<br \/>\nPoids net (kg)25 kg<br \/>\nPoids brut (kg)28 kg<br \/>\nDimensions ext\u00e9rieures (mm)L 330 x P 562 x H 606<br \/>\nPuissance (W)1300 W<br \/>\nD\u00e9bit maxi extraction140 L\/h<\/p>\n<p>Tours minute RPM3000 tr\/min (50 Hz)<\/p>\n","protected":false},"excerpt":{"rendered":"<p>Miracle et la centrifugeuse la plus aboutie du march\u00e9<\/p>\n<p>Fabrication fran\u00e7aise<br \/>\n140 L\/h de jus par heure<br \/>\nHauteur du bec verseur : 228 mm<br \/>\nMoteur protection thermique et surcharge<br \/>\nGoulotte d\u2019introduction extra large \u00d8 79,5 mm<br \/>\nMoteur asynchrone silencieux<br \/>\nFrein \u00e0 friction stoppant le panier \u00e0 l\u2019ouverture<\/p>\n<p><strong>Garantie<\/strong> : 2 ans.<\/p>\n","protected":false},"featured_media":26507,"comment_status":"open","ping_status":"closed","template":"","meta":[],"product_cat":[1271,104],"product_tag":[],"class_list":["post-26506","product","type-product","status-publish","has-post-thumbnail","hentry","product_cat-centrifugeuse","product_cat-electromenager"],"_links":{"self":[{"href":"https:\/\/aquatiss.com.tn\/fr\/wp-json\/wp\/v2\/product\/26506","targetHints":{"allow":["GET"]}}],"collection":[{"href":"https:\/\/aquatiss.com.tn\/fr\/wp-json\/wp\/v2\/product"}],"about":[{"href":"https:\/\/aquatiss.com.tn\/fr\/wp-json\/wp\/v2\/types\/product"}],"replies":[{"embeddable":true,"href":"https:\/\/aquatiss.com.tn\/fr\/wp-json\/wp\/v2\/comments?post=26506"}],"wp:featuredmedia":[{"embeddable":true,"href":"https:\/\/aquatiss.com.tn\/fr\/wp-json\/wp\/v2\/media\/26507"}],"wp:attachment":[{"href":"https:\/\/aquatiss.com.tn\/fr\/wp-json\/wp\/v2\/media?parent=26506"}],"wp:term":[{"taxonomy":"product_cat","embeddable":true,"href":"https:\/\/aquatiss.com.tn\/fr\/wp-json\/wp\/v2\/product_cat?post=26506"},{"taxonomy":"product_tag","embeddable":true,"href":"https:\/\/aquatiss.com.tn\/fr\/wp-json\/wp\/v2\/product_tag?post=26506"}],"curies":[{"name":"wp","href":"https:\/\/api.w.org\/{rel}","templated":true}]}}