{"id":26508,"date":"2021-02-25T09:22:13","date_gmt":"2021-02-25T09:22:13","guid":{"rendered":"http:\/\/gator4082.temp.domains\/~aquatiss\/?post_type=product&#038;p=26508"},"modified":"2022-03-25T09:25:19","modified_gmt":"2022-03-25T09:25:19","slug":"mixeur-37-bol-2l-transparent-santos","status":"publish","type":"product","link":"https:\/\/aquatiss.com.tn\/fr\/produit\/mixeur-37-bol-2l-transparent-santos\/","title":{"rendered":"Mixeur 37 bol 2L transparent SANTOS"},"content":{"rendered":"<p>Mixeur 37 bol 2L transparent SANTOS<\/p>\n<p>Ce blender de cuisine est destin\u00e9 aux restaurants, collectivit\u00e9s, h\u00f4pitaux, cr\u00e8ches, h\u00f4tels et glaciers.<\/p>\n<p>C&rsquo;est l&rsquo;appareil id\u00e9al pour mixer, \u00e9mulsionner, broyer toutes sortes de pr\u00e9parations chaudes ou<br \/>\nfroides tels que gaspachos, velout\u00e9s, pur\u00e9es, cr\u00e8mes&#8230;<\/p>\n<p>Adapt\u00e9 \u00e0 une utilisation intensive gr\u00e2ce \u00e0 son moteur professionnel silencieux, puissant et<br \/>\nfiable et ses nouveaux couteaux tr\u00e8s r\u00e9sistants pouvant broyer rapidement les \u00e9l\u00e9ments les plus durs<br \/>\n(gla\u00e7ons, carcasse de homard).<\/p>\n<p>Grande qualit\u00e9 de mixage: Variateur de vitesse (de 0 \u00e0 15 000 tr\/min) cr\u00e9ant un vortex puissant.<br \/>\nFonction pulse (18 000 tr\/min) pour un r\u00e9sultat optimal.<\/p>\n<p>Syst\u00e8me de s\u00e9curit\u00e9 exclusif Santosafe\u00ae verrouillant le bol et le couvercle pour une utilisation mains libres.<\/p>\n<p>Bouchon amovible sur le couvercle pour ajouter des ingr\u00e9dients en cours de mixage.<\/p>\n<p>Une gamme compl\u00e8te de bols est disponible: 2 litres\u00a0 transparent (sans bisph\u00e9nol A).<\/p>\n<p>Construit pour durer, il a re\u00e7u le Label Longtime qui t\u00e9moigne de sa robustesse et de sa durabilit\u00e9!<\/p>\n<p>100% fabriqu\u00e9 en France<\/p>\n<p>&nbsp;<\/p>\n<h4>CARACTERISTIQUES Mixeur 37 bol 2L transparent SANTOS<\/h4>\n<p>Moteur Monophas\u00e9220 &#8211; 240 V &#8211; 50\/60 Hz &#8211; 1200 W<br \/>\nVitesseDe 0 \u00e0 18000 tr\/min (50\/60 Hz)<br \/>\nPoids Net: 8,96 kg (24 lbs)<br \/>\nDimensions P: 310 mm L: 210 mm H: 560 mm<\/p>\n<p>&nbsp;<\/p>\n<p>&nbsp;<\/p>\n","protected":false},"excerpt":{"rendered":"<p>100% fabriqu\u00e9 en France<\/p>\n<p>&#8211;\u00a0 Label Longtime qui t\u00e9moigne de sa robustesse et de sa durabilit\u00e9<br \/>\n&#8211; Bol 2L transparent en plastique de grande robustesse\u00a0 \u00a0 \u00a0 \u00a0 \u00a0 \u00a0 \u00a0 \u00a0 \u00a0 \u00a0 \u00a0 \u00a0 \u00a0 \u00a0 \u00a0 \u00a0 \u00a0 (sans bisph\u00e9nol A)<br \/>\n&#8211; Variateur de vitesse (de 0 \u00e0 15 000 tr\/min)<br \/>\n&#8211; Moteur Monophas\u00e9 220 &#8211; 240 V &#8211; 50\/60 Hz &#8211; 1200 W<\/p>\n","protected":false},"featured_media":32275,"comment_status":"open","ping_status":"closed","template":"","meta":[],"product_cat":[104,531],"product_tag":[],"class_list":["post-26508","product","type-product","status-publish","has-post-thumbnail","hentry","product_cat-electromenager","product_cat-mixeur"],"_links":{"self":[{"href":"https:\/\/aquatiss.com.tn\/fr\/wp-json\/wp\/v2\/product\/26508","targetHints":{"allow":["GET"]}}],"collection":[{"href":"https:\/\/aquatiss.com.tn\/fr\/wp-json\/wp\/v2\/product"}],"about":[{"href":"https:\/\/aquatiss.com.tn\/fr\/wp-json\/wp\/v2\/types\/product"}],"replies":[{"embeddable":true,"href":"https:\/\/aquatiss.com.tn\/fr\/wp-json\/wp\/v2\/comments?post=26508"}],"wp:featuredmedia":[{"embeddable":true,"href":"https:\/\/aquatiss.com.tn\/fr\/wp-json\/wp\/v2\/media\/32275"}],"wp:attachment":[{"href":"https:\/\/aquatiss.com.tn\/fr\/wp-json\/wp\/v2\/media?parent=26508"}],"wp:term":[{"taxonomy":"product_cat","embeddable":true,"href":"https:\/\/aquatiss.com.tn\/fr\/wp-json\/wp\/v2\/product_cat?post=26508"},{"taxonomy":"product_tag","embeddable":true,"href":"https:\/\/aquatiss.com.tn\/fr\/wp-json\/wp\/v2\/product_tag?post=26508"}],"curies":[{"name":"wp","href":"https:\/\/api.w.org\/{rel}","templated":true}]}}