{"id":26547,"date":"2021-02-25T09:52:53","date_gmt":"2021-02-25T09:52:53","guid":{"rendered":"http:\/\/gator4082.temp.domains\/~aquatiss\/nos-produits\/presse-agrumes-evolution-70-santos-300-watt\/"},"modified":"2022-01-26T13:37:51","modified_gmt":"2022-01-26T13:37:51","slug":"presse-agrumes-evolution-70-santos-300-watt","status":"publish","type":"product","link":"https:\/\/aquatiss.com.tn\/fr\/produit\/presse-agrumes-evolution-70-santos-300-watt\/","title":{"rendered":"Presse agrumes EVOLUTION 70 SANTOS 300 watt"},"content":{"rendered":"<p>Presse agrumes EVOLUTION 70 SANTOS 300 watt<\/p>\n<h5><b>L&rsquo;authentique presse-agrumes Santos agrumes \u00e9lectriques depuis 1954, \u00e0 utiliser partout o\u00f9 l&rsquo;on consomme du jus d&rsquo;agrumes fra\u00eechement press\u00e9: boutiques de di\u00e9t\u00e9tique, h\u00f4tels, bars, restaurants, collectivit\u00e9s . . .<\/b><\/h5>\n<p>Le presse-agrumes gros d\u00e9bit \u00e0 levier est \u00e0 utiliser partout o\u00f9 l&rsquo;on consomme du jus d&rsquo;agrumes fra\u00eechement press\u00e9 : bars \u00e0 jus, boutiques de di\u00e9t\u00e9tiques, h\u00f4tels, bars, restaurants&#8230;<\/p>\n<p>Presse-agrumes professionnel adapt\u00e9 \u00e0 un usage intensif gr\u00e2ce \u00e0 son moteur asynchrone puissant et son d\u00e9bit \u00e9lev\u00e9.<\/p>\n<p>Livr\u00e9 avec une ogive universelle pour oranges, citrons, citrons verts et pamplemousses.<\/p>\n<p>Facile \u00e0 utiliser : d\u00e9marrage automatique quand on appuie sur le levier (syst\u00e8me d&#8217;embrayage brevet\u00e9).<\/p>\n<p>Facile \u00e0 nettoyer : cuve, ogive et coupelle amovibles<\/p>\n<p>Hauteur du bec : 220mm (8.6&Prime;), pour r\u00e9aliser du jus en continu au pichet ou au verre \u00e0 verre.<\/p>\n<p>D\u00e9bit moyen : 50 l\/h<\/p>\n<p>Option : Rehausse-verre disponible sur demande<\/p>\n<p>Construit pour durer, il a re\u00e7u le Label Long time qui t\u00e9moigne de sa robustesse et de sa durabilit\u00e9 !<\/p>\n<p>&nbsp;<\/p>\n<p>100% fabriqu\u00e9 en France<\/p>\n<h3>CARACT\u00c9RISTIQUES TECHNIQUES Presse agrumes professionnel EVOLUTION 70 SANTOS 300 watt<\/h3>\n<div class=\"block_slide\">\n<div>\n<p>Moteur<\/p>\n<\/div>\n<p>Monophas\u00e9\u00a0 \u00a0 \u00a0 \u00a0 \u00a0 \u00a0 \u00a0 \u00a0 \u00a0 \u00a0 \u00a0 \u00a0 \u00a0 \u00a0 \u00a0 \u00a0220-240V &#8211; 50\/60 Hz &#8211; 130 W-100-120V &#8211; 50\/60 Hz &#8211; 300 W<br \/>\nVitesse\u00a0 \u00a0 \u00a0 \u00a0 \u00a0 \u00a0 \u00a0 \u00a0 \u00a0 \u00a0 \u00a0 \u00a0 \u00a0 \u00a0 \u00a0 \u00a0 \u00a0 \u00a0 \u00a0 \u00a01500 tr\/min (50 Hz) 1800 tr\/min (60 Hz)<br \/>\nPoids Poids net\u00a0 \u00a0 \u00a0 \u00a0 \u00a0 \u00a0 \u00a0 \u00a0 \u00a0 \u00a0 \u00a0 \u00a0 13.4 Kg<br \/>\nEmball\u00e9\u00a0 \u00a0 \u00a0 \u00a0 \u00a0 \u00a0 \u00a0 \u00a0 \u00a0 \u00a0 \u00a0 \u00a0 \u00a0 \u00a0 \u00a0 \u00a0 \u00a0 \u00a0 \u00a014.5 Kg<\/p>\n<p>Dimensions Appareil Emball\u00e9 (boite)<br \/>\nHauteur\u00a0 \u00a0 \u00a0 \u00a0 \u00a0 \u00a0 \u00a0 \u00a0 \u00a0 \u00a0 \u00a0 \u00a0 \u00a0 \u00a0 \u00a0 \u00a0 \u00a0 \u00a0440mm<br \/>\nLargeur\u00a0 \u00a0 \u00a0 \u00a0 \u00a0 \u00a0 \u00a0 \u00a0 \u00a0 \u00a0 \u00a0 \u00a0 \u00a0 \u00a0 \u00a0 \u00a0 \u00a0 \u00a0 \u00a0280 mm<br \/>\nProfondeur\u00a0 \u00a0 \u00a0 \u00a0 \u00a0 \u00a0 \u00a0 \u00a0 \u00a0 \u00a0 \u00a0 \u00a0 \u00a0 \u00a0 \u00a0 540 mm (12&Prime;) 340 mm (13&Prime;)<br \/>\nHauteur du bec\u00a0 \u00a0 \u00a0 \u00a0 \u00a0 \u00a0 \u00a0 \u00a0 \u00a0 \u00a0 \u00a0 \u00a0220 mm<\/p>\n<div>\n<p>&nbsp;<\/p>\n<\/div>\n<div>\n<div class=\"standard-compliance\">\n<p><a href=\"http:\/\/info.nsf.org\/Certified\/Food\/Listings.asp?TradeName=&amp;CompanyName=SANTOS&amp;PlantState=&amp;PlantCountry=&amp;PlantRegion=&amp;Standard=008&amp;search=SEARCH\" target=\"_blank\" rel=\"noopener noreferrer\"><img decoding=\"async\" src=\"https:\/\/www.santos.fr\/media\/ftp\/normes\/NSF.png\" alt=\"NSF\" class=\"no-lazyload\" \/><\/a><img decoding=\"async\" src=\"https:\/\/www.santos.fr\/media\/ftp\/normes\/CE.png\" alt=\"CE\" class=\"no-lazyload\" \/><img decoding=\"async\" src=\"https:\/\/www.santos.fr\/media\/ftp\/normes\/RoHs.jpg\" alt=\"RoHs\" class=\"no-lazyload\" \/><\/p>\n<\/div>\n<\/div>\n<div>\n<p>&nbsp;<\/p>\n<\/div>\n<\/div>\n","protected":false},"excerpt":{"rendered":"<p><strong><span style=\"color: #ff0000;\">Garantie : 1 ans<\/span><\/strong><\/p>\n<p>L&rsquo;authentique presse-agrumes Santos <strong><span style=\"font-size: 14pt;\">300watt<\/span><\/strong> depuis 1954, \u00e0 utiliser partout o\u00f9 l&rsquo;on consomme du jus d&rsquo;agrumes fra\u00eechement press\u00e9 Citron fruits jus d&rsquo;orange : boutiques de di\u00e9t\u00e9tique, h\u00f4tels, bars, restaurants, collectivit\u00e9s&#8230;<\/p>\n<p>&#8211;\u00a0 D\u00e9bit : 50 L\/heure<br \/>\n&#8211; Vitesse : 1 500 tr\/min<br \/>\n&#8211; Puissance : 300 W<br \/>\n&#8211; Moteur Asynchrone<br \/>\n&#8211; Robuste et Silencieux<\/p>\n<p><strong>Garantie<\/strong> :\u00a02 ans<\/p>\n","protected":false},"featured_media":26548,"comment_status":"open","ping_status":"closed","template":"","meta":[],"product_cat":[572],"product_tag":[],"class_list":["post-26547","product","type-product","status-publish","has-post-thumbnail","hentry","product_cat-presse-agrumes"],"_links":{"self":[{"href":"https:\/\/aquatiss.com.tn\/fr\/wp-json\/wp\/v2\/product\/26547","targetHints":{"allow":["GET"]}}],"collection":[{"href":"https:\/\/aquatiss.com.tn\/fr\/wp-json\/wp\/v2\/product"}],"about":[{"href":"https:\/\/aquatiss.com.tn\/fr\/wp-json\/wp\/v2\/types\/product"}],"replies":[{"embeddable":true,"href":"https:\/\/aquatiss.com.tn\/fr\/wp-json\/wp\/v2\/comments?post=26547"}],"wp:featuredmedia":[{"embeddable":true,"href":"https:\/\/aquatiss.com.tn\/fr\/wp-json\/wp\/v2\/media\/26548"}],"wp:attachment":[{"href":"https:\/\/aquatiss.com.tn\/fr\/wp-json\/wp\/v2\/media?parent=26547"}],"wp:term":[{"taxonomy":"product_cat","embeddable":true,"href":"https:\/\/aquatiss.com.tn\/fr\/wp-json\/wp\/v2\/product_cat?post=26547"},{"taxonomy":"product_tag","embeddable":true,"href":"https:\/\/aquatiss.com.tn\/fr\/wp-json\/wp\/v2\/product_tag?post=26547"}],"curies":[{"name":"wp","href":"https:\/\/api.w.org\/{rel}","templated":true}]}}