{"id":2666,"date":"2017-02-20T14:20:32","date_gmt":"2017-02-20T14:20:32","guid":{"rendered":"http:\/\/gator4082.temp.domains\/~aquatiss\/produit\/destructeurs-dinsectes-2x15w-copie-2\/"},"modified":"2026-03-18T08:06:03","modified_gmt":"2026-03-18T08:06:03","slug":"destructeurs-insectes-professionnel-2x20w-430m%c2%b2-moel","status":"publish","type":"product","link":"https:\/\/aquatiss.com.tn\/fr\/produit\/destructeurs-insectes-professionnel-2x20w-430m%c2%b2-moel\/","title":{"rendered":"Destructeurs insectes professionnel 2x20W- 430m\u00b2 MOEL"},"content":{"rendered":"<p>Destructeurs insectes professionnel 2x20W- 430m\u00b2 MOEL<\/p>\n<p>tue mouche Electrique &#8211; Anti Moustiques<\/p>\n<p>Il s\u2019agit d\u2019un produit d\u2019excellentes performances, m\u00eame dans des conditions de travail difficiles.<br \/>\nLa grille externe galvanis\u00e9e est \u00e9quip\u00e9 d&rsquo;un dispositif de mise \u00e0 la terre, afin d&rsquo;\u00e9viter des blessures aux personnes: au cas o\u00f9 des jets d&rsquo;eau atteignent le dispositif<br \/>\nLe courant circule du r\u00e9seau \u00e0 haute tension \u00e0 la grille de protection.<br \/>\nDans le cas o\u00f9 un retrait des grilles de protection externe, un interrupteur de s\u00e9curit\u00e9 coupe la tension aux grilles internes.<br \/>\nDeux lampes UV-A puissantes de 20W g\u00e9n\u00e8rent un rendement lumineux de 40W et une gamme d&rsquo;environ 12-15 m\u00e8tres<br \/>\nLes fils de la lampe sont \u00e9tanches \u00e0 l&rsquo;eau, afin d&#8217;emp\u00eacher l&rsquo;entr\u00e9e d&rsquo;eau ou de poussi\u00e8re.<br \/>\nCr\u00e9\u00e9 pour assurer l&rsquo;hygi\u00e8ne et la s\u00e9curit\u00e9, ce mod\u00e8le est approuv\u00e9 par IMQ en classe IPX 4.<br \/>\nProt\u00e9g\u00e9 contre l&rsquo;eau, appropri\u00e9 et s\u00fbr pour une installation ext\u00e9rieure permanente.<br \/>\nDes pi\u00e8ces en plastiques qui sont test\u00e9es contre l\u2019oxydation<br \/>\nLe corps entier est test\u00e9 pour durer \u00e0 la fois extr\u00eame chaleur et la s\u00e9cheresse que pour r\u00e9sister au froid.<br \/>\nLes grilles conservent leur efficacit\u00e9 dans le temps en raison de la haute tension de d\u00e9charge et les tiges \u00e9lectrifi\u00e9es espac\u00e9s afin qu&rsquo;ils ne deviennent pas sales.<\/p>\n<p>-Tension d&rsquo;alimentation: 230 V ~ 50 Hz<br \/>\n-Rayon d&rsquo;action: 430 m\u00b2<br \/>\n-D\u00e9charger la tension: 5000 V<br \/>\n-La consommation totale d&rsquo;\u00e9nergie: 65 W<br \/>\n-Lampes UV-A: 2&#215;20 W<br \/>\n-Vie de la lampe: 3000 h<br \/>\n-\u00c9quipement de s\u00e9rie: Chain<br \/>\n-Degr\u00e9 de protection contre l&rsquo;eau: IPX4<br \/>\n-Classe d&rsquo;isolation: I<\/p>\n","protected":false},"excerpt":{"rendered":"<p>-Tension d&rsquo;alimentation: 230V ~ 50Hz<br \/>\n-Rayon d&rsquo;action: 430m\u00b2<br \/>\n-D\u00e9charger la tension: 5000V<br \/>\n-La consommation totale d&rsquo;\u00e9nergie: 65W<br \/>\n-Lampes UV-A: 2x20W<br \/>\n-Vie de la lampe: 3000 h<br \/>\n-\u00c9quipement de s\u00e9rie: Chain<br \/>\n-Degr\u00e9 de protection contre l&rsquo;eau: IPX4<br \/>\n-Classe d&rsquo;isolation: I<\/p>\n","protected":false},"featured_media":2667,"comment_status":"open","ping_status":"closed","template":"","meta":[],"product_cat":[116,108],"product_tag":[700],"class_list":["post-2666","product","type-product","status-publish","has-post-thumbnail","hentry","product_cat-destructeur-dinsectes","product_cat-hygiene","product_tag-destructeurs-dinsecte","pa_domaine-collectivites","pa_domaine-entreprise","pa_domaine-food","pa_domaine-hotel","pa_domaine-industrie","pa_domaine-medical","pa_puissance-2x15w","pa_puissance-2x20w"],"_links":{"self":[{"href":"https:\/\/aquatiss.com.tn\/fr\/wp-json\/wp\/v2\/product\/2666","targetHints":{"allow":["GET"]}}],"collection":[{"href":"https:\/\/aquatiss.com.tn\/fr\/wp-json\/wp\/v2\/product"}],"about":[{"href":"https:\/\/aquatiss.com.tn\/fr\/wp-json\/wp\/v2\/types\/product"}],"replies":[{"embeddable":true,"href":"https:\/\/aquatiss.com.tn\/fr\/wp-json\/wp\/v2\/comments?post=2666"}],"wp:featuredmedia":[{"embeddable":true,"href":"https:\/\/aquatiss.com.tn\/fr\/wp-json\/wp\/v2\/media\/2667"}],"wp:attachment":[{"href":"https:\/\/aquatiss.com.tn\/fr\/wp-json\/wp\/v2\/media?parent=2666"}],"wp:term":[{"taxonomy":"product_cat","embeddable":true,"href":"https:\/\/aquatiss.com.tn\/fr\/wp-json\/wp\/v2\/product_cat?post=2666"},{"taxonomy":"product_tag","embeddable":true,"href":"https:\/\/aquatiss.com.tn\/fr\/wp-json\/wp\/v2\/product_tag?post=2666"}],"curies":[{"name":"wp","href":"https:\/\/api.w.org\/{rel}","templated":true}]}}