{"id":2668,"date":"2017-02-20T14:58:45","date_gmt":"2017-02-20T13:58:45","guid":{"rendered":"http:\/\/gator4082.temp.domains\/~aquatiss\/produit\/destructeur-dinsectes-2x30w\/"},"modified":"2022-06-03T15:10:46","modified_gmt":"2022-06-03T15:10:46","slug":"destructeur-insectes-electrique","status":"publish","type":"product","link":"https:\/\/aquatiss.com.tn\/fr\/produit\/destructeur-insectes-electrique\/","title":{"rendered":"Destructeur insectes Electrique"},"content":{"rendered":"<p><strong>Utilisation et entretien de Destructeur d&rsquo;insectes<\/strong><br \/>\nLa grille destructeur d&rsquo;insectes fonctionne en attirant les insectes volants au moyen d&rsquo;une lumi\u00e8re ultra-violet<br \/>\nAu contact de la grille, il se produit une d\u00e9charge de bas amp\u00e9rage qui \u00e9lectrocute les insectes de fa\u00e7on instantan\u00e9e.<\/p>\n<p><strong>Espaces couverts:<\/strong><\/p>\n<p>2*15W:380m\u00b2<\/p>\n<p>2*20W:430m\u00b2<\/p>\n<p>2*40w:800m\u00b2<br \/>\n<strong>Installation:<\/strong><br \/>\n&#8211; La grille dispose de deux logements sur la partie sup\u00e9rieure permettant la suspension d&rsquo;une cha\u00eene au plafond<br \/>\n&#8211; Placez-la de pr\u00e9f\u00e9rence loin des murs et des colonnes profiter au maximum de sa capacit\u00e9 d&rsquo;attraction.<br \/>\n&#8211; Connecter le c\u00e2ble \u00e9lectrique \u00e0 une prise de 230V\/50Hz.<br \/>\n<strong> Nettoyage <\/strong><br \/>\n&#8211; D\u00e9brancher la grille et attendre environ 15 minutes.<br \/>\n&#8211; Retirer et vider les insectes du plateau inf\u00e9rieur.<br \/>\n&#8211; Nettoyer la partie ext\u00e9rieure avec un tissu humide et utiliser un pinceau ou brosse sec pour la grille int\u00e9rieure.<br \/>\n<strong>IMPORTANT :<\/strong> Ne pas toucher l&rsquo;int\u00e9rieur de la grille avec les mains, que lorsqu&rsquo;elle<br \/>\nest d\u00e9branch\u00e9e.<\/p>\n<p>\u2022 Voltage : 220 &#8211; 240 V<br \/>\n\u2022 Fr\u00e9quence : 50 &#8211; 60 Hz<\/p>\n","protected":false},"excerpt":{"rendered":"<p>\u2022 Voltage : 220 &#8211; 240 V<br \/>\n\u2022 Fr\u00e9quence : 50 &#8211; 60 Hz<\/p>\n","protected":false},"featured_media":2670,"comment_status":"open","ping_status":"closed","template":"","meta":[],"product_cat":[116,108],"product_tag":[700],"class_list":["post-2668","product","type-product","status-publish","has-post-thumbnail","hentry","product_cat-destructeur-dinsectes","product_cat-hygiene","product_tag-destructeurs-dinsecte","pa_domaine-collectivites","pa_domaine-entreprise","pa_domaine-food","pa_domaine-hotel","pa_domaine-industrie","pa_domaine-medical","pa_puissance-2x15w","pa_puissance-2x20w","pa_puissance-2x30w","pa_puissance-2x40w","pa_puissance-3x40w","pa_puissance-3x80w"],"_links":{"self":[{"href":"https:\/\/aquatiss.com.tn\/fr\/wp-json\/wp\/v2\/product\/2668","targetHints":{"allow":["GET"]}}],"collection":[{"href":"https:\/\/aquatiss.com.tn\/fr\/wp-json\/wp\/v2\/product"}],"about":[{"href":"https:\/\/aquatiss.com.tn\/fr\/wp-json\/wp\/v2\/types\/product"}],"replies":[{"embeddable":true,"href":"https:\/\/aquatiss.com.tn\/fr\/wp-json\/wp\/v2\/comments?post=2668"}],"wp:featuredmedia":[{"embeddable":true,"href":"https:\/\/aquatiss.com.tn\/fr\/wp-json\/wp\/v2\/media\/2670"}],"wp:attachment":[{"href":"https:\/\/aquatiss.com.tn\/fr\/wp-json\/wp\/v2\/media?parent=2668"}],"wp:term":[{"taxonomy":"product_cat","embeddable":true,"href":"https:\/\/aquatiss.com.tn\/fr\/wp-json\/wp\/v2\/product_cat?post=2668"},{"taxonomy":"product_tag","embeddable":true,"href":"https:\/\/aquatiss.com.tn\/fr\/wp-json\/wp\/v2\/product_tag?post=2668"}],"curies":[{"name":"wp","href":"https:\/\/api.w.org\/{rel}","templated":true}]}}