{"id":2678,"date":"2017-02-21T16:09:37","date_gmt":"2017-02-21T15:09:37","guid":{"rendered":"http:\/\/gator4082.temp.domains\/~aquatiss\/?post_type=product&#038;p=2678"},"modified":"2017-02-22T11:57:16","modified_gmt":"2017-02-22T10:57:16","slug":"destructeurs-dinsectes-agr-80-glu-60100w-max","status":"publish","type":"product","link":"https:\/\/aquatiss.com.tn\/fr\/produit\/destructeurs-dinsectes-agr-80-glu-60100w-max\/","title":{"rendered":"Destructeurs d&rsquo;insectes AGR 80 GLU 60\/100W MAX"},"content":{"rendered":"<p><strong>COMPOSANTS<\/strong><\/p>\n<p>Tout en inox<br \/>\nDouilles \u00e9tanches<br \/>\nTubes anti-\u00e9clats<br \/>\nOuverture facile (S&rsquo;ouvre des deux c\u00f4t\u00e9s)<br \/>\nHaute finition<br \/>\nBallast \u00e9lectronique<\/p>\n<p><strong>PRINCIPE DE FONCTIONNEMENT :<\/strong><br \/>\nLa lumi\u00e8re attire et neutralise les insectes volants sur la plaque adh\u00e9sive sp\u00e9ciale contenue dans l&rsquo;appareil.<\/p>\n<p><strong>AVANTAGE :<\/strong><\/p>\n<p>Aucune explosion d&rsquo;insectes, silencieux, aucune odeur. Neutralisation des insectes les plus petits.<br \/>\nRemplacement simple de la plaque de glu.<\/p>\n<p><strong>INSTALLATION :<\/strong><\/p>\n<p>Les d\u00e9sinsectiseurs sont  suspendu (ou  accroch\u00e9) environ deux m\u00e8tres du sol \u00e0 l&rsquo;abri de la lumi\u00e8re du soleil.<br \/>\nBien s&rsquo;assurer que l&rsquo;appareil est plac\u00e9 entre le point d&rsquo;entr\u00e9e des insectes dans la pi\u00e8ce et la surface Prot\u00e9ger.<br \/>\n<strong>INSECTES :<\/strong><br \/>\nMoustiques, moucherons, mouches, papillons de nuit, Gu\u00eapes, taons, etc. (liste non exhaustive).<\/p>\n<p><strong>MAT\u00c9RIEL CONFORME AUX NORMES EUROP\u00c9ENNE<\/strong><\/p>\n<p>Garantie 5ans  dans les conditions normales d&rsquo;utilisation (sauf tubes actiniques)<\/p>\n<p>Puissance: 2x40W (60cm)<br \/>\nDimensions: 200 m2<br \/>\nVoltage: 60\/100W maxi<br \/>\nFr\u00e9quence: 240V \/ 50Hz<\/p>\n","protected":false},"excerpt":{"rendered":"<p>Puissance: 2x40W (60cm)<br \/>\nDimensions: 200 m2<br \/>\nVoltage: 60\/100W maxi<br \/>\nFr\u00e9quence: 240V \/ 50Hz<\/p>\n","protected":false},"featured_media":2679,"comment_status":"open","ping_status":"closed","template":"","meta":[],"product_cat":[116,108],"product_tag":[700],"class_list":["post-2678","product","type-product","status-publish","has-post-thumbnail","hentry","product_cat-destructeur-dinsectes","product_cat-hygiene","product_tag-destructeurs-dinsecte","pa_domaine-collectivites","pa_domaine-entreprise","pa_domaine-food","pa_domaine-hotel","pa_domaine-industrie","pa_domaine-medical","pa_material-inox","pa_puissance-2x40w"],"_links":{"self":[{"href":"https:\/\/aquatiss.com.tn\/fr\/wp-json\/wp\/v2\/product\/2678","targetHints":{"allow":["GET"]}}],"collection":[{"href":"https:\/\/aquatiss.com.tn\/fr\/wp-json\/wp\/v2\/product"}],"about":[{"href":"https:\/\/aquatiss.com.tn\/fr\/wp-json\/wp\/v2\/types\/product"}],"replies":[{"embeddable":true,"href":"https:\/\/aquatiss.com.tn\/fr\/wp-json\/wp\/v2\/comments?post=2678"}],"wp:featuredmedia":[{"embeddable":true,"href":"https:\/\/aquatiss.com.tn\/fr\/wp-json\/wp\/v2\/media\/2679"}],"wp:attachment":[{"href":"https:\/\/aquatiss.com.tn\/fr\/wp-json\/wp\/v2\/media?parent=2678"}],"wp:term":[{"taxonomy":"product_cat","embeddable":true,"href":"https:\/\/aquatiss.com.tn\/fr\/wp-json\/wp\/v2\/product_cat?post=2678"},{"taxonomy":"product_tag","embeddable":true,"href":"https:\/\/aquatiss.com.tn\/fr\/wp-json\/wp\/v2\/product_tag?post=2678"}],"curies":[{"name":"wp","href":"https:\/\/api.w.org\/{rel}","templated":true}]}}