{"id":2680,"date":"2017-02-21T16:29:12","date_gmt":"2017-02-21T15:29:12","guid":{"rendered":"http:\/\/gator4082.temp.domains\/~aquatiss\/produit\/destructeurs-d-insectes-capteur-a-glu-20w\/"},"modified":"2017-02-22T11:58:35","modified_gmt":"2017-02-22T10:58:35","slug":"destructeurs-d-insectes-capteur-a-glu-20w","status":"publish","type":"product","link":"https:\/\/aquatiss.com.tn\/fr\/produit\/destructeurs-d-insectes-capteur-a-glu-20w\/","title":{"rendered":"Destructeurs d&rsquo;insectes captor a glu 20W"},"content":{"rendered":"<p><strong>Ses atouts :<\/strong><br \/>\nPropre<br \/>\nSilencieux<br \/>\nSans insecticide<br \/>\nEconomique<br \/>\nSans odeur<br \/>\nGrande surface de protection<br \/>\nD\u00e9coratif (4 d\u00e9cors diff\u00e9rents adaptables)<br \/>\nEcologique<br \/>\nEfficace contre les mouches, moustiques, gu\u00eapes&#8230;.<\/p>\n<p><strong>PRINCIPE DE FONCTIONNEMENT :<\/strong><\/p>\n<p>Capteur murale attire les insectes volants avec une lampe sp\u00e9ciale de 20W (U.V. actinique &#8211; onde 360 nm) et les neutralise sur une plaque collante utilisant une glu sp\u00e9ciale qui reste intacte en pr\u00e9sence d&rsquo;U.V.<br \/>\nCe produit fonctionne \u00e0 l&rsquo;aide d&rsquo;un lampe sp\u00e9cifique \u00e0 \u00e9conomie d&rsquo;\u00e9nergie avec une longue dur\u00e9e de vie.<br \/>\nLampe \u00e9conomique avec plus d&rsquo;intensit\u00e9 lumineuse avec un d\u00e9montage rapide et un meilleur rendement.<\/p>\n<p><strong>MAT\u00c9RIEL CONFORME AUX NORMES EUROP\u00c9ENNES <\/strong><\/p>\n<p><strong>Garantie Sauf consommables<\/strong><\/p>\n<p>Voltage: 20W<br \/>\nDimensions: 30 &#8211; 40 m2<br \/>\nFr\u00e9quence: 220V \/ 50Hz<\/p>\n","protected":false},"excerpt":{"rendered":"<p>Voltage: 20W<br \/>\nDimensions: 30 &#8211; 40 m2<br \/>\nFr\u00e9quence: 220V \/ 50Hz<\/p>\n","protected":false},"featured_media":2681,"comment_status":"open","ping_status":"closed","template":"","meta":[],"product_cat":[116,108],"product_tag":[700],"class_list":["post-2680","product","type-product","status-publish","has-post-thumbnail","hentry","product_cat-destructeur-dinsectes","product_cat-hygiene","product_tag-destructeurs-dinsecte","pa_domaine-collectivites","pa_domaine-entreprise","pa_domaine-food","pa_domaine-hotel","pa_domaine-industrie","pa_domaine-medical"],"_links":{"self":[{"href":"https:\/\/aquatiss.com.tn\/fr\/wp-json\/wp\/v2\/product\/2680","targetHints":{"allow":["GET"]}}],"collection":[{"href":"https:\/\/aquatiss.com.tn\/fr\/wp-json\/wp\/v2\/product"}],"about":[{"href":"https:\/\/aquatiss.com.tn\/fr\/wp-json\/wp\/v2\/types\/product"}],"replies":[{"embeddable":true,"href":"https:\/\/aquatiss.com.tn\/fr\/wp-json\/wp\/v2\/comments?post=2680"}],"wp:featuredmedia":[{"embeddable":true,"href":"https:\/\/aquatiss.com.tn\/fr\/wp-json\/wp\/v2\/media\/2681"}],"wp:attachment":[{"href":"https:\/\/aquatiss.com.tn\/fr\/wp-json\/wp\/v2\/media?parent=2680"}],"wp:term":[{"taxonomy":"product_cat","embeddable":true,"href":"https:\/\/aquatiss.com.tn\/fr\/wp-json\/wp\/v2\/product_cat?post=2680"},{"taxonomy":"product_tag","embeddable":true,"href":"https:\/\/aquatiss.com.tn\/fr\/wp-json\/wp\/v2\/product_tag?post=2680"}],"curies":[{"name":"wp","href":"https:\/\/api.w.org\/{rel}","templated":true}]}}