{"id":2685,"date":"2017-02-21T17:05:54","date_gmt":"2017-02-21T16:05:54","guid":{"rendered":"http:\/\/gator4082.temp.domains\/~aquatiss\/?post_type=product&#038;p=2685"},"modified":"2017-02-22T12:00:37","modified_gmt":"2017-02-22T11:00:37","slug":"destructeur-dinsectes-mgl-glu-inox-lampes-40w","status":"publish","type":"product","link":"https:\/\/aquatiss.com.tn\/fr\/produit\/destructeur-dinsectes-mgl-glu-inox-lampes-40w\/","title":{"rendered":"Destructeur d&rsquo;insectes MGL GLU  avec lampes 40W"},"content":{"rendered":"<p><strong>Ses atouts :<\/strong><br \/>\nPropre<br \/>\nouverture facile<br \/>\nSilencieux<br \/>\nSans insecticide<br \/>\nEconomique<br \/>\nSans odeur<br \/>\nGrande surface de protection<br \/>\n\u00c9cologique<br \/>\nEfficace contre les mouches, moustiques, gu\u00eapes, mites&#8230;..<br \/>\nHaute finition<\/p>\n<p>Lampes avec \u00e9conomie d&rsquo;\u00e9nergie :<br \/>\n&#8211; Dur\u00e9e de vie (jusqu&rsquo;\u00e0 15 000h)<br \/>\n-Lampe \u00e0 visser (E27)<br \/>\n&#8211; Plus d&rsquo;attraction<br \/>\n&#8211; Fiabilit\u00e9 accrue<\/p>\n<p><strong>PRINCIPE DE FONCTIONNEMENT :<\/strong><br \/>\nLa lumi\u00e8re attire et neutralise les insectes volants sur la plaque adh\u00e9sive sp\u00e9ciale contenue dans l&rsquo;appareil.<\/p>\n<p><strong>AVANTAGES :<\/strong><br \/>\n+Aucune explosion d&rsquo;insectes, silencieux, aucune odeur.<br \/>\n+Neutralisation des insectes les plus petits.<br \/>\n+Remplacement simple de la plaque de glus.<br \/>\n<strong>INSTALLATION :<\/strong><br \/>\nLes destructeurs ont diff\u00e9rentes suspensions diff\u00e9rentes accroches environ deux m\u00e8tres du sol, diff\u00e9rents abri de la lumi\u00e8re du soleil.<\/p>\n<p>Bien s&rsquo;assurer que l&rsquo;appareil est placer entre le point d&rsquo;entr\u00e9e des insectes dans la pi\u00e8ce et la surface prot\u00e9ger.<br \/>\n<strong>INSECTES :<\/strong><br \/>\nMoustiques, moucherons, mouches, papillons de nuit,<br \/>\ngu\u00eapes, taons, etc (liste non exhaustive).<br \/>\n<strong>APPLICATIONS :<\/strong><br \/>\nRestaurants, h\u00f4tels, caf\u00c8s, cuisines, h\u00f4pitaux, magasins<br \/>\nd&rsquo;alimentation, cantines, laboratoires, entreprises, industries<br \/>\nagricoles et alimentaires, animaleries, bureaux, chambres, etc.<\/p>\n<p><strong>5 ANS Garantie<\/strong> dans les conditions normales d&rsquo;utilisation (sauf lampes)<br \/>\nDimensions: 80 m2<br \/>\nvoltage: 40W maxi<br \/>\nFr\u00e9quence: 240V \/ 50Hz<\/p>\n","protected":false},"excerpt":{"rendered":"<p>Dimensions: 80 m2<br \/>\nvoltage: 40 W maxi<br \/>\nFr\u00e9quence: 240V \/ 50Hz<\/p>\n","protected":false},"featured_media":2686,"comment_status":"open","ping_status":"closed","template":"","meta":[],"product_cat":[116,108],"product_tag":[700],"class_list":["post-2685","product","type-product","status-publish","has-post-thumbnail","hentry","product_cat-destructeur-dinsectes","product_cat-hygiene","product_tag-destructeurs-dinsecte","pa_domaine-collectivites","pa_domaine-entreprise","pa_domaine-food","pa_domaine-hotel","pa_domaine-industrie","pa_domaine-medical","pa_material-acier","pa_material-inox","pa_puissance-2x15w","pa_puissance-2x20w"],"_links":{"self":[{"href":"https:\/\/aquatiss.com.tn\/fr\/wp-json\/wp\/v2\/product\/2685","targetHints":{"allow":["GET"]}}],"collection":[{"href":"https:\/\/aquatiss.com.tn\/fr\/wp-json\/wp\/v2\/product"}],"about":[{"href":"https:\/\/aquatiss.com.tn\/fr\/wp-json\/wp\/v2\/types\/product"}],"replies":[{"embeddable":true,"href":"https:\/\/aquatiss.com.tn\/fr\/wp-json\/wp\/v2\/comments?post=2685"}],"wp:featuredmedia":[{"embeddable":true,"href":"https:\/\/aquatiss.com.tn\/fr\/wp-json\/wp\/v2\/media\/2686"}],"wp:attachment":[{"href":"https:\/\/aquatiss.com.tn\/fr\/wp-json\/wp\/v2\/media?parent=2685"}],"wp:term":[{"taxonomy":"product_cat","embeddable":true,"href":"https:\/\/aquatiss.com.tn\/fr\/wp-json\/wp\/v2\/product_cat?post=2685"},{"taxonomy":"product_tag","embeddable":true,"href":"https:\/\/aquatiss.com.tn\/fr\/wp-json\/wp\/v2\/product_tag?post=2685"}],"curies":[{"name":"wp","href":"https:\/\/api.w.org\/{rel}","templated":true}]}}