{"id":26863,"date":"2021-04-01T11:30:13","date_gmt":"2021-04-01T11:30:13","guid":{"rendered":"http:\/\/aquatiss.com.tn\/produit\/boite-de-conservation-3-9l-lock-and-lock\/"},"modified":"2021-06-14T15:25:32","modified_gmt":"2021-06-14T15:25:32","slug":"boite-de-conservation-3-9l-lock-and-lock","status":"publish","type":"product","link":"https:\/\/aquatiss.com.tn\/fr\/produit\/boite-de-conservation-3-9l-lock-and-lock\/","title":{"rendered":"Bo\u00eete de conservation 3.9L Lock and Lock"},"content":{"rendered":"<p>Bo\u00eete de conservation 3.9L Lock and Lock<\/p>\n<p>Depuis 1997\u00a0 <strong>Lock and Lock\u00a0<\/strong>est\u00a0 un des principaux producteurs de <strong>Bo\u00eetes de Conservation<\/strong><br \/>\n<strong>Lock and Lock\u00a0 <\/strong>vend ses produits dans plus de 100 pays \u00e0 travers le monde<\/p>\n<p>Bo\u00eete de conservation 3.9L Lock and Lock Conserver vos aliments, les congeler, les transporter ou bien les passer au micro-ondes : vous serez tr\u00e8s rapidement satisfaits(es) par les <strong>Bo\u00eetes de Conservation Lock and Lock<\/strong>. Vendues individuellement, par lot et sous diff\u00e9rentes formes (carr\u00e9es, rondes, rectangulaires, hautes, basses, longues), choisissez la ou les\u00a0<strong>Bo\u00eetes Alimentaires<\/strong>\u00a0qui deviendront indispensables \u00e0 votre quotidien<\/p>\n<p>Ces Bo\u00eetes Alimentaires herm\u00e9tiques ont diff\u00e9rentes formes : carr\u00e9es, rondes, rectangulaires, hautes, basses, longues&#8230; diff\u00e9rentes dimensions mais aussi diff\u00e9rentes utilisations : Bo\u00eetes \u00e0 \u0153ufs, \u00e0 p\u00e2tes, \u00e0 l\u00e9gumes, \u00e0 c\u00e9r\u00e9ales, \u00e0 th\u00e9 ou caf\u00e9, \u00e0 oignons, \u00e0 salade et existent \u00e9galement sous forme de shaker \u00e0 vinaigrette ou encore de beurrier<\/p>\n<h4>Caract\u00e9ristiques<\/h4>\n<p><strong>&#8211;<\/strong><b>Polyvalent:\u00a0va<\/b>\u00a0au micro-ondes et au lave-vaisselle pour une solution de rangement pratique et tout-en-un dans le r\u00e9frig\u00e9rateur, le cong\u00e9lateur, le garde-manger et en d\u00e9placement.<br \/>\n<strong>-Garantie :<\/strong>pour 3 millions ouvertures et fermetures.<br \/>\n<strong>-plastique de haute qualit\u00e9 <\/strong>:Bo\u00eetes de Conservation en plastique sans Bisph\u00e9nol A (plastique de haute qualit\u00e9 sans BPA).<br \/>\n<strong>-Conservation :Lock and Lock<\/strong> permettent jusqu&rsquo;\u00e0 6 000 fois moins d&rsquo;humidit\u00e9 que les autres contenants classiques.<br \/>\n<strong>-\u00c9tanche<\/strong> :\u00e0 100% \u00e0 l\u2019air et aux liquides aux odeurs -par le joint en silicone flexible.<br \/>\n<strong>-Joint<\/strong> :en silicone \u00e0 centre creux bleu\u00a0 d\u00e9montable et lavable.<\/p>\n<p><strong>-Fermeture :<\/strong>4 volets de fermeture sont brevet\u00e9s se clipse fortement sur un joint en silicone flexible.<br \/>\n<strong>-Stockage<\/strong> :embo\u00eetable\u00a0 gr\u00e2ce \u00e0 leurs couvercles plats , conservation sans aucun risque de fuite-placer sur les c\u00f4t\u00e9s ou les empiler.<br \/>\n<strong>-Perm\u00e9abilit\u00e9<\/strong> :placer sur les c\u00f4t\u00e9s ou les empiler -sans risque de fuites ni d\u00e9versements.<br \/>\n<strong>-Economie d&rsquo;espace<\/strong> :Gain de place dans vos placards ou votre r\u00e9frig\u00e9rateur.<br \/>\n<strong>-Temp\u00e9rature utilisation<\/strong> :de -20\u00b0 \u00e0 +120\u00b0 Conserver, transporter et r\u00e9chauffer des aliments, Garde les aliments frais bien plus longtemps.<br \/>\n<strong>-Lavage<\/strong> :Passe au lave-vaisselle (angle arrondis facilitent le nettoyage.)au cong\u00e9lateur et aux micro-ondes.<\/p>\n<h4>de plus Conformit\u00e9<\/h4>\n<p>Ces Bo\u00eete de conservation 3.9l Lock and Lock sont brevet\u00e9 par Hanacobi<br \/>\nTests d&rsquo;hygi\u00e8ne et de s\u00e9curit\u00e9 stricts de la FDA am\u00e9ricaine et du SGS allemand.<\/p>\n<p>&nbsp;<\/p>\n<h4>Points fort des Bo\u00eete de conservation 3.9l Lock and Lock de la s\u00e9rie BasicLine<\/h4>\n<p>Lorsqu&rsquo;ils ne sont pas utilis\u00e9s, \u00c9conomisez de la nourriture, \u00e9conomisez de l&rsquo;argent, \u00e9conomisez de l&rsquo;espace<br \/>\nConteneurs herm\u00e9tiques avec syst\u00e8me de verrouillage \u00e0 quatre c\u00f4t\u00e9s<br \/>\nSyst\u00e8me de blocage du couvercle<br \/>\nJoint en silicone<br \/>\nPerm\u00e9abilit\u00e9<\/p>\n<p>&nbsp;<\/p>\n<p><span style=\"color: #ffffff\"><strong>Conservation des aliments tupperware<\/strong><\/span><\/p>\n","protected":false},"excerpt":{"rendered":"<p><a><img decoding=\"async\" class=\" wp-image-26434 alignleft\" src=\"https:\/\/aquatiss.com.tn\/wp-content\/uploads\/2021\/02\/lock-an-lock.jpg\" alt=\"\" width=\"132\" height=\"81\" \/><\/a><\/p>\n<p>[maxbutton id=\"2\" url=\"https:\/\/aquatiss.com.tn\/wp-content\/uploads\/2021\/02\/fiche-technique-boite-lock-lock.jpg\" ]<br \/>\n<span style=\"font-size: 12pt;color: #ff0000\"><strong>Utilis\u00e9 par plus de 100 millions de consommateur professionnel<\/strong><\/span><\/p>\n<p>&nbsp;<\/p>\n<p><span style=\"font-family: tahoma, arial, helvetica, sans-serif;font-size: 10pt\">GARANTIE : 3 millions ouvertures et fermetures <\/span><br \/>\n<span style=\"font-size: 10pt;font-family: tahoma, arial, helvetica, sans-serif\">\u00c9TANCHEITE\u00a0 :\u00a0 100% \u00e0 l\u2019air, liquides et aux odeurs\u00a0<\/span><br \/>\n<span style=\"font-size: 10pt;font-family: tahoma, arial, helvetica, sans-serif\">CONSERVATION: 6 000 fois moins d&rsquo;humidit\u00e9 que les contenants classiques\u00a0<\/span><br \/>\n<span style=\"font-size: 10pt;font-family: tahoma, arial, helvetica, sans-serif\">FERMETURE\u00a0 : 4 Volets de fermeture\u00a0 brevet\u00e9s\u00a0<\/span><br \/>\n<span style=\"font-size: 10pt;font-family: tahoma, arial, helvetica, sans-serif\">JOINT\u00a0:en silicone \u00e0 centre creux bleu\u00a0 d\u00e9montable et lavable.<\/span><br \/>\n<span style=\"font-family: tahoma, arial, helvetica, sans-serif;font-size: 10pt\">POLYVALENT\u00a0 :\u00a0 micro-ondes , lave-vaisselle , r\u00e9frig\u00e9rateur,\u00a0 le cong\u00e9lateur, le garde-manger<\/span><\/p>\n<p>&nbsp;<\/p>\n","protected":false},"featured_media":26864,"comment_status":"open","ping_status":"closed","template":"","meta":[],"product_cat":[2047,2048,165],"product_tag":[],"class_list":["post-26863","product","type-product","status-publish","has-post-thumbnail","hentry","product_cat-boites-de-conservation","product_cat-locklock","product_cat-stockage-expedition"],"_links":{"self":[{"href":"https:\/\/aquatiss.com.tn\/fr\/wp-json\/wp\/v2\/product\/26863","targetHints":{"allow":["GET"]}}],"collection":[{"href":"https:\/\/aquatiss.com.tn\/fr\/wp-json\/wp\/v2\/product"}],"about":[{"href":"https:\/\/aquatiss.com.tn\/fr\/wp-json\/wp\/v2\/types\/product"}],"replies":[{"embeddable":true,"href":"https:\/\/aquatiss.com.tn\/fr\/wp-json\/wp\/v2\/comments?post=26863"}],"wp:featuredmedia":[{"embeddable":true,"href":"https:\/\/aquatiss.com.tn\/fr\/wp-json\/wp\/v2\/media\/26864"}],"wp:attachment":[{"href":"https:\/\/aquatiss.com.tn\/fr\/wp-json\/wp\/v2\/media?parent=26863"}],"wp:term":[{"taxonomy":"product_cat","embeddable":true,"href":"https:\/\/aquatiss.com.tn\/fr\/wp-json\/wp\/v2\/product_cat?post=26863"},{"taxonomy":"product_tag","embeddable":true,"href":"https:\/\/aquatiss.com.tn\/fr\/wp-json\/wp\/v2\/product_tag?post=26863"}],"curies":[{"name":"wp","href":"https:\/\/api.w.org\/{rel}","templated":true}]}}