{"id":26989,"date":"2021-04-08T10:39:51","date_gmt":"2021-04-08T10:39:51","guid":{"rendered":"http:\/\/aquatiss.com.tn\/?post_type=product&#038;p=26989"},"modified":"2022-09-20T16:07:12","modified_gmt":"2022-09-20T16:07:12","slug":"borne-tactile-ecran-24-full-hd","status":"publish","type":"product","link":"https:\/\/aquatiss.com.tn\/fr\/produit\/borne-tactile-ecran-24-full-hd\/","title":{"rendered":"Borne tactile \u00c9cran 24&Prime; Full HD"},"content":{"rendered":"<p class=\"product_title entry-title\">Borne tactile \u00c9cran 24&Prime; Full HD<\/p>\n<p>La Borne tactile \u00c9cran 24&Prime; Full HD interactive est d\u2019actualit\u00e9 ! Simple, intuitive et agr\u00e9able \u00e0 utiliser, le tactile s\u2019impose d\u00e9sormais dans les magasins, accueils soci\u00e9t\u00e9, \u00e9v\u00e9nements et salons professionnels.<\/p>\n<p>Investir dans une borne tactile interactive, c\u2019est l\u2019occasion d\u2019offrir au prospect une source d\u2019interactivit\u00e9 qui l\u2019impliquera d\u2019autant plus dans le processus d\u2019achat.<\/p>\n<p>Inciter vos clients \u00e0 l&rsquo;achat, jouer, apprendre et faire patienter. Faciles \u00e0 mettre en \u0153uvre, \u00e9quip\u00e9es de Windows et dot\u00e9es d\u2019\u00e9crans haute<\/p>\n<p>performance .<\/p>\n<h4><strong>\u00c9cran Borne tactile \u00c9cran 24&Prime; Full HD IPS DELL P2418HT<\/strong><\/h4>\n<p>&#8211; R\u00e9solution 1920 x 1080<br \/>\n&#8211; Contraste 1000:1<br \/>\n&#8211; Luminosit\u00e9 250 cd\/m\u00b2<br \/>\n&#8211; Temps de r\u00e9ponse\u00a06 ms<br \/>\n&#8211;\u00a0Angle d\u2019affichage: 178\u00b0 (vertical) \/ 178\u00b0 (horizontal)<br \/>\n&#8211; 1x Display Port 1.2 &#8211; 1x HDMI 1.4 &#8211; 1x VGA &#8211; 3x USB 3.0 &#8211; 2x USB 2.0<br \/>\n&#8211; Inclinaison (-5\u00b0 \u00e0 60\u00b0) &#8211; Rotation (-30\u00b0 \u00e0 30\u00b0)<br \/>\n&#8211; Dimensions: 323.2 ~ 419.6 x 537.8 x 234.8 mm<br \/>\n&#8211; Poids: 3.12 Kg<br \/>\n&#8211; Garantie 1 an<\/p>\n<p>&nbsp;<\/p>\n<p><strong>Support argent aluminium<\/strong><\/p>\n<p>Dimensions LxPxH 35.8 x38.5 x 91.6 cm<br \/>\nBase noir 1kg.<\/p>\n<p>&nbsp;<\/p>\n","protected":false},"excerpt":{"rendered":"<p><strong>Borne tactile \u00e0 un tarif d\u00e9fiant toute concurrence<\/strong><\/p>\n<p>Borne tactile gr\u00e2ce a laquelle , vos visiteurs ont la possibilit\u00e9 de passer\u00a0 leurs commandes d\u00e9couvrir votre site, vos<br \/>\nproduits avec de larges visuels des pr\u00e9sentations multim\u00e9dias (galeries photos, vid\u00e9os de pr\u00e9sentation, bandes sons,\u2026).<\/p>\n<p><strong>\u00c9cran Tactile 24&Prime; Full HD IPS DELL P2418HT<\/strong><\/p>\n<p>&#8211; R\u00e9solution 1920 x 1080<br \/>\n&#8211; Contraste 1000:1<br \/>\n&#8211; Luminosit\u00e9 250 cd\/m\u00b2<br \/>\n&#8211; Temps de r\u00e9ponse\u00a06 ms<br \/>\n&#8211;\u00a0Angle d\u2019affichage: 178\u00b0 (vertical) \/ 178\u00b0 (horizontal)<br \/>\n&#8211; 1 Display Port 1.2 &#8211; HDMI 1.4 &#8211; VGA &#8211; 3 USB 3.0 &#8211; 2 USB 2.0<br \/>\n&#8211; Inclinaison (-5\u00b0 \u00e0 60\u00b0) &#8211; Rotation (-30\u00b0 \u00e0 30\u00b0)<br \/>\n&#8211; Dimensions: 323.2 ~ 419.6 x 537.8 x 234.8 mm<br \/>\n&#8211; Support argent aluminium Base noir 1kg.<\/p>\n<p><strong>\u00a0Garantie<\/strong> 1 an<\/p>\n","protected":false},"featured_media":26992,"comment_status":"open","ping_status":"closed","template":"","meta":[],"product_cat":[1531],"product_tag":[],"class_list":["post-26989","product","type-product","status-publish","has-post-thumbnail","hentry","product_cat-support-tablette"],"_links":{"self":[{"href":"https:\/\/aquatiss.com.tn\/fr\/wp-json\/wp\/v2\/product\/26989","targetHints":{"allow":["GET"]}}],"collection":[{"href":"https:\/\/aquatiss.com.tn\/fr\/wp-json\/wp\/v2\/product"}],"about":[{"href":"https:\/\/aquatiss.com.tn\/fr\/wp-json\/wp\/v2\/types\/product"}],"replies":[{"embeddable":true,"href":"https:\/\/aquatiss.com.tn\/fr\/wp-json\/wp\/v2\/comments?post=26989"}],"wp:featuredmedia":[{"embeddable":true,"href":"https:\/\/aquatiss.com.tn\/fr\/wp-json\/wp\/v2\/media\/26992"}],"wp:attachment":[{"href":"https:\/\/aquatiss.com.tn\/fr\/wp-json\/wp\/v2\/media?parent=26989"}],"wp:term":[{"taxonomy":"product_cat","embeddable":true,"href":"https:\/\/aquatiss.com.tn\/fr\/wp-json\/wp\/v2\/product_cat?post=26989"},{"taxonomy":"product_tag","embeddable":true,"href":"https:\/\/aquatiss.com.tn\/fr\/wp-json\/wp\/v2\/product_tag?post=26989"}],"curies":[{"name":"wp","href":"https:\/\/api.w.org\/{rel}","templated":true}]}}