{"id":27001,"date":"2021-04-08T10:56:15","date_gmt":"2021-04-08T10:56:15","guid":{"rendered":"http:\/\/aquatiss.com.tn\/nos-produits\/borne-tactile-all-in-one\/"},"modified":"2022-09-20T16:00:11","modified_gmt":"2022-09-20T16:00:11","slug":"borne-tactile-all-in-one","status":"publish","type":"product","link":"https:\/\/aquatiss.com.tn\/fr\/produit\/borne-tactile-all-in-one\/","title":{"rendered":"Borne tactile all in one"},"content":{"rendered":"<p>Borne tactile all in one<\/p>\n<p>La Borne tactile all in one interactive est d\u2019actualit\u00e9 ! Simple, intuitive et agr\u00e9able \u00e0 utiliser, le tactile s\u2019impose d\u00e9sormais dans les magasins, accueils soci\u00e9t\u00e9, \u00e9v\u00e9nements et salons professionnels.<\/p>\n<p>Investir dans une borne tactile interactive, c\u2019est l\u2019occasion d\u2019offrir au prospect une source d\u2019interactivit\u00e9 qui l\u2019impliquera d\u2019autant plus dans le processus d\u2019achat.<\/p>\n<p>Inciter vos clients \u00e0 l&rsquo;achat, jouer, apprendre et faire patienter. Faciles \u00e0 mettre en \u0153uvre, \u00e9quip\u00e9es de Windows et dot\u00e9es d\u2019\u00e9crans haute<\/p>\n<p>performance .<\/p>\n<h4><\/h4>\n<h4>Borne tactile all in one<\/h4>\n<p>&#8211; PC multim\u00e9dia Intel Core\u00a0 au format player PC industriel<br \/>\n&#8211; \u00c9cran Tactile 21.5&Prime;<br \/>\n&#8211; Compatible Windows, Linux et Android selon Player<br \/>\n&#8211; Haut-parleur<br \/>\n&#8211; Connexion Wi-Fi<br \/>\n&#8211; Connexion 3G\/4G<br \/>\n&#8211; Technologie tactile<br \/>\n&#8211; Capacitive projet\u00e9e Multitouche<br \/>\n&#8211; R\u00e9solution 1920 x 1080<br \/>\n&#8211; Contraste 1000:1<br \/>\n&#8211; Luminosit\u00e9 250 cd\/m\u00b2<br \/>\n&#8211; Temps de r\u00e9ponse\u00a06 ms<\/p>\n<p>&nbsp;<\/p>\n<p><strong>Support argent aluminium<\/strong><\/p>\n<p>Dimensions LxPxH 35.8 x38.5 x 91.6 cm<br \/>\nBase noir 1kg.<\/p>\n<p>&nbsp;<\/p>\n","protected":false},"excerpt":{"rendered":"<p><strong>Borne tactile \u00e0 un tarif d\u00e9fiant toute concurrence<\/strong><\/p>\n<p>Borne tactile gr\u00e2ce a laquelle , vos visiteurs ont la possibilit\u00e9 de passer\u00a0 leurs commandes d\u00e9couvrir votre site, vos<br \/>\nproduits avec de larges visuels des pr\u00e9sentations multim\u00e9dias (galeries photos, vid\u00e9os de pr\u00e9sentation, bandes sons,\u2026).<\/p>\n<p>Borne tactile all in one<\/p>\n<p>&#8211; PC multim\u00e9dia Intel Core\u00a0 au format player PC industriel<br \/>\n&#8211; \u00c9cran Tactile 21.5&Prime;<br \/>\n&#8211; Compatible Windows, Linux et Android selon Player<br \/>\n&#8211; Haut-parleur<br \/>\n&#8211; Connexion Wi-Fi<br \/>\n&#8211; Connexion 3G\/4G<br \/>\n&#8211; Technologie tactile<br \/>\n&#8211; Capacitive projet\u00e9e Multitouche<br \/>\n&#8211; R\u00e9solution 1920 x 1080<br \/>\n&#8211; Contraste 1000:1<br \/>\n&#8211; Luminosit\u00e9 250 cd\/m\u00b2<br \/>\n&#8211; Temps de r\u00e9ponse\u00a06 ms<\/p>\n<p><strong>\u00a0Garantie<\/strong> 1 an<\/p>\n","protected":false},"featured_media":26992,"comment_status":"open","ping_status":"closed","template":"","meta":[],"product_cat":[1531],"product_tag":[],"class_list":["post-27001","product","type-product","status-publish","has-post-thumbnail","hentry","product_cat-support-tablette"],"_links":{"self":[{"href":"https:\/\/aquatiss.com.tn\/fr\/wp-json\/wp\/v2\/product\/27001","targetHints":{"allow":["GET"]}}],"collection":[{"href":"https:\/\/aquatiss.com.tn\/fr\/wp-json\/wp\/v2\/product"}],"about":[{"href":"https:\/\/aquatiss.com.tn\/fr\/wp-json\/wp\/v2\/types\/product"}],"replies":[{"embeddable":true,"href":"https:\/\/aquatiss.com.tn\/fr\/wp-json\/wp\/v2\/comments?post=27001"}],"wp:featuredmedia":[{"embeddable":true,"href":"https:\/\/aquatiss.com.tn\/fr\/wp-json\/wp\/v2\/media\/26992"}],"wp:attachment":[{"href":"https:\/\/aquatiss.com.tn\/fr\/wp-json\/wp\/v2\/media?parent=27001"}],"wp:term":[{"taxonomy":"product_cat","embeddable":true,"href":"https:\/\/aquatiss.com.tn\/fr\/wp-json\/wp\/v2\/product_cat?post=27001"},{"taxonomy":"product_tag","embeddable":true,"href":"https:\/\/aquatiss.com.tn\/fr\/wp-json\/wp\/v2\/product_tag?post=27001"}],"curies":[{"name":"wp","href":"https:\/\/api.w.org\/{rel}","templated":true}]}}