{"id":27008,"date":"2021-04-14T14:25:13","date_gmt":"2021-04-14T14:25:13","guid":{"rendered":"http:\/\/aquatiss.com.tn\/?post_type=product&#038;p=27008"},"modified":"2024-03-19T12:25:32","modified_gmt":"2024-03-19T12:25:32","slug":"pupitre-design-sur-pied-alu-rolls","status":"publish","type":"product","link":"https:\/\/aquatiss.com.tn\/fr\/produit\/pupitre-design-sur-pied-alu-rolls\/","title":{"rendered":"Pupitre design sur pied alu roll&rsquo;s"},"content":{"rendered":"<p><strong>Pupitre design sur pied alu<\/strong> <strong>roll&rsquo;s <\/strong>est un support constitu\u00e9 d&rsquo;un plan inclin\u00e9 dont le r\u00f4le est de maintenir ouvert un document. Il s&rsquo;av\u00e8re tr\u00e8s utile lors d&rsquo;une conf\u00e9rence, ou encore d&rsquo;un discours d&rsquo;entreprise. Son utilisation permet en effet de cr\u00e9er une certaine prestance et un confort prouv\u00e9 \u00e0 l&rsquo;orateur. Ainsi, il est en mesure de d\u00e9poser plus facilement ses pens\u00e9es tout en \u00e9tant debout<\/p>\n<p>pupitre transparent pour conf\u00e9rence avec tablette inclin\u00e9e<br \/>\nr\u00e9alis\u00e9 en plexiglas transparent cristal et en aluminium<br \/>\nTablette inclin\u00e9e en plexi \u00c9paisseur 20 mm<br \/>\nTr\u00e8s belle qualit\u00e9<br \/>\nRetenue de documents<br \/>\nPied en aluminium anodis\u00e9 naturel<br \/>\nSur socle noir<\/p>\n<h4>Dimensions du <strong>Pupitre design sur pied alu<\/strong> <strong>roll&rsquo;s<\/strong><\/h4>\n<p><strong>Dimensions tablette plexi<\/strong><br \/>\nLargeur :\u00a0 \u00a0 \u00a0 580 mm<br \/>\nProfondeur: 500 mm<br \/>\nEpaisseur 20 mm<\/p>\n<p><strong>Dimensions pieds<\/strong><br \/>\nHauteur totale : 1100 mm<br \/>\nLargeur :\u00a0 \u00a0358 mm<br \/>\nProfondeur: 358 mm<\/p>\n","protected":false},"excerpt":{"rendered":"[button-red url=\"\" target=\"\" position=\"\"]PREMIER PRIX[\/button-red]\n<p>R\u00e9alis\u00e9 en plexiglas transparent cristal et en aluminium<br \/>\nTablette inclin\u00e9e en plexi \u00c9paisseur 20 mm<br \/>\nTr\u00e8s belle qualit\u00e9<br \/>\nRetenue de documents<br \/>\nPied en aluminium anodis\u00e9 naturel<br \/>\nSur socle noir<\/p>\n<p>&nbsp;<\/p>\n<p>&nbsp;<\/p>\n","protected":false},"featured_media":27009,"comment_status":"open","ping_status":"closed","template":"","meta":[],"product_cat":[2056,576],"product_tag":[],"class_list":["post-27008","product","type-product","status-publish","has-post-thumbnail","hentry","product_cat-gamme-rolls","product_cat-pupitre-de-conference"],"_links":{"self":[{"href":"https:\/\/aquatiss.com.tn\/fr\/wp-json\/wp\/v2\/product\/27008","targetHints":{"allow":["GET"]}}],"collection":[{"href":"https:\/\/aquatiss.com.tn\/fr\/wp-json\/wp\/v2\/product"}],"about":[{"href":"https:\/\/aquatiss.com.tn\/fr\/wp-json\/wp\/v2\/types\/product"}],"replies":[{"embeddable":true,"href":"https:\/\/aquatiss.com.tn\/fr\/wp-json\/wp\/v2\/comments?post=27008"}],"wp:featuredmedia":[{"embeddable":true,"href":"https:\/\/aquatiss.com.tn\/fr\/wp-json\/wp\/v2\/media\/27009"}],"wp:attachment":[{"href":"https:\/\/aquatiss.com.tn\/fr\/wp-json\/wp\/v2\/media?parent=27008"}],"wp:term":[{"taxonomy":"product_cat","embeddable":true,"href":"https:\/\/aquatiss.com.tn\/fr\/wp-json\/wp\/v2\/product_cat?post=27008"},{"taxonomy":"product_tag","embeddable":true,"href":"https:\/\/aquatiss.com.tn\/fr\/wp-json\/wp\/v2\/product_tag?post=27008"}],"curies":[{"name":"wp","href":"https:\/\/api.w.org\/{rel}","templated":true}]}}