{"id":27282,"date":"2021-04-28T08:26:57","date_gmt":"2021-04-28T08:26:57","guid":{"rendered":"http:\/\/aquatiss.com.tn\/produit\/defroisseur-vapeur-vertical-di4\/"},"modified":"2021-04-28T08:26:57","modified_gmt":"2021-04-28T08:26:57","slug":"defroisseur-vapeur-vertical-di4","status":"publish","type":"product","link":"https:\/\/aquatiss.com.tn\/fr\/produit\/defroisseur-vapeur-vertical-di4\/","title":{"rendered":"D\u00e9froisseur vapeur vertical Di4"},"content":{"rendered":"<p>&nbsp;<\/p>\n<p>D\u00e9froisseur vapeur vertical\u00a0 Di4<\/p>\n<p>Fer vertical avec un r\u00e9servoir de grande capacit\u00e9 de 1,5 l et peut produire un flux continu de vapeur surchauff\u00e9e<br \/>\nFacile \u00e0 utiliser: vapeur 30 gr \/ min, contr\u00f4le de la vapeur haute pression pour une exp\u00e9rience de vapeur facile, efficace avec son tuyau, son cintre et sa brosse en tissu, le repassage \u00e0 la vapeur n&rsquo;a jamais \u00e9t\u00e9 aussi facile<\/p>\n<p><strong>Configuration rapide et facile<\/strong><\/p>\n<p>l&rsquo;interrupteur marche \/ arr\u00eat est facile \u00e0 utiliser car il se trouve \u00e0 la base de l&rsquo;unit\u00e9 et est facile \u00e0 \u00e9teindre avec le pied; le fer prend moins d&rsquo;une minute pour se r\u00e9chauffer, ce qui est tr\u00e8s utile lorsque vous n&rsquo;avez pas le temps<br \/>\nBonne stabilit\u00e9 et mobilit\u00e9: l&rsquo;unit\u00e9 de vapeur n&rsquo;a pas de roues, ce qui la rend facile \u00e0 utiliser car elle est compl\u00e8tement stable<br \/>\nBarre r\u00e9glable en double hauteur, pour s&rsquo;adapter \u00e0 tous types de personnes; Le fer vertical est livr\u00e9 avec un support de suspension et une brosse pour les tissus plus \u00e9pais<\/p>\n<p>&nbsp;<\/p>\n<h4>Caract\u00e9ristiques D\u00e9froisseur vapeur vertical\u00a0 Di4<\/h4>\n<p>Marque Di4<\/p>\n<p>Num\u00e9ro de mod\u00e8le High Steam<\/p>\n<p>Couleur Noir\/Rouge 1600w<\/p>\n<p>Dimensions du produit (L x l x h)12.5 x 15.5 x 29.5 cm ; 4.86 kilogrammes<\/p>\n<p>Capacit\u00e91.5 Litres<\/p>\n<p>Puissance1600 Watts<\/p>\n<p>Mat\u00e9riau Plastique<\/p>\n<p>Classe d&rsquo;\u00e9nergie A<\/p>\n<p>Poids de l&rsquo;article4.86 kg<\/p>\n","protected":false},"excerpt":{"rendered":"<p>Di4 80304264 High Steam Centrale Verticale, 1600 W, 1.5 L,<br \/>\nVapeur de 30g<br \/>\nAutonomie de 50 Min<br \/>\nClasse d&rsquo;efficacit\u00e9 \u00e9nerg\u00e9tique A<br \/>\nPlastique, 1.5 liters,<br \/>\nNoir\/Rouge 1600W<\/p>\n","protected":false},"featured_media":27283,"comment_status":"open","ping_status":"closed","template":"","meta":[],"product_cat":[523],"product_tag":[],"class_list":["post-27282","product","type-product","status-publish","has-post-thumbnail","hentry","product_cat-defroisseur-a-vapeur"],"_links":{"self":[{"href":"https:\/\/aquatiss.com.tn\/fr\/wp-json\/wp\/v2\/product\/27282","targetHints":{"allow":["GET"]}}],"collection":[{"href":"https:\/\/aquatiss.com.tn\/fr\/wp-json\/wp\/v2\/product"}],"about":[{"href":"https:\/\/aquatiss.com.tn\/fr\/wp-json\/wp\/v2\/types\/product"}],"replies":[{"embeddable":true,"href":"https:\/\/aquatiss.com.tn\/fr\/wp-json\/wp\/v2\/comments?post=27282"}],"wp:featuredmedia":[{"embeddable":true,"href":"https:\/\/aquatiss.com.tn\/fr\/wp-json\/wp\/v2\/media\/27283"}],"wp:attachment":[{"href":"https:\/\/aquatiss.com.tn\/fr\/wp-json\/wp\/v2\/media?parent=27282"}],"wp:term":[{"taxonomy":"product_cat","embeddable":true,"href":"https:\/\/aquatiss.com.tn\/fr\/wp-json\/wp\/v2\/product_cat?post=27282"},{"taxonomy":"product_tag","embeddable":true,"href":"https:\/\/aquatiss.com.tn\/fr\/wp-json\/wp\/v2\/product_tag?post=27282"}],"curies":[{"name":"wp","href":"https:\/\/api.w.org\/{rel}","templated":true}]}}