{"id":2733,"date":"2017-02-22T16:07:27","date_gmt":"2017-02-22T15:07:27","guid":{"rendered":"http:\/\/gator4082.temp.domains\/~aquatiss\/?post_type=product&#038;p=2733"},"modified":"2017-10-19T14:23:11","modified_gmt":"2017-10-19T14:23:11","slug":"recharge-aerosol-pour-diffuseur-de-parfum-automatique","status":"publish","type":"product","link":"https:\/\/aquatiss.com.tn\/fr\/produit\/recharge-aerosol-pour-diffuseur-de-parfum-automatique\/","title":{"rendered":"Recharge a\u00e9rosol pour diffuseur de parfum automatique"},"content":{"rendered":"<p>Recharge a\u00e9rosol pour diffuseur de parfum automatique. Autonomie d&rsquo;environ 3000 pulv\u00e9risations.<br \/>\nSenteurs fra\u00eeches et raffin\u00e9es convenant \u00e0 tous les environnements<br \/>\nConvient id\u00e9alement \u00e0 une utilisation avec les diffuseurs de parfums programmable<br \/>\nD\u00e9sodorise d\u00e9licatement l&rsquo;atmosph\u00e8re<br \/>\nApporte une note fra\u00eeche et parfum\u00e9e \u00e0 la pi\u00e8ce<\/p>\n<h2>\n<span style=\"font-size: 12pt;\">senteurs:<\/span><\/h2>\n<p>Bambou, classic, bain d&rsquo;eau fra\u00eeche, silver, black, gold, royal,, m\u00e9diterran\u00e9en,<br \/>\nfleurs sylvestres, lavande.<\/p>\n<p>&nbsp;<\/p>\n<p>&nbsp;<\/p>\n","protected":false},"excerpt":{"rendered":"<p>Recharge diffuseur de parfum 250ml<br \/>\nUtiliser avec les diffuseurs de parfums programmable<br \/>\nD\u00e9sodorise d\u00e9licatement l&rsquo;atmosph\u00e8re<\/p>\n","protected":false},"featured_media":7091,"comment_status":"open","ping_status":"closed","template":"","meta":[],"product_cat":[108,144],"product_tag":[838,277,1170],"class_list":["post-2733","product","type-product","status-publish","has-post-thumbnail","hentry","product_cat-hygiene","product_cat-recharge-diffuseur-parfum","product_tag-desodorisant","product_tag-diffuseur-de-parfum","product_tag-recharge-aerosol","pa_parfum-bain-deau-fraiche","pa_parfum-bambou","pa_parfum-black","pa_parfum-classic","pa_parfum-fleurs-sylvestre","pa_parfum-gold","pa_parfum-lavande","pa_parfum-mediterraneen","pa_parfum-royal","pa_parfum-silver"],"_links":{"self":[{"href":"https:\/\/aquatiss.com.tn\/fr\/wp-json\/wp\/v2\/product\/2733","targetHints":{"allow":["GET"]}}],"collection":[{"href":"https:\/\/aquatiss.com.tn\/fr\/wp-json\/wp\/v2\/product"}],"about":[{"href":"https:\/\/aquatiss.com.tn\/fr\/wp-json\/wp\/v2\/types\/product"}],"replies":[{"embeddable":true,"href":"https:\/\/aquatiss.com.tn\/fr\/wp-json\/wp\/v2\/comments?post=2733"}],"wp:featuredmedia":[{"embeddable":true,"href":"https:\/\/aquatiss.com.tn\/fr\/wp-json\/wp\/v2\/media\/7091"}],"wp:attachment":[{"href":"https:\/\/aquatiss.com.tn\/fr\/wp-json\/wp\/v2\/media?parent=2733"}],"wp:term":[{"taxonomy":"product_cat","embeddable":true,"href":"https:\/\/aquatiss.com.tn\/fr\/wp-json\/wp\/v2\/product_cat?post=2733"},{"taxonomy":"product_tag","embeddable":true,"href":"https:\/\/aquatiss.com.tn\/fr\/wp-json\/wp\/v2\/product_tag?post=2733"}],"curies":[{"name":"wp","href":"https:\/\/api.w.org\/{rel}","templated":true}]}}