{"id":27413,"date":"2021-06-09T08:27:47","date_gmt":"2021-06-09T08:27:47","guid":{"rendered":"http:\/\/aquatiss.com.tn\/produit\/boites-de-mouchoirs-en-papier-personnalisees-avec-logo\/"},"modified":"2021-06-09T09:00:01","modified_gmt":"2021-06-09T09:00:01","slug":"boites-de-mouchoirs-en-papier-personnalisees-avec-logo","status":"publish","type":"product","link":"https:\/\/aquatiss.com.tn\/fr\/produit\/boites-de-mouchoirs-en-papier-personnalisees-avec-logo\/","title":{"rendered":"Bo\u00eetes de mouchoirs en papier personnalis\u00e9es avec logo"},"content":{"rendered":"<p>Bo\u00eetes de mouchoirs en papier personnalis\u00e9es avec logo<\/p>\n<p>Design ultra-tendance pour sublimer votre int\u00e9rieur<\/p>\n<p>Ces mouchoirs rectangles blancs en papier extra doux assurent confort et r\u00e9sistance au quotidien !<br \/>\nUltra r\u00e9sistants et absorbants, ils sont indispensables !<\/p>\n<p>Mouchoirs jetables double \u00e9paisseur,<br \/>\nId\u00e9al pour tous les environnements soucieux de leur image de marque (bureaux, h\u00f4tels\u2026)<br \/>\nPapier absorbants, doux, r\u00e9sistants et qui ne s\u2019effritent pas gr\u00e2ce \u00e0 l\u2019\u00e9paisseur renforc\u00e9e,<br \/>\nMouchoirs toujours \u00e0 port\u00e9e de main et facilement retirables des bo\u00eetes<br \/>\nR\u00e9duction des co\u00fbts gr\u00e2ce \u00e0 la distribution feuille \u00e0 feuille anti-gaspillage,<br \/>\nBo\u00eetes utilisables telles quelles ou compatibles avec le distributeur mural<br \/>\nMouchoirs fabriqu\u00e9s \u00e0 partir de fibres de cellulose biod\u00e9gradables,<br \/>\nSe d\u00e9sint\u00e8gre facilement pour \u00e9viter l\u2019obstruction de la tuyauterie<br \/>\nId\u00e9al pour les espaces commerciaux \u00e0 fort trafic, tels que les bureaux, les toilettes ainsi que des maisons<\/p>\n<h4>Point fort Bo\u00eetes de mouchoirs en papier personnalis\u00e9es avec logo<\/h4>\n<p>En pure ouate de cellulose.<br \/>\nDouble \u00e9paisseurs enchev\u00eatr\u00e9es.<br \/>\npaquet mouchoirs El\u00e9gance<br \/>\nUltradoux et absorbants<\/p>\n<p><span style=\"color: #ffffff\">Qualit\u00e9 Kleenex<\/span><\/p>\n","protected":false},"excerpt":{"rendered":"<p><span style=\"color: #ff0000;font-size: 14pt\"><strong>Votre Logo<\/strong><\/span><br \/>\n<span style=\"color: #3366ff\"><strong>Par carton de 50 paquets\u00a0<\/strong><\/span><\/p>\n<p>Bo\u00eete contient 100 mouchoirs double \u00e9paisseurs<br \/>\nDoux et r\u00e9sistant, Sans parfum,<br \/>\nPapier 100 % cellulose vierge biod\u00e9gradables blanc<br \/>\nS&rsquo;adapter \u00e0 la fois aux int\u00e9rieurs modernes et traditionnels<br \/>\nMouchoir \u00e0 la douceur exceptionnelle aspect soyeux<br \/>\nDimensions 22x11x5 cm<\/p>\n","protected":false},"featured_media":27415,"comment_status":"open","ping_status":"closed","template":"","meta":[],"product_cat":[416,403],"product_tag":[],"class_list":["post-27413","product","type-product","status-publish","has-post-thumbnail","hentry","product_cat-papier-enchevetre","product_cat-papier-wc-essuie-main"],"_links":{"self":[{"href":"https:\/\/aquatiss.com.tn\/fr\/wp-json\/wp\/v2\/product\/27413","targetHints":{"allow":["GET"]}}],"collection":[{"href":"https:\/\/aquatiss.com.tn\/fr\/wp-json\/wp\/v2\/product"}],"about":[{"href":"https:\/\/aquatiss.com.tn\/fr\/wp-json\/wp\/v2\/types\/product"}],"replies":[{"embeddable":true,"href":"https:\/\/aquatiss.com.tn\/fr\/wp-json\/wp\/v2\/comments?post=27413"}],"wp:featuredmedia":[{"embeddable":true,"href":"https:\/\/aquatiss.com.tn\/fr\/wp-json\/wp\/v2\/media\/27415"}],"wp:attachment":[{"href":"https:\/\/aquatiss.com.tn\/fr\/wp-json\/wp\/v2\/media?parent=27413"}],"wp:term":[{"taxonomy":"product_cat","embeddable":true,"href":"https:\/\/aquatiss.com.tn\/fr\/wp-json\/wp\/v2\/product_cat?post=27413"},{"taxonomy":"product_tag","embeddable":true,"href":"https:\/\/aquatiss.com.tn\/fr\/wp-json\/wp\/v2\/product_tag?post=27413"}],"curies":[{"name":"wp","href":"https:\/\/api.w.org\/{rel}","templated":true}]}}