{"id":27590,"date":"2021-06-15T14:21:31","date_gmt":"2021-06-15T14:21:31","guid":{"rendered":"http:\/\/aquatiss.com.tn\/produit\/gel-hydroalcoolique-5-l-alcoplus\/"},"modified":"2022-01-20T16:33:29","modified_gmt":"2022-01-20T16:33:29","slug":"gel-hydroalcoolique-5-l-alcoplus","status":"publish","type":"product","link":"https:\/\/aquatiss.com.tn\/fr\/produit\/gel-hydroalcoolique-5-l-alcoplus\/","title":{"rendered":"Gel hydroalcoolique 5 L Alcoplus"},"content":{"rendered":"<p>Gel hydroalcoolique 5 L Alcoplus<\/p>\n<p>pour lutter contre la transmission des bact\u00e9ries<br \/>\nLe gel\u00a0 hydroalcoolique\u00a0 (gel antibact\u00e9rien) Alcoplus est\u00a0 un antiseptique\u00a0\u00a0cutan\u00e9e agit rapidement\u00a0 par friction des mains \u00e9limine 99.9% des <strong>Bact\u00e9ries sans rin\u00e7age<\/strong><\/p>\n<p>Notre s\u00e9lection de gel hydroalcoolique Alcoplus r\u00e9pond aux normes en vigueur afin de garantir une hygi\u00e8ne parfaite des mains<\/p>\n<p>Pour l&rsquo;antiseptie et la d\u00e9contamination instantan\u00e9e des mains \u00e0 sec la Solution d\u00e9sinfectante hydroalcoolique Alcoplus est le produit\u00a0 le plus couramment utilis\u00e9e<\/p>\n<p>Peut \u00eatre utiliser<a href=\"https:\/\/aquatiss.com.tn\/?post_type=product&amp;s=241.7&amp;asp_active=1&amp;p_asid=1&amp;p_asp_data=Y3VycmVudF9wYWdlX2lkPTQyODImd29vX2N1cnJlbmN5PVRORCZxdHJhbnNsYXRlX2xhbmc9MCZhc3BfZ2VuJTVCJTVEPXRpdGxlJmFzcF9nZW4lNUIlNUQ9Y29udGVudCZhc3BfZ2VuJTVCJTVEPWV4Y2VycHQmY3VzdG9tc2V0JTVCJTVEPXByb2R1Y3Q=\">\u00a0sur nos distributeurs de savon<\/a>.\u00a0<span class=\"gras\">Aucun rin\u00e7age n\u2019est n\u00e9cessaire<\/span>.<\/p>\n<h4>Composition<\/h4>\n<p>\u00c9thanol 70% m\/m en pr\u00e9sence d&rsquo;agent \u00e9paississant des mains<\/p>\n<h4>Propri\u00e9t\u00e9s microbiologiques<\/h4>\n<p>A 20 \u00b0 C\u00a0 bact\u00e9ricide\u00a0 EN1040 EN1276 friction hygi\u00e9niques des mains EN1500 levuricide EN1650<\/p>\n<h4>Mode d&#8217;emploi Gel hydroalcoolique 5 L Alcoplus<\/h4>\n<p>Gel hydro-alcolique Alcoplus \u00a0s\u2019appliquer sur mains propres une dose de gel, frotter les mains et les poignets pendant 30 secondes au moins jusqu\u2019\u00e0 \u00e9vaporation compl\u00e8te du produit.<br \/>\nNe pas rincer et ne pas s\u00e9cher . Traitement hygi\u00e9nique : 3 ml \/ 30 secondes<\/p>\n<p>Inflammable<br \/>\nProduit d\u2019usage externe<br \/>\nNe pas avaler<br \/>\n\u00c9viter le contact avec les yeux<br \/>\nUsage cutan\u00e9 exclusivement<\/p>\n","protected":false},"excerpt":{"rendered":"<p>pr\u00e9conis\u00e9es pour \u00e9liminer les bact\u00e9ries et les virus, notamment lors d\u2019\u00e9pid\u00e9mies telles que la grippe ou le Covid-19<br \/>\nAgit par friction\u00a0des mains \u00e9limine 99.9% des\u00a0<strong>Bact\u00e9ries sans rin\u00e7age<\/strong><\/p>\n","protected":false},"featured_media":27591,"comment_status":"open","ping_status":"closed","template":"","meta":[],"product_cat":[455],"product_tag":[1668,2070,1667],"class_list":["post-27590","product","type-product","status-publish","has-post-thumbnail","hentry","product_cat-gel-hydro-alcoolique","product_tag-gel-antibacterien-desinfectant","product_tag-gel-hydroalcoolique","product_tag-solutions-hydro-alcooliques","pa_contenance-1l"],"_links":{"self":[{"href":"https:\/\/aquatiss.com.tn\/fr\/wp-json\/wp\/v2\/product\/27590","targetHints":{"allow":["GET"]}}],"collection":[{"href":"https:\/\/aquatiss.com.tn\/fr\/wp-json\/wp\/v2\/product"}],"about":[{"href":"https:\/\/aquatiss.com.tn\/fr\/wp-json\/wp\/v2\/types\/product"}],"replies":[{"embeddable":true,"href":"https:\/\/aquatiss.com.tn\/fr\/wp-json\/wp\/v2\/comments?post=27590"}],"wp:featuredmedia":[{"embeddable":true,"href":"https:\/\/aquatiss.com.tn\/fr\/wp-json\/wp\/v2\/media\/27591"}],"wp:attachment":[{"href":"https:\/\/aquatiss.com.tn\/fr\/wp-json\/wp\/v2\/media?parent=27590"}],"wp:term":[{"taxonomy":"product_cat","embeddable":true,"href":"https:\/\/aquatiss.com.tn\/fr\/wp-json\/wp\/v2\/product_cat?post=27590"},{"taxonomy":"product_tag","embeddable":true,"href":"https:\/\/aquatiss.com.tn\/fr\/wp-json\/wp\/v2\/product_tag?post=27590"}],"curies":[{"name":"wp","href":"https:\/\/api.w.org\/{rel}","templated":true}]}}