{"id":27615,"date":"2021-06-17T14:08:01","date_gmt":"2021-06-17T14:08:01","guid":{"rendered":"http:\/\/aquatiss.com.tn\/produit\/osmoseur-inverse-avec-pompe-profine-plus\/"},"modified":"2023-01-11T10:22:37","modified_gmt":"2023-01-11T10:22:37","slug":"osmoseur-inverse-avec-pompe-profine-plus","status":"publish","type":"product","link":"https:\/\/aquatiss.com.tn\/fr\/produit\/osmoseur-inverse-avec-pompe-profine-plus\/","title":{"rendered":"Osmoseur inverse  avec pompe Profine Plus"},"content":{"rendered":"<p>Osmoseur inverse avec pompe Profine Plus<\/p>\n<h4>Avantage<\/h4>\n<p>Eau cristalline, sans calcaire<br \/>\nbouilloire propre sans d\u00e9p\u00f4ts<br \/>\nProtection de la machine \u00e0 caf\u00e9<\/p>\n<p>vous obtenez une eau :<br \/>\nsans m\u00e9taux, chlore, pesticides, micro-organismes<br \/>\nbon pour le fonctionnement de l&rsquo;organisme riche en \u00a0\u00a0calcium, le magn\u00e9sium, le potassium, le sodium.<br \/>\nionis\u00e9e &#8211; une eau aux propri\u00e9t\u00e9s b\u00e9n\u00e9fiques pour la sant\u00e9, oxyg\u00e9nation du corps et retarde le processus de vieillissement.<br \/>\nVous n&rsquo;avez pas besoin d&rsquo;acheter et de transporter des bouteilles d\u2019eau et donc de limiter la production de d\u00e9chets plastiques.<\/p>\n<h4>Technologie<\/h4>\n<p>L&rsquo;osmose inverse, la technologie la plus efficace pour la purification de l&rsquo;eau potable. Il r\u00e9duit 99,8% des impuret\u00e9s et pollutions (nitrate, pesticide) , bact\u00e9ries et virus Chlore, ainsi que les odeurs et couleurs, rendant l&rsquo;eau claire, propre,<\/p>\n<p>rejeter les \u00e9l\u00e9ments ind\u00e9sirables que sont :<br \/>\nle chlore<br \/>\nles nitrates<br \/>\nles m\u00e9taux lourds\u00a0: fluor, chrome, mercure, plomb, zinc<br \/>\nles r\u00e9sidus m\u00e9dicamenteux<br \/>\nles pesticides et autres impuret\u00e9s\u00a0: calcaire, bact\u00e9ries<\/p>\n<p>en effet sans danger pour la sant\u00e9 humaine, tant pour les adultes que pour les enfants. Parall\u00e8lement \u00e0 cela, le filtre \u00e0 osmose inverse est l&rsquo;une des m\u00e9thodes les plus \u00e9conomique de purification de l&rsquo;eau domestique.<\/p>\n<h4>\u00a0<a href=\"https:\/\/aquatiss.com.tn\/fonctionnement-osmose-inverse\/\"><img decoding=\"async\"  src=\"https:\/\/aquatiss.com.tn\/wp-content\/uploads\/2018\/05\/fonctionnement-osmose-inverse.jpg\" alt=\"fonctionnement-osmose-inverse\" width=\"325\" height=\"380\" srcset=\"https:\/\/aquatiss.com.tn\/wp-content\/uploads\/2018\/05\/fonctionnement-osmose-inverse.jpg 325w, https:\/\/aquatiss.com.tn\/wp-content\/uploads\/2018\/05\/fonctionnement-osmose-inverse-300x351.jpg 300w, https:\/\/aquatiss.com.tn\/wp-content\/uploads\/2018\/05\/fonctionnement-osmose-inverse-257x300.jpg 257w\" sizes=\"(max-width: 325px) 100vw, 325px\" class=\"aligncenter size-full wp-image-12776 no-lazyload\" \/><\/a><\/h4>\n<h4>Principe de l&rsquo;<strong>osmoseur direct<\/strong><\/h4>\n<p>Le principe de l&rsquo;<strong>osmoseur direct<\/strong>\u00a0est de d\u00e9livrer de l&rsquo;eau osmos\u00e9e instantan\u00e9ment <b>sans que celle-ci soit stock\u00e9e dans un r\u00e9servoir tampon.\u00a0\u00a0<\/b><a href=\"https:\/\/aquatiss.com.tn\/?s=fontaine+a+eau&amp;post_type=product&amp;dgwt_wcas=1\">ce syst\u00e8me\u00a0est\u00a0\u00a0adapt\u00e9 essentiellement pour les fontaine a eau\u00a0sur\u00a0r\u00e9seau.<\/a><\/p>\n<h4><\/h4>\n<h4>Fonctionnement de l&rsquo;osmoseur \u00e0 flux direct<\/h4>\n<div class=\"fpBlk testSep extCode\">en effet , avant d&rsquo;atteindre la\u00a0<strong>membrane<\/strong>, l&rsquo;eau du robinet traverse diff\u00e9rentes\u00a0<strong>cartouches<\/strong>.<\/div>\n<div class=\"fpBlk testSep extCode\"><\/div>\n<div class=\"fpBlk testSep extCode\">Ainsi , leurs fonctions est d&rsquo;apporter un premier niveau de filtration pour notamment prot\u00e9ger la membrane en pi\u00e9geant des\u00a0<strong>s\u00e9diments<\/strong>, en d\u00e9-chlorant l&rsquo;eau gr\u00e2ce au\u00a0<strong>charbon actif<\/strong>, ou en modifiant la structure du calcaire par le recours au\u00a0<strong>KDF<\/strong>\u00a0(m\u00e9lange de cuivre et de zinc)&#8230;<\/div>\n<div class=\"fpBlk testSep extCode\"><\/div>\n<div class=\"fpBlk testSep extCode\">enfin, la membrane \u00e9limine ensuite de\u00a080 \u00e0 95 % des mati\u00e8res solides dissoutes, l&rsquo;eau ainsi filtr\u00e9e est d&rsquo;une exceptionnelle qualit\u00e9.<\/div>\n<h4>Composition du kit :<\/h4>\n<p>Equip\u00e9 de cartouche :<\/p>\n<p>de filtration s\u00e9diment pour \u00e9liminer les impuret\u00e9s.<\/p>\n<p>charbon actif GAC \/ UDF pour \u00e9liminer le chlore.<\/p>\n<p>Carbon bloc CTO pour \u00e9liminer la mati\u00e8re organique.<\/p>\n<p>membrane 80 GPD pour purifier l\u2019eau<\/p>\n<p>post-filtre en charbon actif v\u00e9g\u00e9tal<\/p>\n<p>1 robinet et 1 r\u00e9servoir 15 l<\/p>\n<p><strong>Garanti un an<\/strong><\/p>\n<p><a class=\"maxbutton-1 maxbutton maxbutton-pdf\" target=\"_blank\" title=\"PDF\" rel=\"noopener\" href=\"https:\/\/aquatiss.com.tn\/wp-content\/uploads\/2018\/10\/CONTRAT-entreien-fontainefinal.pdf\"><span class='mb-text'>Contrat d'entretien<\/span><\/a><\/p>\n","protected":false},"excerpt":{"rendered":"<h4>purification de l&rsquo;eau r\u00e9duit <span style=\"font-size: 18pt; color: #9e1111;\">99,8%<\/span> des impuret\u00e9s et pollutions<\/h4>\n<p>&nbsp;<\/p>\n<p>Cartouche filtration s\u00e9diment pour \u00e9liminer les impuret\u00e9s.<br \/>\nCartouche charbon actif GAC \/ UDF pour \u00e9liminer le chlore.<br \/>\nCartouche Charbon bloc CTO pour \u00e9liminer la mati\u00e8re organique.<br \/>\nMembrane 80 GPD pour purifier l\u2019eau<br \/>\nPost-filtre en charbon actif v\u00e9g\u00e9tal<br \/>\nRobinet et 1 r\u00e9servoir 15L<\/p>\n<p><strong>Protection de la machine \u00e0 caf\u00e9<\/strong><\/p>\n<p><a href=\"http:\/\/gator4082.temp.domains\/~aquatiss\/nos-produits\/porte-filtre-pour-fontaine-fraiche\/attachment\/contrat-entreien-fontainefinal\/\" rel=\"attachment wp-att-14312\">[maxbutton id=\"1\" url=\"http:\/\/gator4082.temp.domains\/~aquatiss\/wp-content\/uploads\/2018\/10\/CONTRAT-entreien-fontainefinal.pdf\" text=\"Contrat d'entretien\" ]<\/a><\/p>\n<p>&nbsp;<\/p>\n","protected":false},"featured_media":27622,"comment_status":"open","ping_status":"closed","template":"","meta":[],"product_cat":[1999],"product_tag":[1468,1469,1467],"class_list":["post-27615","product","type-product","status-publish","has-post-thumbnail","hentry","product_cat-systeme-filtrage-eau","product_tag-kit-osmoseur-inverse","product_tag-leau-osmosee","product_tag-osmoseur"],"_links":{"self":[{"href":"https:\/\/aquatiss.com.tn\/fr\/wp-json\/wp\/v2\/product\/27615","targetHints":{"allow":["GET"]}}],"collection":[{"href":"https:\/\/aquatiss.com.tn\/fr\/wp-json\/wp\/v2\/product"}],"about":[{"href":"https:\/\/aquatiss.com.tn\/fr\/wp-json\/wp\/v2\/types\/product"}],"replies":[{"embeddable":true,"href":"https:\/\/aquatiss.com.tn\/fr\/wp-json\/wp\/v2\/comments?post=27615"}],"wp:featuredmedia":[{"embeddable":true,"href":"https:\/\/aquatiss.com.tn\/fr\/wp-json\/wp\/v2\/media\/27622"}],"wp:attachment":[{"href":"https:\/\/aquatiss.com.tn\/fr\/wp-json\/wp\/v2\/media?parent=27615"}],"wp:term":[{"taxonomy":"product_cat","embeddable":true,"href":"https:\/\/aquatiss.com.tn\/fr\/wp-json\/wp\/v2\/product_cat?post=27615"},{"taxonomy":"product_tag","embeddable":true,"href":"https:\/\/aquatiss.com.tn\/fr\/wp-json\/wp\/v2\/product_tag?post=27615"}],"curies":[{"name":"wp","href":"https:\/\/api.w.org\/{rel}","templated":true}]}}