{"id":2762,"date":"2017-02-23T09:27:23","date_gmt":"2017-02-23T08:27:23","guid":{"rendered":"http:\/\/gator4082.temp.domains\/~aquatiss\/?post_type=product&#038;p=2762"},"modified":"2017-02-23T09:47:03","modified_gmt":"2017-02-23T08:47:03","slug":"distributeur-de-couvre-siege-acier-blanc","status":"publish","type":"product","link":"https:\/\/aquatiss.com.tn\/fr\/produit\/distributeur-de-couvre-siege-acier-blanc\/","title":{"rendered":"Distributeur de couvre si\u00e8ge en acier blanc"},"content":{"rendered":"<p>Distributeur de protections de si\u00e8ges WC \u00e0 usage unique<br \/>\nEn acier blanc et \u00e0 bouton poussoir<br \/>\nBarri\u00e8re efficace contre les bact\u00e9ries et les salissures.<br \/>\nLes protections sont \u00e9limin\u00e9es par la chasse d&rsquo;eau, elles se d\u00e9litent en 16 secondes.<br \/>\nFermeture \u00e0 cl\u00e9.<br \/>\nContenance : 2 recharges de 125 protections<br \/>\nRecharge couvre si\u00e8ge : Carton de 2500 feuilles soit 20 cartouches de 125 protections<\/p>\n","protected":false},"excerpt":{"rendered":"<p>Distributeur de protections de si\u00e8ges WC \u00e0 usage unique<br \/>\nEn acier blanc et \u00e0 bouton poussoir<\/p>\n","protected":false},"featured_media":2763,"comment_status":"open","ping_status":"closed","template":"","meta":[],"product_cat":[118,108],"product_tag":[713],"class_list":["post-2762","product","type-product","status-publish","has-post-thumbnail","hentry","product_cat-distributeur-couvre-siege","product_cat-hygiene","product_tag-distributeur","pa_domaine-collectivites","pa_domaine-entreprise","pa_domaine-food","pa_domaine-hotel","pa_domaine-industrie","pa_domaine-medical","pa_domaine-proprete","pa_material-acier"],"_links":{"self":[{"href":"https:\/\/aquatiss.com.tn\/fr\/wp-json\/wp\/v2\/product\/2762","targetHints":{"allow":["GET"]}}],"collection":[{"href":"https:\/\/aquatiss.com.tn\/fr\/wp-json\/wp\/v2\/product"}],"about":[{"href":"https:\/\/aquatiss.com.tn\/fr\/wp-json\/wp\/v2\/types\/product"}],"replies":[{"embeddable":true,"href":"https:\/\/aquatiss.com.tn\/fr\/wp-json\/wp\/v2\/comments?post=2762"}],"wp:featuredmedia":[{"embeddable":true,"href":"https:\/\/aquatiss.com.tn\/fr\/wp-json\/wp\/v2\/media\/2763"}],"wp:attachment":[{"href":"https:\/\/aquatiss.com.tn\/fr\/wp-json\/wp\/v2\/media?parent=2762"}],"wp:term":[{"taxonomy":"product_cat","embeddable":true,"href":"https:\/\/aquatiss.com.tn\/fr\/wp-json\/wp\/v2\/product_cat?post=2762"},{"taxonomy":"product_tag","embeddable":true,"href":"https:\/\/aquatiss.com.tn\/fr\/wp-json\/wp\/v2\/product_tag?post=2762"}],"curies":[{"name":"wp","href":"https:\/\/api.w.org\/{rel}","templated":true}]}}