{"id":27662,"date":"2021-06-18T13:40:35","date_gmt":"2021-06-18T13:40:35","guid":{"rendered":"http:\/\/aquatiss.com.tn\/?post_type=product&#038;p=27662"},"modified":"2021-10-14T10:46:53","modified_gmt":"2021-10-14T10:46:53","slug":"machine-glacons-professionnelle-320-kg-jour-icematic-n301m","status":"publish","type":"product","link":"https:\/\/aquatiss.com.tn\/fr\/produit\/machine-glacons-professionnelle-320-kg-jour-icematic-n301m\/","title":{"rendered":"Machine gla\u00e7ons professionnelle 320 kg\/jour Icematic N301M"},"content":{"rendered":"<p>Machine gla\u00e7ons professionnelle 320 kg\/jour Icematic N301M<\/p>\n<p>Les machines \u00e0 gla\u00e7ons ICEMATIC produisent de la glace de calotte (d\u00e9 \u00e0 coudre),<br \/>\nen acier inoxydable et \u00e9quip\u00e9es d&rsquo;un stockage de glace int\u00e9gr\u00e9. Ces machines ont depuis longtemps<br \/>\nFait leurs preuves sur divers march\u00e9s mondiaux comme les plus efficaces. Cette forme de glace<br \/>\npermet un refroidissement rapide du liquide et maintient la temp\u00e9rature basse plus longtemps.<br \/>\nCap ice est utilis\u00e9 dans les caf\u00e9s, bars et restaurants pour pr\u00e9parer des<br \/>\ncocktails et rafra\u00eechir diverses boissons.<\/p>\n<h4>Caract\u00e9ristiques Machine gla\u00e7ons professionnelle 320 kg\/jour Icematic N301M<\/h4>\n<p>Production (24 h): 320 kg<br \/>\nBac de rangement non inclus<br \/>\nVoltage: 380 V \/ 3 \/ 50 Hz<br \/>\nDimensions: PXLXH 760x620x575mm<\/p>\n","protected":false},"excerpt":{"rendered":"<p>utilis\u00e9 dans les caf\u00e9s, bars et restaurants pour pr\u00e9parer des<br \/>\ncocktails et rafra\u00eechir diverses boissons<\/p>\n<p>Production (24 h): 320 kg<br \/>\nBac de rangement non inclus<br \/>\nVoltage: 380 V \/ 3 \/ 50 Hz<br \/>\nDimensions: PXLXH 760x620x575mm<\/p>\n","protected":false},"featured_media":27666,"comment_status":"open","ping_status":"closed","template":"","meta":[],"product_cat":[2049],"product_tag":[2071],"class_list":["post-27662","product","type-product","status-publish","has-post-thumbnail","hentry","product_cat-machine-a-glacons","product_tag-machines-a-glacons"],"_links":{"self":[{"href":"https:\/\/aquatiss.com.tn\/fr\/wp-json\/wp\/v2\/product\/27662","targetHints":{"allow":["GET"]}}],"collection":[{"href":"https:\/\/aquatiss.com.tn\/fr\/wp-json\/wp\/v2\/product"}],"about":[{"href":"https:\/\/aquatiss.com.tn\/fr\/wp-json\/wp\/v2\/types\/product"}],"replies":[{"embeddable":true,"href":"https:\/\/aquatiss.com.tn\/fr\/wp-json\/wp\/v2\/comments?post=27662"}],"wp:featuredmedia":[{"embeddable":true,"href":"https:\/\/aquatiss.com.tn\/fr\/wp-json\/wp\/v2\/media\/27666"}],"wp:attachment":[{"href":"https:\/\/aquatiss.com.tn\/fr\/wp-json\/wp\/v2\/media?parent=27662"}],"wp:term":[{"taxonomy":"product_cat","embeddable":true,"href":"https:\/\/aquatiss.com.tn\/fr\/wp-json\/wp\/v2\/product_cat?post=27662"},{"taxonomy":"product_tag","embeddable":true,"href":"https:\/\/aquatiss.com.tn\/fr\/wp-json\/wp\/v2\/product_tag?post=27662"}],"curies":[{"name":"wp","href":"https:\/\/api.w.org\/{rel}","templated":true}]}}