{"id":27663,"date":"2021-06-18T13:41:38","date_gmt":"2021-06-18T13:41:38","guid":{"rendered":"http:\/\/aquatiss.com.tn\/?post_type=product&#038;p=27663"},"modified":"2025-04-04T07:55:50","modified_gmt":"2025-04-04T07:55:50","slug":"machine-glacons-professionnelle-485-kg-jour-icematic-n501m","status":"publish","type":"product","link":"https:\/\/aquatiss.com.tn\/fr\/produit\/machine-glacons-professionnelle-485-kg-jour-icematic-n501m\/","title":{"rendered":"Machine gla\u00e7ons professionnelle 485 kg\/jour Icematic N501M"},"content":{"rendered":"<p>Machine gla\u00e7ons professionnelle 485 kg\/jour Icematic N501M<\/p>\n<p>Les machines \u00e0 gla\u00e7ons ICEMATIC produisent de la glace de calotte (d\u00e9 \u00e0 coudre),<br \/>\nen acier inoxydable et \u00e9quip\u00e9es d&rsquo;un stockage de glace int\u00e9gr\u00e9. Ces machines ont depuis longtemps<br \/>\nFait leurs preuves sur divers march\u00e9s mondiaux comme les plus efficaces. Cette forme de glace<br \/>\npermet un refroidissement rapide du liquide et maintient la temp\u00e9rature basse plus longtemps.<br \/>\nCap ice est utilis\u00e9 dans les caf\u00e9s, bars et restaurants pour pr\u00e9parer des<br \/>\ncocktails et rafra\u00eechir diverses boissons.<\/p>\n<h4>Caract\u00e9ristiques Machine gla\u00e7ons professionnelle 485 kg\/jour Icematic N501M<\/h4>\n<p>Production (24 h): 485 kg<br \/>\nBac de rangement non inclus<br \/>\nVoltage: 380 V \/ 3 \/ 50 Hz<br \/>\nDimensions: PXLXH 760X620X800<\/p>\n","protected":false},"excerpt":{"rendered":"<p>utilis\u00e9 dans les caf\u00e9s, bars et restaurants pour pr\u00e9parer des<br \/>\ncocktails et rafra\u00eechir diverses boissons<\/p>\n<p>Production (24 h): 485 kg<br \/>\nBac de rangement non inclus<br \/>\nVoltage: 380 V \/ 3 \/ 50 Hz<br \/>\nDimensions: PXLXH 760X620X800<\/p>\n","protected":false},"featured_media":27664,"comment_status":"open","ping_status":"closed","template":"","meta":[],"product_cat":[2049],"product_tag":[2072,2071],"class_list":["post-27663","product","type-product","status-publish","has-post-thumbnail","hentry","product_cat-machine-a-glacons","product_tag-machine-glacons-professionnelle","product_tag-machines-a-glacons"],"_links":{"self":[{"href":"https:\/\/aquatiss.com.tn\/fr\/wp-json\/wp\/v2\/product\/27663","targetHints":{"allow":["GET"]}}],"collection":[{"href":"https:\/\/aquatiss.com.tn\/fr\/wp-json\/wp\/v2\/product"}],"about":[{"href":"https:\/\/aquatiss.com.tn\/fr\/wp-json\/wp\/v2\/types\/product"}],"replies":[{"embeddable":true,"href":"https:\/\/aquatiss.com.tn\/fr\/wp-json\/wp\/v2\/comments?post=27663"}],"wp:featuredmedia":[{"embeddable":true,"href":"https:\/\/aquatiss.com.tn\/fr\/wp-json\/wp\/v2\/media\/27664"}],"wp:attachment":[{"href":"https:\/\/aquatiss.com.tn\/fr\/wp-json\/wp\/v2\/media?parent=27663"}],"wp:term":[{"taxonomy":"product_cat","embeddable":true,"href":"https:\/\/aquatiss.com.tn\/fr\/wp-json\/wp\/v2\/product_cat?post=27663"},{"taxonomy":"product_tag","embeddable":true,"href":"https:\/\/aquatiss.com.tn\/fr\/wp-json\/wp\/v2\/product_tag?post=27663"}],"curies":[{"name":"wp","href":"https:\/\/api.w.org\/{rel}","templated":true}]}}