{"id":27792,"date":"2021-06-25T14:49:58","date_gmt":"2021-06-25T14:49:58","guid":{"rendered":"http:\/\/aquatiss.com.tn\/?post_type=product&#038;p=27792"},"modified":"2021-06-25T14:53:16","modified_gmt":"2021-06-25T14:53:16","slug":"humidificateur-flux-dair-max-460-l-s-dyson-am10","status":"publish","type":"product","link":"https:\/\/aquatiss.com.tn\/fr\/produit\/humidificateur-flux-dair-max-460-l-s-dyson-am10\/","title":{"rendered":"Humidificateur Flux d\u2019air max 460 l\/s DYSON AM10"},"content":{"rendered":"<p>Humidificateur Flux d\u2019air max 460 l\/s DYSON AM10<\/p>\n<h4 class=\"text__heading h6\">Technologie Ultraviolet Cleanse Humidificateur Flux d\u2019air max 460 l\/s DYSON AM10<\/h4>\n<div class=\"text__body js-text-body typography-body--small\" data-label-target=\"Ouvre une nouvelle fen\u00eatre\">\n<p>Une lumi\u00e8re \u00e0 ondes courtes p\u00e9n\u00e8tre les cellules et perturbe l\u2019ADN d\u2019organismes tels que les bact\u00e9ries, les virus et les champignons. Un cycle de trois minutes tue 99,9\u00a0% de ces organismes pr\u00e9sents dans l\u2019eau.<\/p>\n<\/div>\n<h4 class=\"text__heading h6\">Humidification hygi\u00e9nique<\/h4>\n<div class=\"text__body js-text-body typography-body--small\" data-label-target=\"Ouvre une nouvelle fen\u00eatre\">\n<p>Lorsque l\u2019air manque d\u2019humidit\u00e9, il peut dess\u00e9cher la peau et les sinus.<\/p>\n<p>Il peut \u00e9galement r\u00e9duire les d\u00e9fenses naturelles contre l\u2019asthme et les allergies. L\u2019humidificateur Dyson humidifie l\u2019air de mani\u00e8re hygi\u00e9nique.<\/p>\n<\/div>\n<h4 class=\"text__heading h6\">Certifi\u00e9 Asthma\u00a0&amp;\u00a0Allergy\u00a0friendly\u2122<\/h4>\n<div class=\"text__body js-text-body typography-body--small\" data-label-target=\"Ouvre une nouvelle fen\u00eatre\">\n<p>L\u2019humidificateur Dyson est certifi\u00e9 convenir aux personnes souffrant d\u2019allergies.<\/p>\n<\/div>\n<h4 class=\"text__heading h6\">Conception acoustique<\/h4>\n<div class=\"text__body js-text-body typography-body--small\" data-label-target=\"Ouvre une nouvelle fen\u00eatre\">\n<p>Cet humidificateur est le premier au monde \u00e0 se voir attribuer la certification Quiet\u00a0Mark par la Noise\u00a0Abatement\u00a0Society.<\/p>\n<\/div>\n<h4 class=\"text__heading h6\">Double fonctionnalit\u00e9<\/h4>\n<div class=\"text__body js-text-body typography-body--small\" data-label-target=\"Ouvre une nouvelle fen\u00eatre\">\n<p>Une humidification hygi\u00e9nique et uniforme tout au long de l\u2019ann\u00e9e, avec de l\u2019air \u00e0 haute vitesse pour vous rafra\u00eechir en \u00e9t\u00e9<\/p>\n<\/div>\n<h4 class=\"text__heading h6\">T\u00e9l\u00e9commande<\/h4>\n<div class=\"text__body js-text-body typography-body--small\" data-label-target=\"Ouvre une nouvelle fen\u00eatre\">\n<p>Avec dix r\u00e9glages pr\u00e9cis du flux d\u2019air. T\u00e9l\u00e9commande incurv\u00e9e et magn\u00e9tis\u00e9e pour faciliter son rangement sur l\u2019appareil<\/p>\n<\/div>\n<h4 class=\"text__heading h6\">Programmateur<\/h4>\n<div class=\"text__body js-text-body typography-body--small\" data-label-target=\"Ouvre une nouvelle fen\u00eatre\">\n<p>Il est possible de programmer l\u2019arr\u00eat de l\u2019appareil apr\u00e8s un laps de temps allant de 15\u00a0minutes \u00e0\u00a09\u00a0heures.<\/p>\n<\/div>\n","protected":false},"excerpt":{"rendered":"<p>Humidification de l\u2019air sec prouv\u00e9e scientifiquement pour un environnement plus confortable<\/p>\n<p>Ultraviolet Cleanse tue 99,9 % \u00a0bact\u00e9ries, les virus, champignons&#8230;<br \/>\nHumidifie l\u2019air de mani\u00e8re hygi\u00e9nique<br \/>\nCertifi\u00e9 Asthma\u00a0&amp;\u00a0Allergy\u00a0friendly<br \/>\nCertification acoustique Quiet Mark<br \/>\nAir \u00e0 haute vitesse pour vous rafra\u00eechir en \u00e9t\u00e9.<br \/>\nT\u00e9l\u00e9commande incurv\u00e9e et magn\u00e9tis\u00e9e<br \/>\nProgrammer l\u2019arr\u00eat de l\u2019appareil<\/p>\n","protected":false},"featured_media":27793,"comment_status":"open","ping_status":"closed","template":"","meta":[],"product_cat":[2075],"product_tag":[916,2074,1904],"class_list":["post-27792","product","type-product","status-publish","has-post-thumbnail","hentry","product_cat-traitement-air","product_tag-aero-brumisateur","product_tag-humidification","product_tag-ventilateur"],"_links":{"self":[{"href":"https:\/\/aquatiss.com.tn\/fr\/wp-json\/wp\/v2\/product\/27792","targetHints":{"allow":["GET"]}}],"collection":[{"href":"https:\/\/aquatiss.com.tn\/fr\/wp-json\/wp\/v2\/product"}],"about":[{"href":"https:\/\/aquatiss.com.tn\/fr\/wp-json\/wp\/v2\/types\/product"}],"replies":[{"embeddable":true,"href":"https:\/\/aquatiss.com.tn\/fr\/wp-json\/wp\/v2\/comments?post=27792"}],"wp:featuredmedia":[{"embeddable":true,"href":"https:\/\/aquatiss.com.tn\/fr\/wp-json\/wp\/v2\/media\/27793"}],"wp:attachment":[{"href":"https:\/\/aquatiss.com.tn\/fr\/wp-json\/wp\/v2\/media?parent=27792"}],"wp:term":[{"taxonomy":"product_cat","embeddable":true,"href":"https:\/\/aquatiss.com.tn\/fr\/wp-json\/wp\/v2\/product_cat?post=27792"},{"taxonomy":"product_tag","embeddable":true,"href":"https:\/\/aquatiss.com.tn\/fr\/wp-json\/wp\/v2\/product_tag?post=27792"}],"curies":[{"name":"wp","href":"https:\/\/api.w.org\/{rel}","templated":true}]}}