{"id":27869,"date":"2021-06-29T08:51:34","date_gmt":"2021-06-29T08:51:34","guid":{"rendered":"http:\/\/aquatiss.com.tn\/produit\/distributeur-de-savon-automatique-infrarouge-700ml\/"},"modified":"2022-07-29T09:19:32","modified_gmt":"2022-07-29T09:19:32","slug":"distributeur-de-savon-automatique-infrarouge-700ml","status":"publish","type":"product","link":"https:\/\/aquatiss.com.tn\/fr\/produit\/distributeur-de-savon-automatique-infrarouge-700ml\/","title":{"rendered":"Distributeur de gel &#8211; savon automatique infrarouge 700ML"},"content":{"rendered":"<p>Distributeur de gel &#8211; savon automatique infrarouge 700ML<br \/>\nen ABS Blanc<br \/>\nEst un\u00a0 distributeur de\u00a0liquide (savon)\u00a0automatique mural infrarouge a clef de savons liquides utilisable \u00e0 la maison comme dans tout local public ou professionnel.<\/p>\n<p><strong>UTILISATION A LA MAISON<\/strong><br \/>\nCe Distributeur de gel &#8211; savon automatique infrarouge 700ML <strong>\u00a0ABS Blanc mural <\/strong>\u00e9vite les contacts avec le savon pour <strong>plus d&rsquo;hygi\u00e8ne<\/strong>.<\/p>\n<p>En plus \u00c9conomique, son syst\u00e8me infrarouge d\u00e9tecte automatiquement les mains et d\u00e9livre\u00a0la dose optimale de savon et\u00a0 <strong>\u00e9vite ainsi tout gaspillage<\/strong>.<\/p>\n<p>Son montage est tr\u00e8s simple, il trouve facilement sa place gr\u00e2ce \u00e0 son syst\u00e8me <strong>de<\/strong> fixation murale<\/p>\n<p>Ce Distributeur de gel &#8211; savon automatique infrarouge 700ML<strong>\u00a0ABS Blanc<\/strong> est\u00a0tr\u00e8s utile\u00a0dans l<strong>a salle de bain, les toilettes et la cuisine<\/strong>.<\/p>\n<p>Par ailleurs, Tr\u00e8s pratique sur l&rsquo;\u00e9vier de cuisine (liquide vaisselle), le lavabo (<a href=\"http:\/\/gator4082.temp.domains\/~aquatiss\/categorie-produit\/hygiene\/gel-savon\/page\/2\/\">savon liquide bio bact\u00e9riologique<\/a>), dans la douche (<a href=\"http:\/\/gator4082.temp.domains\/~aquatiss\/produit\/bouteille-de-shampoing\/?doing_wp_cron=1537253947.4913671016693115234375\">shampoing<\/a>)<strong>.<\/strong><\/p>\n<h4><strong>UTILISATION EN LOCAL PUBLIC OU PROFESSIONNEL<\/strong><\/h4>\n<p><strong>L\u00e9gislation sur l\u2019hygi\u00e8ne :<\/strong> L&rsquo;hygi\u00e8ne \u00e9tant devenue une <strong>priorit\u00e9 dans de nombreux secteurs professionnels<\/strong>,<\/p>\n<p>de plus en plus, les <strong>lois imposent l&rsquo;installation de dispositifs hygi\u00e9niques pour le lavage des mains<\/strong>.<\/p>\n<p>En conclusion, Ces dispositifs doivent \u00eatre a commande non manuelle afin d&rsquo;\u00e9viter toute transmission manu port\u00e9e de bact\u00e9ries.<\/p>\n<p><strong>r\u00e9pond parfaitement \u00e0 ces exigences : <\/strong><\/p>\n<p>Par ailleurs, Il permet une hygi\u00e8ne optimale lors du lavage des mains.<\/p>\n<p>Finalement, Id\u00e9al pour les professions m\u00e9dicales et para m\u00e9dicales,la restauration et plus g\u00e9n\u00e9ralement pour tous lieux accueillant du public. Id\u00e9al pour une <strong>d\u00e9sinfection des mains<\/strong> en tout lieu avec du <a href=\"http:\/\/gator4082.temp.domains\/~aquatiss\/produit\/solution-hydro-alcoolique-virugel\/\"><strong>gel hydro alcoolique<\/strong>.<\/a><\/p>\n<p><strong><br \/>\nLes secteurs concern\u00e9s<\/strong><strong>: <\/strong><\/p>\n<p>Tout d\u2019abord, Tous les m\u00e9tiers o\u00f9 les mains n\u00e9cessitent un lavage r\u00e9gulier;<br \/>\nEnsuite, Secteur agro-alimentaire et restauration,<br \/>\n\u00c9tablissement \u00e0 caract\u00e8re sanitaire et social,<br \/>\nCr\u00e8ches, \u00c9coles primaires, Centres de vacances,<br \/>\nSecteur m\u00e9dical et pharmaceutique,<br \/>\n\u00c9tablissements p\u00e9nitentiaires,H\u00f4tellerie ;<br \/>\nMilieu scolaire (protocole national sur l&rsquo;organisation des soins et des urgences dans les \u00e9coles et les<br \/>\n\u00e9tablissements publics locaux d&rsquo;enseignement),<\/p>\n<p><strong><br \/>\nPoint fort:<\/strong><\/p>\n<p>&#8211; <strong>D\u00e9tecte automatiquement les mains<\/strong> .<\/p>\n<p>&#8211; <strong>Hygi\u00e9nique :<\/strong> pas de contact avec le savon, \u00e9vite les contaminations,<\/p>\n<p>&#8211; <strong>\u00c9conomique<\/strong> : distribue la dose id\u00e9ale environ 1 ml de savon \u00e0 chaque utilisation, pas de gaspillage,<\/p>\n<p>&#8211; Syst\u00e8me anti-goutte garantissant une hygi\u00e8ne parfaite et non contaminant du plan de travail,<\/p>\n<p>&#8211;<strong> Accepte tous types de savon liquide<\/strong>, shampoing et gel douche,<\/p>\n<p>&#8211; T\u00e9moin de batterie faible clignotant.<\/p>\n<p>&nbsp;<\/p>\n<p><strong>Caract\u00e9ristiques techniques :<\/strong><\/p>\n<p>Capacit\u00e9 de 700 ml soit environ 700 doses,<br \/>\nSe fixe \u00e0 laide\u00a0 des vis\u00a0 fournies) ,<br \/>\nFonctionne avec 3piles AA -6v non fournies permettant une utilisation allant jusqu&rsquo;\u00e0 12 mois,<br \/>\nHauteur : 19cm<br \/>\nLargeur : 11 cm<br \/>\nProfondeur : 8 cm<\/p>\n<p><strong>Garantie\u00a0 6 mois.<\/strong><\/p>\n<p>&nbsp;<\/p>\n","protected":false},"excerpt":{"rendered":"<p><span style=\"color: #ff0000;\"><strong>Premier prix sur le marche<\/strong><\/span><\/p>\n<p>Distributeur de savon automatique infrarouge 700ML pour le milieu public ou professionnel<br \/>\nCapteur de mouvement intelligent.<br \/>\nCapacit\u00e9 : 700 ml (700 doses de savon).<br \/>\nAdapt\u00e9 pour gel hydroalcoolique.<br \/>\nN\u00e9cessite 3 piles type C.<br \/>\nFermeture \u00e0 clef pr\u00e9par\u00e9e pour l&rsquo;ancrage au mur.<\/p>\n<p><strong>Garantie\u00a0 6 mois.<\/strong><\/p>\n","protected":false},"featured_media":27870,"comment_status":"open","ping_status":"closed","template":"","meta":[],"product_cat":[123],"product_tag":[1498,192],"class_list":["post-27869","product","type-product","status-publish","has-post-thumbnail","hentry","product_cat-distributeurs-de-savon","product_tag-distributeur-a-infrarouge","product_tag-distributeur-de-savon","pa_color-blanc","pa_color-bleu","pa_contenance-1l","pa_domaine-collectivites","pa_domaine-entreprise","pa_domaine-food","pa_domaine-hotel","pa_domaine-industrie","pa_domaine-medical","pa_domaine-proprete"],"_links":{"self":[{"href":"https:\/\/aquatiss.com.tn\/fr\/wp-json\/wp\/v2\/product\/27869","targetHints":{"allow":["GET"]}}],"collection":[{"href":"https:\/\/aquatiss.com.tn\/fr\/wp-json\/wp\/v2\/product"}],"about":[{"href":"https:\/\/aquatiss.com.tn\/fr\/wp-json\/wp\/v2\/types\/product"}],"replies":[{"embeddable":true,"href":"https:\/\/aquatiss.com.tn\/fr\/wp-json\/wp\/v2\/comments?post=27869"}],"wp:featuredmedia":[{"embeddable":true,"href":"https:\/\/aquatiss.com.tn\/fr\/wp-json\/wp\/v2\/media\/27870"}],"wp:attachment":[{"href":"https:\/\/aquatiss.com.tn\/fr\/wp-json\/wp\/v2\/media?parent=27869"}],"wp:term":[{"taxonomy":"product_cat","embeddable":true,"href":"https:\/\/aquatiss.com.tn\/fr\/wp-json\/wp\/v2\/product_cat?post=27869"},{"taxonomy":"product_tag","embeddable":true,"href":"https:\/\/aquatiss.com.tn\/fr\/wp-json\/wp\/v2\/product_tag?post=27869"}],"curies":[{"name":"wp","href":"https:\/\/api.w.org\/{rel}","templated":true}]}}