{"id":27978,"date":"2021-07-02T14:17:53","date_gmt":"2021-07-02T14:17:53","guid":{"rendered":"http:\/\/aquatiss.com.tn\/?post_type=product&#038;p=27978"},"modified":"2021-07-05T09:11:26","modified_gmt":"2021-07-05T09:11:26","slug":"assainisseur-air-commerciaux-20m2-hyscent-solo","status":"publish","type":"product","link":"https:\/\/aquatiss.com.tn\/fr\/produit\/assainisseur-air-commerciaux-20m2-hyscent-solo\/","title":{"rendered":"Assainisseur air commerciaux 20m2 HYscent SOLO"},"content":{"rendered":"<p>Assainisseur air commerciaux 20m2 HYscent SOLO<\/p>\n<h2>Petit est grand<\/h2>\n<p>Envie d&rsquo;un\u00a0<strong>d\u00e9sodorisant commercial<\/strong>\u00a0discret, efficace et styl\u00e9\u00a0?\u00a0C&rsquo;est la meilleure machine \u00e0 parfum commerciale sur le march\u00e9 pour une utilisation dans les petits espaces.<\/p>\n<p>Un distributeur de parfum capable de parfumer jusqu&rsquo;\u00e0 220 pieds carr\u00e9s, le Solo int\u00e8gre une technologie qui maximise l&rsquo;efficacit\u00e9 et la dynamique du flux d&rsquo;air. <strong>Les odeurs durent entre 45 et 60 jours (en mode r\u00e9glage bas)<\/strong>\u00a0et la fonctionnalit\u00e9 simple garantit que le Solo est facile \u00e0 utiliser.<\/p>\n<p>La livraison de parfum est constante,\u00a0<strong>enti\u00e8rement s\u00fbre<\/strong>\u00a0et\u00a0<strong>d\u00e9pourvue de produits chimiques nocifs.<\/strong><\/p>\n<p>&nbsp;<\/p>\n<h2>Diffuseur commercial \u2013 Smart Scent Delivery<\/h2>\n<p>Le ventilateur centrifuge sp\u00e9cialement con\u00e7u est entra\u00een\u00e9 par un moteur \u00e9lectrique Mabuchi certifi\u00e9. vous procure une senteur agr\u00e9able<\/p>\n<p>Coupl\u00e9 \u00e0 une programmation intelligente, une lib\u00e9ration de <em>Parfum d&rsquo;ambiance<\/em> constante est assur\u00e9e tout au long de la dur\u00e9e de vie de la cartouche de recharge.<\/p>\n<p>Rafra\u00eechisseur d&rsquo;air commercial parfaitement livr\u00e9 pour un air plus propre.<\/p>\n<p>&nbsp;<\/p>\n<h2>D\u00e9sodorisants commerciaux : le<br \/>\ndiffuseur de parfum en mouvement<\/h2>\n<p>Vous n&rsquo;avez pas seulement \u00e0 monter le Solo sur un mur. En raison de la recharge s\u00e8che respectueuse de l&rsquo;environnement, l&rsquo;Assainisseur air commerciaux 20m2 HYscent SOLO automatique peut \u00eatre utilis\u00e9 n&rsquo;importe o\u00f9 et dans n&rsquo;importe quelle orientation. Utilisez-le sur votre bureau, \u00e9tag\u00e8re, rebord de fen\u00eatre, table d&rsquo;appoint ou sous une table ! Il peut \u00eatre d\u00e9plac\u00e9 librement d&rsquo;un espace \u00e0 l&rsquo;autre int\u00e9rieur.<\/p>\n<p>l&rsquo;Assainisseur air commerciaux 20m2 HYscent SOLO est \u00e0 lui seul une solution \u00e9l\u00e9gante et de bon go\u00fbt pour votre petit espace et vos besoins en parfumerie .<\/p>\n<p>Dimensions seules : L 4,50&Prime;, P 3,19<br \/>\nFonctionne avec deux batteries 2 cellules.\u00a0Les piles durent jusqu&rsquo;\u00e0 12 mois<br \/>\n\u00c9cologique<br \/>\nSimple \u00e0 utiliser<br \/>\nProgrammation minimale requise<br \/>\nPas d&rsquo;a\u00e9rosols, de solvants nocifs ou de propulseurs<br \/>\nAttaquez et neutralisez les mauvaises odeurs avec OdorAxe<br \/>\nEsth\u00e9tiquement \u00e9l\u00e9gant<\/p>\n","protected":false},"excerpt":{"rendered":"<p><strong>C&rsquo;est la meilleure machine \u00e0 parfum commerciale sur le march\u00e9 pour une utilisation dans les petits espaces.<\/strong><br \/>\n<strong>allant jusqu&rsquo;\u00e0 <span style=\"font-size: 18pt\">20<\/span>m2<\/strong><\/p>\n[maxbutton id=\"2\" url=\"https:\/\/www.hyscent.com\/wp-content\/uploads\/2018\/07\/HYscent-Sellsheets-Solo-v9.pdf\" ]\n<p>Attaque neutralise les mauvaises odeurs<br \/>\nPas d&rsquo;a\u00e9rosols, de solvants nocifs<br \/>\nFonctionnement silencieux<br \/>\nR\u00e9glage bas le parfum dure 45 \u00e0 60 jours<br \/>\nR\u00e9glage \u00e9lev\u00e9 le parfum dure 30 \u00e0 45 jours<br \/>\nFonctionne 02 batteries type C<br \/>\nDimensions cm : H 11, \u00f8 8<\/p>\n<p><strong>Produit USA<\/strong><\/p>\n","protected":false},"featured_media":28037,"comment_status":"open","ping_status":"closed","template":"","meta":[],"product_cat":[117],"product_tag":[277],"class_list":["post-27978","product","type-product","status-publish","has-post-thumbnail","hentry","product_cat-diffuseur-de-parfum","product_tag-diffuseur-de-parfum"],"_links":{"self":[{"href":"https:\/\/aquatiss.com.tn\/fr\/wp-json\/wp\/v2\/product\/27978","targetHints":{"allow":["GET"]}}],"collection":[{"href":"https:\/\/aquatiss.com.tn\/fr\/wp-json\/wp\/v2\/product"}],"about":[{"href":"https:\/\/aquatiss.com.tn\/fr\/wp-json\/wp\/v2\/types\/product"}],"replies":[{"embeddable":true,"href":"https:\/\/aquatiss.com.tn\/fr\/wp-json\/wp\/v2\/comments?post=27978"}],"wp:featuredmedia":[{"embeddable":true,"href":"https:\/\/aquatiss.com.tn\/fr\/wp-json\/wp\/v2\/media\/28037"}],"wp:attachment":[{"href":"https:\/\/aquatiss.com.tn\/fr\/wp-json\/wp\/v2\/media?parent=27978"}],"wp:term":[{"taxonomy":"product_cat","embeddable":true,"href":"https:\/\/aquatiss.com.tn\/fr\/wp-json\/wp\/v2\/product_cat?post=27978"},{"taxonomy":"product_tag","embeddable":true,"href":"https:\/\/aquatiss.com.tn\/fr\/wp-json\/wp\/v2\/product_tag?post=27978"}],"curies":[{"name":"wp","href":"https:\/\/api.w.org\/{rel}","templated":true}]}}