{"id":2804,"date":"2017-02-23T15:01:26","date_gmt":"2017-02-23T15:01:26","guid":{"rendered":"http:\/\/gator4082.temp.domains\/~aquatiss\/produit\/distributeur-papiers-essuie-mains-mecanique-a-decoupe-automatique\/"},"modified":"2018-04-20T16:11:03","modified_gmt":"2018-04-20T16:11:03","slug":"distributeur-papiers-essuie-mains-mecanique-a-decoupe-automatique","status":"publish","type":"product","link":"https:\/\/aquatiss.com.tn\/fr\/produit\/distributeur-papiers-essuie-mains-mecanique-a-decoupe-automatique\/","title":{"rendered":"Distributeur papiers essuie-mains m\u00e9canique \u00e0 d\u00e9coupe automatique"},"content":{"rendered":"<p>Distributeur papiers essuie-mains m\u00e9canique \u00e0 d\u00e9coupe automatique<br \/>\nIl s\u2019adapte aux environnements les plus restreints<br \/>\nIndiqu\u00e9e pour les sanitaires \u00e0 forte fr\u00e9quentation, qui se caract\u00e9risent par une activit\u00e9 importante : les sanitaires des lieux publics tels que les a\u00e9roports, gares, administrations et lieux de manifestations.<br \/>\nFonctionne sans piles et sans Electricit\u00e9.<br \/>\nCouvercle transparent pour voir le niveau du consommable.<br \/>\nCoupe droite \u00e0 ciseau brevet\u00e9.<br \/>\nM\u00e9canisme de d\u00e9coupe brevet\u00e9 \u00e0 la fiabilit\u00e9 \u00e9prouv\u00e9e.<br \/>\nMolette lat\u00e9rale pour le chargement du papier ou quand aucune feuille n\u2019est visible.<br \/>\nSyst\u00e8me de fixation rouleau personnalisable.<\/p>\n<h3>Caract\u00e9ristique<\/h3>\n<p>\u2022 Contenu: rouleau papier 2 ou 3 pli: max. \u00d8190mm<br \/>\n\u2022 Contenu: papier rouleau largeur dimensions 180-230mm<br \/>\n\u2022 Coupe franche du papier (Brevet\u00e9 \u201cclean-cut\u201d system)<br \/>\n\u2022 Chargement tr\u00e8s facile de l\u2019appareil<br \/>\n\u2022 R\u00e9pond aux normes HACCP<br \/>\n\u2022 Economique: Distribution contr\u00f4l\u00e9e des formats (25 cm)<\/p>\n<p>Adapt\u00e9 pour les bobines: <a href=\"http:\/\/gator4082.temp.domains\/~aquatiss\/produit\/bobine-essuie-mains-tout\/\" target=\"_blank\">260.1ET00043<\/a><\/p>\n","protected":false},"excerpt":{"rendered":"<p>Distributeur papiers essuie-mains m\u00e9canique \u00e0 d\u00e9coupe automatique<br \/>\nIl s\u2019adapte aux environnements les plus restreints<br \/>\nM\u00e9canisme de d\u00e9coupe brevet\u00e9 \u00e0 la fiabilit\u00e9 \u00e9prouv\u00e9e.<\/p>\n","protected":false},"featured_media":2805,"comment_status":"open","ping_status":"closed","template":"","meta":[],"product_cat":[120,108],"product_tag":[713],"class_list":["post-2804","product","type-product","status-publish","has-post-thumbnail","hentry","product_cat-distributeur-papier","product_cat-hygiene","product_tag-distributeur","pa_color-blanctransparent","pa_domaine-collectivites","pa_domaine-entreprise","pa_domaine-food","pa_domaine-hotel","pa_domaine-industrie","pa_domaine-medical","pa_domaine-proprete","pa_material-abs"],"_links":{"self":[{"href":"https:\/\/aquatiss.com.tn\/fr\/wp-json\/wp\/v2\/product\/2804","targetHints":{"allow":["GET"]}}],"collection":[{"href":"https:\/\/aquatiss.com.tn\/fr\/wp-json\/wp\/v2\/product"}],"about":[{"href":"https:\/\/aquatiss.com.tn\/fr\/wp-json\/wp\/v2\/types\/product"}],"replies":[{"embeddable":true,"href":"https:\/\/aquatiss.com.tn\/fr\/wp-json\/wp\/v2\/comments?post=2804"}],"wp:featuredmedia":[{"embeddable":true,"href":"https:\/\/aquatiss.com.tn\/fr\/wp-json\/wp\/v2\/media\/2805"}],"wp:attachment":[{"href":"https:\/\/aquatiss.com.tn\/fr\/wp-json\/wp\/v2\/media?parent=2804"}],"wp:term":[{"taxonomy":"product_cat","embeddable":true,"href":"https:\/\/aquatiss.com.tn\/fr\/wp-json\/wp\/v2\/product_cat?post=2804"},{"taxonomy":"product_tag","embeddable":true,"href":"https:\/\/aquatiss.com.tn\/fr\/wp-json\/wp\/v2\/product_tag?post=2804"}],"curies":[{"name":"wp","href":"https:\/\/api.w.org\/{rel}","templated":true}]}}