{"id":28042,"date":"2021-07-05T10:28:10","date_gmt":"2021-07-05T10:28:10","guid":{"rendered":"http:\/\/aquatiss.com.tn\/?post_type=product&#038;p=28042"},"modified":"2023-12-18T13:23:25","modified_gmt":"2023-12-18T13:23:25","slug":"plaque-2-zones-de-cuisson-600x400-snacker-electrique-en-acier-chrome-roll-grill","status":"publish","type":"product","link":"https:\/\/aquatiss.com.tn\/fr\/produit\/plaque-2-zones-de-cuisson-600x400-snacker-electrique-en-acier-chrome-roll-grill\/","title":{"rendered":"Plaque 2 zones de cuisson 600&#215;400 snacker \u00e9lectrique en acier chrom\u00e9 ROLL GRILL"},"content":{"rendered":"<p>Plaque 2 zones de cuisson snacker \u00e9lectrique en acier chrom\u00e9 ROLL GRILL<\/p>\n<p>La\u00a0<b>plaque acier<\/b> de la PSR 600 E est d\u2019une \u00e9paisseur de 10 mm. Cette plaque de cuisson est\u00a0<b>recouverte d\u2019un chrome d\u00e9cor<\/b>. La mont\u00e9e en temp\u00e9rature de cette\u00a0<b>plaque \u00e0 snacker \u00e9lectrique (= plancha)<\/b>\u00a0est de 7-8 minutes.<\/p>\n<p>L\u2019<b>acier\u00a0<\/b>d\u2019\u00e9paisseur suffisante saisit parfaitement les produits gr\u00e2ce \u00e0 un\u00a0<b>polissage de qualit\u00e9<\/b>.<\/p>\n<p><b>Le rev\u00eatement chrom\u00e9\u00a0<\/b>de la plaque acier s\u2019effectue en usine par<b>\u00a03 passages au polissage.\u00a0<\/b>La plaque en<b>\u00a0chrome d\u00e9cor\u00a0<\/b>assure<b>\u00a0un excellent transfert de temp\u00e9rature.\u00a0<\/b><\/p>\n<p>Cette plaque de cuisson s\u2019utilise<b>\u00a0uniquement avec des spatules en bois ou silicone\u00a0<\/b>pour \u00e9viter d\u2019endommager le rev\u00eatement chrom\u00e9.<\/p>\n<p>Par son aspect\u00a0<b>parfaitement lisse<\/b>, la\u00a0<b>plaque en acier chrom\u00e9<\/b>\u00a0permet ainsi une tr\u00e8s bonne\u00a0<b>cuisson par contact<\/b>\u00a0pour un\u00a0<b>transfert direct de chaleur<\/b>\u00a0vers l\u2019aliment \u00e0 cuire. Cette\u00a0<a href=\"https:\/\/www.rollergrill-international.com\/fr\/gamme-professionnelle\/17\/la-cuisson\/plaques-a-snacker.html\"><b>plancha \u00e9lectrique<\/b><\/a>\u00a0PSR 600 EC est tr\u00e8s utilis\u00e9e dans les\u00a0<b>grandes cuisines<\/b>.<\/p>\n<h2><b>La plaque \u00e0 snacker professionnelle PSR 600 E permet de cuire de fa\u00e7on homog\u00e8ne une grande vari\u00e9t\u00e9 de produits<\/b><\/h2>\n<p align=\"JUSTIFY\">Apr\u00e8s 7-8 minutes de pr\u00e9chauffage, la plaque en acier chrom\u00e9 atteint une\u00a0<b>temp\u00e9rature homog\u00e8ne<\/b>\u00a0sur toute la surface de cuisson gr\u00e2ce \u00e0 la\u00a0<b>r\u00e9sistance Incoloy<\/b>.<\/p>\n<p align=\"JUSTIFY\">Cette r\u00e9sistance en serpentin couvre toute la surface de la\u00a0<b>plaque chrome<\/b>. Cette r\u00e9sistance d\u00e9gage une puissance de 3 kW sous l\u2019acier chrom\u00e9. La\u00a0<b>plaque \u00e0 snacker professionnelle<\/b> PSR 600 E assure ainsi une\u00a0<b>cuisson homog\u00e8ne<\/b>\u00a0<b>sans d\u00e9perdition de chaleur<\/b>\u00a0en p\u00e9riph\u00e9rie.<\/p>\n<p>La\u00a0<b>plancha professionnelle<\/b> PSR 600 E saisit une grande\u00a0<b>vari\u00e9t\u00e9 de viandes, poissons, hamburgers, saucisses, l\u00e9gumes, oignons<\/b>\u00a0mais aussi\u00a0<b>oeufs sur le plat, omelettes<\/b>.<\/p>\n<p>Gr\u00e2ce au\u00a0<b>contr\u00f4le ind\u00e9pendant des\u00a0<a href=\"https:\/\/www.rollergrill-international.com\/fr\/gamme-professionnelle\/136\/17\/la-cuisson\/plaques-a-snacker\/plaque-a-snacker-electrique-en-acier-emaille-2-zones-de-cuisson-detail.html\">2 zones de cuisson<\/a><\/b>, vous pouvez alterner et varier les cuissons sur cette plaque d\u2019une largeur de 600 mm. Par exemple, il est possible de\u00a0<b>griller une viande \u00e0 200\u00b0C<\/b>\u00a0d\u2019un c\u00f4t\u00e9 et faire\u00a0<b>mijoter des l\u00e9gumes \u00e0 160\u00b0C<\/b>\u00a0de l\u2019autre c\u00f4t\u00e9 de la plaque.<\/p>\n<p align=\"JUSTIFY\"><b>Les jus et graisses\u00a0<\/b>s\u2019\u00e9vacuent dans le\u00a0<b>tiroir enti\u00e8rement amovible<\/b>. Ce\u00a0<b>bac r\u00e9cup\u00e9rateur<\/b>\u00a0en inox est\u00a0<b>lavable en machine<\/b>.<\/p>\n<h4 align=\"JUSTIFY\"><b>Personnalisez votre plaque \u00e0 snacker \u00e9lectrique avec un large choix d\u2019accessoires\u00a0!Plaque 2 zones de cuisson 600&#215;400 snacker \u00e9lectrique en acier chrom\u00e9 ROLL GRILL<\/b><\/h4>\n<p>&nbsp;<\/p>\n<p>Roller Grill fabrique diff\u00e9rents\u00a0<b>accessoires pour plaque \u00e0 snacker ou plancha\u00a0:<\/b><\/p>\n<ul>\n<li><b>La cloche\u00a0<\/b>permet la\u00a0<b>cuisson \u00e0 l\u2019\u00e9touff\u00e9e de l\u00e9gumes<\/b><\/li>\n<li><b>Le couvercle \u00e0 charni\u00e8res\u00a0<\/b>est aussi destin\u00e9 \u00e0 la cuisson \u00e0 l\u2019\u00e9touff\u00e9e et fait de la plaque \u00e0 snacker un\u00a0<b>r\u00e9el barbecue<\/b>.<\/li>\n<li><b>La<\/b>\u00a0<b>grille<\/b>\u00a0<b>de cuisson<\/b>\u00a0facilite la cuisson des tomates et des pommes de terre en robe de champ<\/li>\n<li>\n<p align=\"JUSTIFY\"><b>Le chariot<\/b>\u00a0<b>inox et bois<\/b>\u00a0CHPS 600 rend la plaque \u00e0 snacker ou la plancha plus mobile. La\u00a0<b>plaque \u00e0 snacker \u00e9lectrique PSR 600 EC\u00a0<\/b>peut ainsi \u00eatre utilis\u00e9e en cuisine ou en terrasse \u00e0 la saison des\u00a0<b>grillades et barbecues<\/b>.<\/p>\n<\/li>\n<\/ul>\n<p align=\"JUSTIFY\"><b>Equipement<\/b>: plaque en acier chrom\u00e9, 2 r\u00e9sistances Incoloy en serpentin, commutateurs-thermostats 0-300\u00b0C, voyants de mise sous tension et voyants thermostatiques.<\/p>\n","protected":false},"excerpt":{"rendered":"[maxbutton id=\"2\" url=\"https:\/\/www.rollergrill-international.com\/images\/stories\/virtuemart\/product\/Notice-plaque-snacker-electrique-fonte-PSF400E-PSF600E-G03286.pdf\" ]\n<p>Plancha \u00e9lectrique professionnel construit en acier inoxydable.<br \/>\nThermostat r\u00e9sistance de haute qualit\u00e9.<br \/>\nVeilleuse de travail et temp\u00e9rature.<br \/>\nPlaque de cuisson facile \u00e0 nettoyer et \u00e0 entretenir.<br \/>\n\u00c9conomie d&rsquo;\u00e9nergie, haute efficacit\u00e9.<\/p>\n","protected":false},"featured_media":28043,"comment_status":"open","ping_status":"closed","template":"","meta":[],"product_cat":[604,642],"product_tag":[],"class_list":["post-28042","product","type-product","status-publish","has-post-thumbnail","hentry","product_cat-plaques-a-grille","product_cat-plaques-electriques"],"_links":{"self":[{"href":"https:\/\/aquatiss.com.tn\/fr\/wp-json\/wp\/v2\/product\/28042","targetHints":{"allow":["GET"]}}],"collection":[{"href":"https:\/\/aquatiss.com.tn\/fr\/wp-json\/wp\/v2\/product"}],"about":[{"href":"https:\/\/aquatiss.com.tn\/fr\/wp-json\/wp\/v2\/types\/product"}],"replies":[{"embeddable":true,"href":"https:\/\/aquatiss.com.tn\/fr\/wp-json\/wp\/v2\/comments?post=28042"}],"wp:featuredmedia":[{"embeddable":true,"href":"https:\/\/aquatiss.com.tn\/fr\/wp-json\/wp\/v2\/media\/28043"}],"wp:attachment":[{"href":"https:\/\/aquatiss.com.tn\/fr\/wp-json\/wp\/v2\/media?parent=28042"}],"wp:term":[{"taxonomy":"product_cat","embeddable":true,"href":"https:\/\/aquatiss.com.tn\/fr\/wp-json\/wp\/v2\/product_cat?post=28042"},{"taxonomy":"product_tag","embeddable":true,"href":"https:\/\/aquatiss.com.tn\/fr\/wp-json\/wp\/v2\/product_tag?post=28042"}],"curies":[{"name":"wp","href":"https:\/\/api.w.org\/{rel}","templated":true}]}}