{"id":2808,"date":"2017-02-23T15:25:39","date_gmt":"2017-02-23T15:25:39","guid":{"rendered":"http:\/\/gator4082.temp.domains\/~aquatiss\/produit\/distributeur-papiers-essuie-mains-rolls-star-infrarouge\/"},"modified":"2024-03-19T12:33:51","modified_gmt":"2024-03-19T12:33:51","slug":"distributeur-papiers-essuie-mains-rolls-star-infrarouge","status":"publish","type":"product","link":"https:\/\/aquatiss.com.tn\/fr\/produit\/distributeur-papiers-essuie-mains-rolls-star-infrarouge\/","title":{"rendered":"Distributeur papiers essuie-mains Roll&rsquo;s Star infrarouge"},"content":{"rendered":"<p>Les toilettes tr\u00e8s fr\u00e9quent\u00e9es exigent un suivi pr\u00e9cis de consommation.<br \/>\nCe Porte Rouleau \u00a0\u00e0 cellule infrarouge de haute qualit\u00e9 et extr\u00eamement fiable est donc indispensable.<br \/>\nPour un niveau de service \u00e9lev\u00e9 et des usagers satisfaits le distributeur \u00e9lectrique <strong>ROOL&rsquo;S STAR <\/strong> assure une distribution rapide.<br \/>\nFournit automatiquement \u00e0 l&rsquo;usager des feuilles de papier de taille id\u00e9ale pour le s\u00e9chage des mains sans risque de contamination.<br \/>\nAvec le distributeur \u00e9lectrique <strong>ROLL&rsquo;S STAR<\/strong> vous <em>\u00e9conomisez <strong>40%<\/strong> de consommable<\/em><br \/>\nLongueur de l&rsquo;essuie mains r\u00e9glable 12 \/ 29 \/ 36\/43 cm.<br \/>\nOn passe la main devant le d\u00e9tecteur et l&rsquo;essuie mains se pr\u00e9sente.<br \/>\nR\u00e9glage de la sensibilit\u00e9 du d\u00e9tecteur et de la temporisation entre 2 \u00ab\u00a0passages de mains\u00a0\u00bb<br \/>\nFixation simple par 4 vis<br \/>\nLe distributeur de papier infrarouge est aliment\u00e9 par 04 piles non fournis<\/p>\n<h3>Points forts :<\/h3>\n<p>\u2022 04 r\u00e9glages de la longueur papier 12-29-36-43cm<br \/>\n\u2022 04 r\u00e9glages de temps d&rsquo;attente en cas d&rsquo;abus 0-5-10-15s<br \/>\n\u2022 02 r\u00e9glages de sensibilit\u00e9 photocellule pour un confort meilleure<br \/>\n<img decoding=\"async\"  src=\"http:\/\/gator4082.temp.domains\/~aquatiss\/wp-content\/uploads\/2017\/02\/adobe-pdf-logo-1480D328A9-seeklogo.com_-150x150.jpg\" alt=\"adobe-pdf-logo-1480d328a9-seeklogo-com\" width=\"43\" height=\"44\" srcset=\"https:\/\/aquatiss.com.tn\/wp-content\/uploads\/2017\/02\/adobe-pdf-logo-1480D328A9-seeklogo.com_-150x150.jpg 150w, https:\/\/aquatiss.com.tn\/wp-content\/uploads\/2017\/02\/adobe-pdf-logo-1480D328A9-seeklogo.com_-100x100.jpg 100w, https:\/\/aquatiss.com.tn\/wp-content\/uploads\/2017\/02\/adobe-pdf-logo-1480D328A9-seeklogo.com_.jpg 190w\" sizes=\"(max-width: 43px) 100vw, 43px\" class=\"alignleft wp-image-2811 no-lazyload\" \/><br \/>\n<a href=\"https:\/\/aquatiss.com.tn\/wp-content\/uploads\/2017\/02\/fiche-technique7.pdf\" rel=\"attachment wp-att-2809\">fiche-technique<\/a><\/p>\n<p>Adapt\u00e9 pour les rouleaux: <a href=\"http:\/\/gator4082.temp.domains\/~aquatiss\/produit\/bobine-essuie-tout-midi\/?preview=true\" target=\"_blank\" rel=\"noopener noreferrer\"> 670.113300801<\/a>\u00a0 et\u00a0<a href=\"http:\/\/gator4082.temp.domains\/~aquatiss\/produit\/bobine-essuie-mains-tout\/\" target=\"_blank\" rel=\"noopener noreferrer\">260.1ET00043<\/a><\/p>\n","protected":false},"excerpt":{"rendered":"<p>Avec le distributeur \u00e9lectrique <strong>ROOL&rsquo;S STAR<\/strong> vous \u00e9conomisez 40% de consommable<\/p>\n","protected":false},"featured_media":2812,"comment_status":"open","ping_status":"closed","template":"","meta":[],"product_cat":[120,2056,108],"product_tag":[713,1534],"class_list":["post-2808","product","type-product","status-publish","has-post-thumbnail","hentry","product_cat-distributeur-papier","product_cat-gamme-rolls","product_cat-hygiene","product_tag-distributeur","product_tag-new","pa_color-blanctransparent","pa_domaine-collectivites","pa_domaine-entreprise","pa_domaine-food","pa_domaine-hotel","pa_domaine-industrie","pa_domaine-medical","pa_domaine-proprete","pa_material-abs"],"_links":{"self":[{"href":"https:\/\/aquatiss.com.tn\/fr\/wp-json\/wp\/v2\/product\/2808","targetHints":{"allow":["GET"]}}],"collection":[{"href":"https:\/\/aquatiss.com.tn\/fr\/wp-json\/wp\/v2\/product"}],"about":[{"href":"https:\/\/aquatiss.com.tn\/fr\/wp-json\/wp\/v2\/types\/product"}],"replies":[{"embeddable":true,"href":"https:\/\/aquatiss.com.tn\/fr\/wp-json\/wp\/v2\/comments?post=2808"}],"wp:featuredmedia":[{"embeddable":true,"href":"https:\/\/aquatiss.com.tn\/fr\/wp-json\/wp\/v2\/media\/2812"}],"wp:attachment":[{"href":"https:\/\/aquatiss.com.tn\/fr\/wp-json\/wp\/v2\/media?parent=2808"}],"wp:term":[{"taxonomy":"product_cat","embeddable":true,"href":"https:\/\/aquatiss.com.tn\/fr\/wp-json\/wp\/v2\/product_cat?post=2808"},{"taxonomy":"product_tag","embeddable":true,"href":"https:\/\/aquatiss.com.tn\/fr\/wp-json\/wp\/v2\/product_tag?post=2808"}],"curies":[{"name":"wp","href":"https:\/\/api.w.org\/{rel}","templated":true}]}}