{"id":28890,"date":"2021-09-01T16:35:29","date_gmt":"2021-09-01T16:35:29","guid":{"rendered":"http:\/\/aquatiss.com.tn\/?post_type=product&#038;p=28890"},"modified":"2026-03-11T10:52:00","modified_gmt":"2026-03-11T10:52:00","slug":"lit-bebe-pliable-bois-hetre-rolls-matelas-non-inclus","status":"publish","type":"product","link":"https:\/\/aquatiss.com.tn\/fr\/produit\/lit-bebe-pliable-bois-hetre-rolls-matelas-non-inclus\/","title":{"rendered":"Lit b\u00e9b\u00e9 pliable bois h\u00eatre Roll&rsquo;s matelas non inclus"},"content":{"rendered":"<p>Lit b\u00e9b\u00e9 pliable bois h\u00eatre Roll&rsquo;s matelas non inclus<\/p>\n<p>L\u00b4ergonomique<\/p>\n<p>Le lit b\u00e9b\u00e9 pliable Roll\u2019s\u00a0est parfait pour les cr\u00e8ches et les h\u00f4tels.<\/p>\n<h4>Le lit b\u00e9b\u00e9 pliable Roll\u2019s fabriqu\u00e9 selon les normes:<\/h4>\n<p>norme NF EN 716 et les normes NF EN 1130-1<\/p>\n<p>Les distances et les dimensions sont pr\u00e9vues pour \u00e9viter au maximum les risques de pincement des doigts,<br \/>\ndes orteils et des membres. En outre, le coincement de la t\u00eate et du cou sont \u00e9vit\u00e9s ainsi que le risque d\u2019asphyxie<br \/>\net d\u2019\u00e9tranglement. Espacements entre les barreaux environ 5 \u00e0 7 cm<br \/>\nEcart entre le matelas et les parois du lit moins de 1cm<\/p>\n<p>Avec les lits pliants Roll\u2019s, vous resterez toujours flexible et au besoin ils prennent une place r\u00e9duite apr\u00e8s leur utilisation.<\/p>\n<p>Gr\u00e2ce\u00a0\u00e0\u00a0un syst\u00e8me de montage facile, les lits sont d\u00e9pli\u00e9s sans l\u00b4utilisation d\u00b4un outil et ranger en l\u00b4espace de quelques minutes, afin d\u00b4\u00e9conomiser de la place.<\/p>\n<h4><strong>caract\u00e9ristiques\u00a0 Lit b\u00e9b\u00e9 pliable bois h\u00eatre Roll&rsquo;s<\/strong><\/h4>\n<p>Flexibilit\u00e9 gr\u00e2ce au syst\u00e8me de pliage facile et la place peu encombrante<br \/>\nLe h\u00eatre massif garantit la longue durabilit\u00e9<br \/>\nMatelas pliable non inclus<br \/>\nSurface de couchage 120 X 60 cm<br \/>\nPoids du produit : env. 19 kg<br \/>\nEn option, matelas 120&#215;60 a ressort<br \/>\nDimension lit ouvert\u00a0 Lxlxh 125x69x82cm<br \/>\nDimension lit pli\u00e9\u00a0 Lxlxh 125&#215;17,5x82cm<\/p>\n","protected":false},"excerpt":{"rendered":"<p><strong>Lit pliant Roll&rsquo;s\u00a0 60x120cm, \u00e0 barreaux h\u00eatre massif garantit\u00a0 longue durabilit\u00e9, avec roulettes<\/strong><\/p>\n<p>Fabriqu\u00e9 selon les normes:<br \/>\nnorme NF EN 716 et les normes NF EN 1130-1<br \/>\nEspacements entre les barreaux environ 5 \u00e0 7 cm<br \/>\nEcart entre le matelas et les parois du lit moins de 1cm<br \/>\nSurface de couchage 120 X 60 cm<br \/>\nDimension lit ouvert\u00a0 Lxlxh 125x69x82cm<br \/>\nDimension lit pli\u00e9\u00a0 Lxlxh 125&#215;17,5x82cm<br \/>\nFlexibilit\u00e9 pliage facile et peu encombrante<br \/>\nLe h\u00eatre massif garantit la longue durabilit\u00e9<br \/>\nMatelas pliable non inclus<\/p>\n","protected":false},"featured_media":28897,"comment_status":"open","ping_status":"closed","template":"","meta":[],"product_cat":[2056,600,539],"product_tag":[],"class_list":["post-28890","product","type-product","status-publish","has-post-thumbnail","hentry","product_cat-gamme-rolls","product_cat-lit","product_cat-lit-bebe"],"_links":{"self":[{"href":"https:\/\/aquatiss.com.tn\/fr\/wp-json\/wp\/v2\/product\/28890","targetHints":{"allow":["GET"]}}],"collection":[{"href":"https:\/\/aquatiss.com.tn\/fr\/wp-json\/wp\/v2\/product"}],"about":[{"href":"https:\/\/aquatiss.com.tn\/fr\/wp-json\/wp\/v2\/types\/product"}],"replies":[{"embeddable":true,"href":"https:\/\/aquatiss.com.tn\/fr\/wp-json\/wp\/v2\/comments?post=28890"}],"wp:featuredmedia":[{"embeddable":true,"href":"https:\/\/aquatiss.com.tn\/fr\/wp-json\/wp\/v2\/media\/28897"}],"wp:attachment":[{"href":"https:\/\/aquatiss.com.tn\/fr\/wp-json\/wp\/v2\/media?parent=28890"}],"wp:term":[{"taxonomy":"product_cat","embeddable":true,"href":"https:\/\/aquatiss.com.tn\/fr\/wp-json\/wp\/v2\/product_cat?post=28890"},{"taxonomy":"product_tag","embeddable":true,"href":"https:\/\/aquatiss.com.tn\/fr\/wp-json\/wp\/v2\/product_tag?post=28890"}],"curies":[{"name":"wp","href":"https:\/\/api.w.org\/{rel}","templated":true}]}}