{"id":29060,"date":"2021-09-08T16:02:42","date_gmt":"2021-09-08T16:02:42","guid":{"rendered":"http:\/\/aquatiss.com.tn\/produit\/diffuseur-de-parfum-programmable-100-m2-air-200\/"},"modified":"2023-02-20T11:53:21","modified_gmt":"2023-02-20T11:53:21","slug":"diffuseur-de-parfum-programmable-100-m2-air-200","status":"publish","type":"product","link":"https:\/\/aquatiss.com.tn\/fr\/produit\/diffuseur-de-parfum-programmable-100-m2-air-200\/","title":{"rendered":"Diffuseur de parfum programmable 100 m2  AIR 200"},"content":{"rendered":"<p>Diffuseur de parfum programmable 100 m2 AIR 200<\/p>\n<h4>Description d&rsquo;article :<\/h4>\n<p>Le diffuseur de parfum ( ar\u00f4me ) AIR 200 de chez Aquatiss\u00a0 convient aux endroits commerciaux, r\u00e9sidence de petite taille en cr\u00e9ant une atmosph\u00e8re parfum\u00e9e. carcasse en plastique lisses , capacit\u00e9 bouteille 150 ML.<\/p>\n<p>Ce mod\u00e8le peut \u00eatre\u00a0 programmer\u00a0 heures-minutes jours,\u00a0 7 jours de lundi \u00e0 dimanche.<\/p>\n<p>La pompe de longue vie int\u00e9gr\u00e9e d&rsquo;air comprim\u00e9, peut travailler pendant plus de 10000 heures de suite.<\/p>\n<p>150 ml d&rsquo;huile peuvent durer plus de 2 mois<\/p>\n<p>&nbsp;<\/p>\n<h4>D\u00e9tails Diffuseur de parfum d&rsquo;air 100 m2 AIR200<\/h4>\n<p>&#8211; bouteille d&rsquo;huile en plastique\u00a0 150\u00a0 ml peut durer plus de 2 mois<br \/>\n&#8211; Aspect \u00e9l\u00e9gant .<br \/>\n&#8211; Installation facile, fournissant un choix flexible.<br \/>\n&#8211; 10-300 secondes entre pause et temps de travail<br \/>\n-Ajustement\u00a0 de la concentration d&rsquo;odeur en fonction de votre besoin<br \/>\n&#8211; Remplissage facile de\u00a0 l&rsquo;huile essentielle : Avec sa conception facilement , vous pourriez remplir l&rsquo;huile essentielle librement.<br \/>\n&#8211; Diffuseur de parfum d&rsquo;air 100 m2<\/p>\n<p>&nbsp;<\/p>\n<h4>Principe de fonctionnement<\/h4>\n<p>Le syst\u00e8me AIR200 de chez Aquatiss\u00a0 \u00a0adopte le principe de la d\u00e9composition de l&rsquo;air froid, qui combine la haute qualit\u00e9 de la technologie.<br \/>\nApplication: aspect \u00e9l\u00e9gant, contr\u00f4le facile du temps de travail et de la concentration des odeurs en fonction de votre environnement.<br \/>\nFiabilit\u00e9: technologie r\u00e9volutionnaire, la technologie brevet\u00e9e de micron d&rsquo;atomisation rend l&rsquo;ar\u00f4me rapidement r\u00e9pandu dans l&rsquo;int\u00e9rieur frais et durable<\/p>\n<h4>Caract\u00e9ristiques g\u00e9n\u00e9rale diffuseur de parfum d&rsquo;air 100 m2<\/h4>\n<p>Produit : Diffuseur de parfum d&rsquo;h\u00f4tel r\u00e9sidence, restaurant &#8230;<br \/>\ncontr\u00f4le : minuterie de contr\u00f4le de carte PCB de 4 cl\u00e9s<br \/>\nTechnologie : diffusion d&rsquo;air froid<br \/>\ncouleur disponible : Noir blanc<br \/>\nCertification : CE,RoHs , FCC<br \/>\nMod\u00e8le : Diffuseur de parfum AMOs AIR200<br \/>\nInstallation: a poser ou\u00a0 fix\u00e9 au mur<br \/>\nTechnologie : Diffusion d&rsquo;air froid<br \/>\nDimension: 151*93*230mm<br \/>\npuissance: 4.5W<br \/>\nPoids: 1Kg<br \/>\nConsommation: 1ml\/h<br \/>\ncouleur: blanc\/noir<br \/>\nZone de couverture: 100m2<br \/>\nvoltage: DC 12 V<br \/>\ninstallation: murale<br \/>\ncapacit\u00e9 du flacon: 150 ML<\/p>\n<p><strong>Consommable<\/strong><\/p>\n<p>Nos ar\u00f4mes pour diffusion naturelle vous permettent d\u2019apporter une touche personnalis\u00e9e et subtile \u00e0 votre int\u00e9rieur. <strong>par bidon de 5 kg<\/strong><\/p>\n<p>&nbsp;<\/p>\n","protected":false},"excerpt":{"rendered":"<p><a href=\"https:\/\/aquatiss.com.tn\/\/?attachment_id=25212\" rel=\"attachment wp-att-25212\"><img decoding=\"async\" class=\"wp-image-25212 alignleft\" src=\"https:\/\/aquatiss.com.tn\/\/wp-content\/uploads\/2020\/07\/wifi.jpg\" alt=\"wifi app\" width=\"23\" height=\"21\" \/><\/a><\/p>\n<p>&nbsp;<\/p>\n<p><strong><em>contr\u00f4le par wifi<\/em><\/strong><\/p>\n<p>Le syst\u00e8me AIR 200 de chez Aquatiss\u00a0 \u00a0adopte le principe de la d\u00e9composition de l&rsquo;air froid, qui combine la haute qualit\u00e9 de la technologie.<br \/>\nApplication: aspect \u00e9l\u00e9gant, contr\u00f4le facile du temps de travail et de la concentration des odeurs en fonction de votre environnement.<br \/>\nFiabilit\u00e9: technologie r\u00e9volutionnaire, la technologie brevet\u00e9e de micron d&rsquo;atomisation rend l&rsquo;ar\u00f4me rapidement r\u00e9pandu a l&rsquo;int\u00e9rieur<\/p>\n<p>Dimension: 151*93*230mm<br \/>\npuissance: 4.5W<br \/>\nPoids: 1Kg<br \/>\nConsommation: 1ml\/h<br \/>\ncouleur: blanc\/noir<br \/>\nZone de couverture: 100m2<br \/>\nvoltage: DC 12 V<br \/>\ninstallation: murale<br \/>\ncapacit\u00e9 du flacon: 150 ML<\/p>\n<p><strong>Garantie: 1 an<\/strong><\/p>\n<p>&nbsp;<\/p>\n","protected":false},"featured_media":29063,"comment_status":"open","ping_status":"closed","template":"","meta":[],"product_cat":[117],"product_tag":[],"class_list":["post-29060","product","type-product","status-publish","has-post-thumbnail","hentry","product_cat-diffuseur-de-parfum"],"_links":{"self":[{"href":"https:\/\/aquatiss.com.tn\/fr\/wp-json\/wp\/v2\/product\/29060","targetHints":{"allow":["GET"]}}],"collection":[{"href":"https:\/\/aquatiss.com.tn\/fr\/wp-json\/wp\/v2\/product"}],"about":[{"href":"https:\/\/aquatiss.com.tn\/fr\/wp-json\/wp\/v2\/types\/product"}],"replies":[{"embeddable":true,"href":"https:\/\/aquatiss.com.tn\/fr\/wp-json\/wp\/v2\/comments?post=29060"}],"wp:featuredmedia":[{"embeddable":true,"href":"https:\/\/aquatiss.com.tn\/fr\/wp-json\/wp\/v2\/media\/29063"}],"wp:attachment":[{"href":"https:\/\/aquatiss.com.tn\/fr\/wp-json\/wp\/v2\/media?parent=29060"}],"wp:term":[{"taxonomy":"product_cat","embeddable":true,"href":"https:\/\/aquatiss.com.tn\/fr\/wp-json\/wp\/v2\/product_cat?post=29060"},{"taxonomy":"product_tag","embeddable":true,"href":"https:\/\/aquatiss.com.tn\/fr\/wp-json\/wp\/v2\/product_tag?post=29060"}],"curies":[{"name":"wp","href":"https:\/\/api.w.org\/{rel}","templated":true}]}}