{"id":2914,"date":"2017-03-01T13:19:21","date_gmt":"2017-03-01T12:19:21","guid":{"rendered":"http:\/\/gator4082.temp.domains\/~aquatiss\/?post_type=product&#038;p=2914"},"modified":"2019-01-23T13:22:39","modified_gmt":"2019-01-23T13:22:39","slug":"distributeur-geldistributeur-gel-nettoyant-douceur-corps-cheveux-nettoyant-douceur-corps-cheveux","status":"publish","type":"product","link":"https:\/\/aquatiss.com.tn\/fr\/produit\/distributeur-geldistributeur-gel-nettoyant-douceur-corps-cheveux-nettoyant-douceur-corps-cheveux\/","title":{"rendered":"Distributeur gel nettoyant douceur corps cheveux"},"content":{"rendered":"<p>Distributeur 340 ml \u00e9colabel en PEHD blanc avec une bande transparente plac\u00e9e sur le c\u00f4t\u00e9 afin de permettre le contr\u00f4le imm\u00e9diat de niveau de produit.<br \/>\nAvec ses formes compacte et souple, il a un aspect familier et moderne.<br \/>\nLe distributeur simple et innovante con\u00e7u pour \u00eatre facilement adaptable \u00e0 chaque type de milieu gr\u00e2ce \u00e0 un kit de fixation mural complet.<br \/>\nLe distributeur du gel nettoyant douceur corps cheveux accroch\u00e9 au mur est ferm\u00e9 par un bouchon plastique.<br \/>\n<a href=\"http:\/\/gator4082.temp.domains\/~aquatiss\/produit\/distributeur-papiers-essuie-mains-rolls-star-infrarouge\/adobe-pdf-logo-1480d328a9-seeklogo-com\/\" rel=\"attachment wp-att-2811\"><img decoding=\"async\"  src=\"http:\/\/gator4082.temp.domains\/~aquatiss\/wp-content\/uploads\/2017\/02\/adobe-pdf-logo-1480D328A9-seeklogo.com_.jpg\" alt=\"adobe-pdf-logo-1480d328a9-seeklogo-com\" width=\"31\" height=\"33\" class=\" wp-image-2811 alignleft no-lazyload\" \/><\/a><\/p>\n<p><a href=\"http:\/\/gator4082.temp.domains\/~aquatiss\/wp-content\/uploads\/2017\/03\/Kit-fixation.pdf\" rel=\"attachment wp-att-2915\">Fiche technique<\/a><\/p>\n","protected":false},"excerpt":{"rendered":"<p>Distributeur 340 ml<br \/>\nEn PEHD blanc avec une bande transparente plac\u00e9e sur le c\u00f4t\u00e9<\/p>\n","protected":false},"featured_media":2919,"comment_status":"open","ping_status":"closed","template":"","meta":[],"product_cat":[401,122,123,108],"product_tag":[713,228,192],"class_list":["post-2914","product","type-product","status-publish","has-post-thumbnail","hentry","product_cat-distributeur","product_cat-distributeurs-de-gel","product_cat-distributeurs-de-savon","product_cat-hygiene","product_tag-distributeur","product_tag-distributeur-de-gel","product_tag-distributeur-de-savon","pa_domaine-collectivites","pa_domaine-entreprise","pa_domaine-food","pa_domaine-hotel","pa_domaine-industrie","pa_domaine-medical","pa_material-pehd"],"_links":{"self":[{"href":"https:\/\/aquatiss.com.tn\/fr\/wp-json\/wp\/v2\/product\/2914","targetHints":{"allow":["GET"]}}],"collection":[{"href":"https:\/\/aquatiss.com.tn\/fr\/wp-json\/wp\/v2\/product"}],"about":[{"href":"https:\/\/aquatiss.com.tn\/fr\/wp-json\/wp\/v2\/types\/product"}],"replies":[{"embeddable":true,"href":"https:\/\/aquatiss.com.tn\/fr\/wp-json\/wp\/v2\/comments?post=2914"}],"wp:featuredmedia":[{"embeddable":true,"href":"https:\/\/aquatiss.com.tn\/fr\/wp-json\/wp\/v2\/media\/2919"}],"wp:attachment":[{"href":"https:\/\/aquatiss.com.tn\/fr\/wp-json\/wp\/v2\/media?parent=2914"}],"wp:term":[{"taxonomy":"product_cat","embeddable":true,"href":"https:\/\/aquatiss.com.tn\/fr\/wp-json\/wp\/v2\/product_cat?post=2914"},{"taxonomy":"product_tag","embeddable":true,"href":"https:\/\/aquatiss.com.tn\/fr\/wp-json\/wp\/v2\/product_tag?post=2914"}],"curies":[{"name":"wp","href":"https:\/\/api.w.org\/{rel}","templated":true}]}}