{"id":29227,"date":"2021-09-17T09:42:45","date_gmt":"2021-09-17T09:42:45","guid":{"rendered":"http:\/\/aquatiss.com.tn\/produit\/hachoir-pro-electrique-550w-lacor\/"},"modified":"2021-09-18T07:38:21","modified_gmt":"2021-09-18T07:38:21","slug":"hachoir-pro-electrique-550w-lacor","status":"publish","type":"product","link":"https:\/\/aquatiss.com.tn\/fr\/produit\/hachoir-pro-electrique-550w-lacor\/","title":{"rendered":"Hachoir Pro \u00c9lectrique 550W Lacor"},"content":{"rendered":"<p>Hachoir Pro \u00c9lectrique 550W Lacor<\/p>\n<p>\u00c9lectrique hachoir \u00e0 viande mod\u00e8le Hacher semi-professionnel 550W avec<\/p>\n<p>3 disques interchangeables en acier inoxydable des planches \u00e0 d\u00e9couper en diff\u00e9rentes tailles.<\/p>\n<h4>Hachoir Pro \u00c9lectrique 550W Lacor<\/h4>\n<p>Engrenages d&rsquo;int\u00e9rieur et d&rsquo;ext\u00e9rieur en m\u00e9tal pour une plus grande r\u00e9sistance<br \/>\nLa fonction de marche arri\u00e8re (REV) pour changer le sens de rotation<br \/>\nComprend 3 disques perfor\u00e9s en acier inoxydable pour 3 tailles diff\u00e9rentes de la viande pour \u00eatre homog\u00e8ne (\u00d83-5-8 mm)<br \/>\nInclus 4 accessoires suppl\u00e9mentaires (Kibbe inclus)<br \/>\nTrois tailles de saucisses comme des hot-dogs, saucisses.<br \/>\nEnti\u00e8rement amovible pour un nettoyage facile<\/p>\n<p><strong>SP\u00c9CIFICATIONS<\/strong><\/p>\n<p>Puissance :550W<br \/>\nVitesse : 240 r.p.m.<br \/>\nCapacit\u00e9 : 2 kg\/min<br \/>\nDimensions : 53.5x26x35 cm<br \/>\nPoids : 11 kg<\/p>\n<p><span style=\"color: #ffffff;\"><b style=\"font-size: 8pt;\">mini<\/b><span style=\"font-size: 8pt;\"> hachoir-hachoir <\/span><b style=\"font-size: 8pt;\">viande-<\/b><span style=\"font-size: 8pt;\">hachoir\u00a0<\/span><b style=\"font-size: 8pt;\">de<\/b><span style=\"font-size: 8pt;\">\u00a0cuisine\u00a0<\/span><b style=\"font-size: 8pt;\">manuel-<\/b><span style=\"font-size: 8pt;\">hachoir\u00a0<\/span><b style=\"font-size: 8pt;\">multifonction-<\/b><b style=\"font-size: 8pt;\">amazon<\/b><span style=\"font-size: 8pt;\">\u00a0hachoir\u00a0<\/span><b style=\"font-size: 8pt;\">viande-<\/b><span style=\"font-size: 8pt;\">hachoir\u00a0<\/span><b style=\"font-size: 8pt;\">\u00e9lectrique<\/b><\/span><\/p>\n<div class=\"AJLUJb\">\n<div data-hveid=\"CCgQAA\">\n<div class=\"s75CSd OhScic AB4Wff\"><span style=\"font-size: 8pt; color: #ffffff;\">hachoir\u00a0<b>manuel-<\/b><b>couteau<\/b>\u00a0hachoir<\/span><\/div>\n<\/div>\n<\/div>\n","protected":false},"excerpt":{"rendered":"<p><span style=\"font-size: 14pt;\"><strong>Lacor Espagne fabricants depuis plus de 60 ans<\/strong><\/span><br \/>\n<span style=\"font-size: 14pt;\"><strong>Capacit\u00e9 : 2 kg\/min<\/strong><\/span><br \/>\nLa meilleure qualit\u00e9.<br \/>\nHache la viande -pr\u00e9pare les viandes- Coupe les <em>salade<\/em>\u00a0.<br \/>\nProduit europ\u00e9en.<br \/>\nCorps en fonte-Aluminium tr\u00e8s stable<br \/>\nEngrenages \u00e0 usage int\u00e9rieur et ext\u00e9rieur en m\u00e9tal pour une plus grande r\u00e9sistance<br \/>\nFonction reverse (REV) pour changer le sens de rotation<br \/>\nDiscos. \u00d83 mm-3 mm-\u00d88 mm \u00d85<\/p>\n<p><strong>Garantie 1 ans<\/strong><\/p>\n<p>&nbsp;<\/p>\n","protected":false},"featured_media":29235,"comment_status":"open","ping_status":"closed","template":"","meta":[],"product_cat":[1296],"product_tag":[],"class_list":["post-29227","product","type-product","status-publish","has-post-thumbnail","hentry","product_cat-hachoir"],"_links":{"self":[{"href":"https:\/\/aquatiss.com.tn\/fr\/wp-json\/wp\/v2\/product\/29227","targetHints":{"allow":["GET"]}}],"collection":[{"href":"https:\/\/aquatiss.com.tn\/fr\/wp-json\/wp\/v2\/product"}],"about":[{"href":"https:\/\/aquatiss.com.tn\/fr\/wp-json\/wp\/v2\/types\/product"}],"replies":[{"embeddable":true,"href":"https:\/\/aquatiss.com.tn\/fr\/wp-json\/wp\/v2\/comments?post=29227"}],"wp:featuredmedia":[{"embeddable":true,"href":"https:\/\/aquatiss.com.tn\/fr\/wp-json\/wp\/v2\/media\/29235"}],"wp:attachment":[{"href":"https:\/\/aquatiss.com.tn\/fr\/wp-json\/wp\/v2\/media?parent=29227"}],"wp:term":[{"taxonomy":"product_cat","embeddable":true,"href":"https:\/\/aquatiss.com.tn\/fr\/wp-json\/wp\/v2\/product_cat?post=29227"},{"taxonomy":"product_tag","embeddable":true,"href":"https:\/\/aquatiss.com.tn\/fr\/wp-json\/wp\/v2\/product_tag?post=29227"}],"curies":[{"name":"wp","href":"https:\/\/api.w.org\/{rel}","templated":true}]}}