{"id":29256,"date":"2021-09-20T15:32:53","date_gmt":"2021-09-20T15:32:53","guid":{"rendered":"http:\/\/aquatiss.com.tn\/?post_type=product&#038;p=29256"},"modified":"2024-02-29T11:50:43","modified_gmt":"2024-02-29T11:50:43","slug":"vitrine-chauffante-30-a-85-c-avec-eclairage-600-w-fiona","status":"publish","type":"product","link":"https:\/\/aquatiss.com.tn\/fr\/produit\/vitrine-chauffante-30-a-85-c-avec-eclairage-600-w-fiona\/","title":{"rendered":"Vitrine chauffante 30 \u00e0 85 \u00b0C avec \u00e9clairage 600 W FIONA"},"content":{"rendered":"<p>Vitrine chauffante 30 \u00e0 85 \u00b0C avec \u00e9clairage 600 W FIONA<\/p>\n<h4>QUALITE SUP\u00c9RIEURE<\/h4>\n<p>Vitrine chauffante en acier inoxydable 304 et verre tremp\u00e9 s&rsquo;adapte facilement \u00e0 vos divers aliments.\u00a0 la porte\u00a0 magn\u00e9tique\u00a0 assure une bonne \u00e9tanch\u00e9it\u00e9<\/p>\n<h4>TEMP\u00c9RATURE APPROPRI\u00c9E<\/h4>\n<p>Avec la temp\u00e9rature thermostatique de 30 &#8211; 80 \u2103 r\u00e9glable, capable de choisir la temp\u00e9rature appropri\u00e9e pour vos diff\u00e9rents aliments.<\/p>\n<h4>GRANDE CAPACIT\u00c9<\/h4>\n<p>Livr\u00e9 avec 3 niveaux de grilles, compos\u00e9 de 3 plateaux en acier inoxydable, offrant un plus grand espace pour le stockage des aliments.<\/p>\n<h4>D\u00c9TAILS ATTENTIONN\u00c9S<\/h4>\n<p>Des lumi\u00e8res chaudes d\u00e9coratives permettent aux aliments d&rsquo;\u00eatre plus attrayants et plus.<\/p>\n<h4>APPLICATION LARGE<\/h4>\n<p>Peut \u00eatre utilis\u00e9 dans une large gamme d&rsquo;environnements de restauration, y compris les cantines, boulangeries, caf\u00e9s, restaurants de restauration rapide et de nombreux autres \u00e9tablissements de restauration.<\/p>\n<h4>Caract\u00e9ristiques Vitrine chauffant 30 \u00e0 85 \u00b0C avec \u00e9clairage 600 W FIONA<\/h4>\n<p>Mati\u00e8re : inox<br \/>\n3 grilles chrom\u00e9es r\u00e9glables<br \/>\nDistance entre grilles : 90 mm<br \/>\nPorte \u00e0 l&rsquo;avant<br \/>\nEclairage int\u00e9rieur<br \/>\nInterrupteur ON\/OFF<br \/>\nContr\u00f4le digital de la temp\u00e9rature<br \/>\nBac \u00e0 eau pour humidifier l&rsquo;air inclus<br \/>\nTemp. : +30\/ +80 \u00b0C<br \/>\nPoids : 14,5 kg<br \/>\nDimensions : L 350 mm x P 350 mm x H 520 mm<br \/>\nCapacit\u00e9 : 43 litres<br \/>\nTemp. +30\/+85 \u00b0C<br \/>\nConn. : 230 V &#8211; 50 Hz &#8211; 0,6 kW<\/p>\n<p>&nbsp;<\/p>\n<div id=\"rcnt\" class=\"GyAeWb\">\n<div class=\"D6j0vc\">\n<div id=\"center_col\" class=\"gXmnc s6JM6d\">\n<div id=\"botstuff\">\n<div data-ved=\"2ahUKEwi56LDb-qjzAhULFRQKHadzCk0QCHoECAIQLw\">\n<div id=\"bres\">\n<div class=\"ULSxyf\">\n<div id=\"w3bYAd\" data-abe=\"\" data-hveid=\"CCwQAA\">\n<div class=\"oIk2Cb\">\n<div class=\"y6Uyqe\">\n<div class=\"EIaa9b\">\n<div class=\"AJLUJb\">\n<div data-hveid=\"CCcQAA\">\n<div class=\"s75CSd OhScic AB4Wff\"><span style=\"font-size: 8pt; color: #ffffff;\">vitrine chauffante bain-marie-vitrine chauffante pour restaurant-vitrine chauffante occasion<\/span><br \/>\n<span style=\"font-size: 8pt; color: #ffffff;\">vitrine chauffante metro-vitrine chauffante professionnelle-vitrine chauffante gaz-vitrine chauffante ventil\u00e9e<\/span><br \/>\n<span style=\"font-size: 8pt; color: #ffffff;\">vitrine chauffante tunisie prix-buffet-comptoir-presentoire<\/span><\/div>\n<\/div>\n<\/div>\n<\/div>\n<\/div>\n<\/div>\n<\/div>\n<\/div>\n<\/div>\n<\/div>\n<\/div>\n<\/div>\n<\/div>\n<\/div>\n","protected":false},"excerpt":{"rendered":"<p><strong><span style=\"font-size: 14pt;\">Pour boulangeries, caf\u00e9s, restaurants de restauration rapide, cantines<\/span><\/strong><\/p>\n<p>Mati\u00e8re : inox<br \/>\n3 grilles chrom\u00e9es r\u00e9glables<br \/>\nPorte \u00e0 l&rsquo;avant<br \/>\nEclairage int\u00e9rieur<br \/>\nTemp. : +30\/ +80 \u00b0C<br \/>\nCapacit\u00e9 : 43 litres<\/p>\n<p><strong>Garantie 1an<\/strong><\/p>\n","protected":false},"featured_media":29267,"comment_status":"open","ping_status":"closed","template":"","meta":[],"product_cat":[2084],"product_tag":[2085,1225],"class_list":["post-29256","product","type-product","status-publish","has-post-thumbnail","hentry","product_cat-vitrine","product_tag-presentoir","product_tag-vitrine"],"_links":{"self":[{"href":"https:\/\/aquatiss.com.tn\/fr\/wp-json\/wp\/v2\/product\/29256","targetHints":{"allow":["GET"]}}],"collection":[{"href":"https:\/\/aquatiss.com.tn\/fr\/wp-json\/wp\/v2\/product"}],"about":[{"href":"https:\/\/aquatiss.com.tn\/fr\/wp-json\/wp\/v2\/types\/product"}],"replies":[{"embeddable":true,"href":"https:\/\/aquatiss.com.tn\/fr\/wp-json\/wp\/v2\/comments?post=29256"}],"wp:featuredmedia":[{"embeddable":true,"href":"https:\/\/aquatiss.com.tn\/fr\/wp-json\/wp\/v2\/media\/29267"}],"wp:attachment":[{"href":"https:\/\/aquatiss.com.tn\/fr\/wp-json\/wp\/v2\/media?parent=29256"}],"wp:term":[{"taxonomy":"product_cat","embeddable":true,"href":"https:\/\/aquatiss.com.tn\/fr\/wp-json\/wp\/v2\/product_cat?post=29256"},{"taxonomy":"product_tag","embeddable":true,"href":"https:\/\/aquatiss.com.tn\/fr\/wp-json\/wp\/v2\/product_tag?post=29256"}],"curies":[{"name":"wp","href":"https:\/\/api.w.org\/{rel}","templated":true}]}}