{"id":2937,"date":"2017-03-01T14:34:12","date_gmt":"2017-03-01T14:34:12","guid":{"rendered":"http:\/\/gator4082.temp.domains\/~aquatiss\/produit\/distributeur-de-savon-gel-infrarouge-serie-sensor-copie\/"},"modified":"2020-05-08T10:30:08","modified_gmt":"2020-05-08T10:30:08","slug":"distributeur-de-savon-en-abs-transparent-1-2l","status":"publish","type":"product","link":"https:\/\/aquatiss.com.tn\/fr\/produit\/distributeur-de-savon-en-abs-transparent-1-2l\/","title":{"rendered":"Distributeur de savon en ABS transparent 1.2L"},"content":{"rendered":"<p>Distributeur de savon en ABS transparent 1.2 L<\/p>\n<h3>Sp\u00e9cification technique:<\/h3>\n<p>R\u00e9servoir transparent<br \/>\nDistributeur de savon \u00e0 remplissage direct<br \/>\nPlastique ABS transparent<br \/>\nSyst\u00e8me de manipulation : bouton-poussoir<br \/>\nPompe \u00e0 membrane \u201canti-gouttes\u201d<br \/>\nVerrouillage par serrure \u00e0 clef plastique<br \/>\nMise en place du consommable et nettoyage ais\u00e9<br \/>\nRemplissage directe<br \/>\nFermeture \u00e0 cl\u00e9<\/p>\n<p><strong>UTILISATION A LA MAISON<\/strong><\/p>\n<p>Son montage est tr\u00e8s simple, il trouve facilement sa place gr\u00e2ce \u00e0 son syst\u00e8me de fixation murale<\/p>\n<p>Ce <strong>Distributeur de savon\u00a0 1l en ABS Blanc<\/strong> est\u00a0tr\u00e8s utile\u00a0dans l<strong>a salle de bain, les toilettes et la cuisine<\/strong>.<\/p>\n<p>Par ailleurs, Tr\u00e8s pratique sur l\u2019\u00e9vier de cuisine (liquide vaisselle), le lavabo (<a href=\"http:\/\/gator4082.temp.domains\/~aquatiss\/categorie-produit\/hygiene\/gel-savon\/page\/2\/\">savon liquide bio bact\u00e9riologique<\/a><strong>)\u2026.<\/strong><\/p>\n<h4><strong>UTILISATION EN LOCAL PUBLIC OU PROFESSIONNEL<\/strong><\/h4>\n<p><strong>L\u00e9gislation sur l\u2019hygi\u00e8ne :<\/strong> L\u2019hygi\u00e8ne \u00e9tant devenue une <strong>priorit\u00e9 dans de nombreux secteurs professionnels<\/strong>,<\/p>\n<p>de plus en plus, les <strong>lois imposent l\u2019installation de dispositifs hygi\u00e9niques pour le lavage des mains<\/strong>.<\/p>\n<p><strong><br \/>\nLes secteurs concern\u00e9s<\/strong><strong>: <\/strong><\/p>\n<p>Tout d\u2019abord, Tous les m\u00e9tiers o\u00f9 les mains n\u00e9cessitent un lavage r\u00e9gulier;<br \/>\nEnsuite, Secteur agro-alimentaire et restauration,<br \/>\n\u00c9tablissement \u00e0 caract\u00e8re sanitaire et social,<br \/>\nCr\u00e8ches, \u00c9coles primaires, Centres de vacances,<br \/>\nSecteur m\u00e9dical et pharmaceutique,<br \/>\n\u00c9tablissements p\u00e9nitentiaires,H\u00f4tellerie ;<br \/>\nMilieu scolaire (protocole national sur l\u2019organisation des soins et des urgences dans les \u00e9coles et les<br \/>\n\u00e9tablissements publics locaux d\u2019enseignement),<\/p>\n","protected":false},"excerpt":{"rendered":"<p>R\u00e9servoir transparent<br \/>\nDistributeur de savon \u00e0 remplissage direct<br \/>\nPlastique ABS transparent<br \/>\nSyst\u00e8me de manipulation : bouton-poussoir<br \/>\nPompe \u00e0 membrane \u201canti-gouttes\u201d<br \/>\nVerrouillage par serrure \u00e0 clef plastique<br \/>\nMise en place du consommable et nettoyage ais\u00e9<br \/>\nRemplissage directe<br \/>\nFermeture \u00e0 cl\u00e9<\/p>\n","protected":false},"featured_media":2943,"comment_status":"open","ping_status":"closed","template":"","meta":[],"product_cat":[122,123,108],"product_tag":[713,228,192,1534],"class_list":["post-2937","product","type-product","status-publish","has-post-thumbnail","hentry","product_cat-distributeurs-de-gel","product_cat-distributeurs-de-savon","product_cat-hygiene","product_tag-distributeur","product_tag-distributeur-de-gel","product_tag-distributeur-de-savon","product_tag-new","pa_contenance-1-2l","pa_domaine-collectivites","pa_domaine-entreprise","pa_domaine-food","pa_domaine-hotel","pa_domaine-industrie","pa_domaine-medical","pa_material-abs"],"_links":{"self":[{"href":"https:\/\/aquatiss.com.tn\/fr\/wp-json\/wp\/v2\/product\/2937","targetHints":{"allow":["GET"]}}],"collection":[{"href":"https:\/\/aquatiss.com.tn\/fr\/wp-json\/wp\/v2\/product"}],"about":[{"href":"https:\/\/aquatiss.com.tn\/fr\/wp-json\/wp\/v2\/types\/product"}],"replies":[{"embeddable":true,"href":"https:\/\/aquatiss.com.tn\/fr\/wp-json\/wp\/v2\/comments?post=2937"}],"wp:featuredmedia":[{"embeddable":true,"href":"https:\/\/aquatiss.com.tn\/fr\/wp-json\/wp\/v2\/media\/2943"}],"wp:attachment":[{"href":"https:\/\/aquatiss.com.tn\/fr\/wp-json\/wp\/v2\/media?parent=2937"}],"wp:term":[{"taxonomy":"product_cat","embeddable":true,"href":"https:\/\/aquatiss.com.tn\/fr\/wp-json\/wp\/v2\/product_cat?post=2937"},{"taxonomy":"product_tag","embeddable":true,"href":"https:\/\/aquatiss.com.tn\/fr\/wp-json\/wp\/v2\/product_tag?post=2937"}],"curies":[{"name":"wp","href":"https:\/\/api.w.org\/{rel}","templated":true}]}}