{"id":29405,"date":"2021-09-29T16:34:21","date_gmt":"2021-09-29T16:34:21","guid":{"rendered":"https:\/\/aquatiss.com.tn\/?post_type=product&#038;p=29405"},"modified":"2021-09-29T16:34:21","modified_gmt":"2021-09-29T16:34:21","slug":"machine-chawarma-3-bruleurs-gpl-karacasan","status":"publish","type":"product","link":"https:\/\/aquatiss.com.tn\/fr\/produit\/machine-chawarma-3-bruleurs-gpl-karacasan\/","title":{"rendered":"Machine chawarma 3 br\u00fbleurs GPL KARACASAN"},"content":{"rendered":"<p><span style=\"font-family: georgia, palatino, serif; font-size: 12pt;\">Machine chawarma 3 br\u00fbleurs GPL KARACASAN<\/span><\/p>\n<p><span style=\"font-family: georgia, palatino, serif; font-size: 12pt;\">Une des grandes marques de machine \u00e0 kebab\u00a0 chawerma<\/span><\/p>\n<p><span style=\"font-family: georgia, palatino, serif; font-size: 12pt;\">Cuisini\u00e8re \u00e0 Gaz commerciale Chawarma Viande Kebab<\/span><\/p>\n<p><span style=\"font-family: georgia, palatino, serif; font-size: 12pt;\">En effet, la machine \u00e0 kebbab ne d\u00e9gage ni mauvaises odeurs ni vapeurs et s&rsquo;installe ais\u00e9ment.<\/span><\/p>\n<p><span style=\"font-family: georgia, palatino, serif; font-size: 12pt;\">De plus, la\u00a0 machine \u00e0 K\u00e9bab se nettoie rapidement et son c\u00f4t\u00e9 pratique suffira \u00e0 s\u00e9duire les plus r\u00e9ticents.<\/span><\/p>\n<p><span style=\"font-family: georgia, palatino, serif; font-size: 12pt;\">Parmi les grands avantages de la machine \u00e0 kebab, on citera son allure design avec son habillage en inox.<\/span><\/p>\n<p><span style=\"font-family: georgia, palatino, serif; font-size: 12pt;\"><strong>Four \u00e0 kebab \u00e0 gaz \u00e0 moteur inf\u00e9rieur<\/strong><\/span><br \/>\n<span style=\"font-family: georgia, palatino, serif; font-size: 12pt;\">Corps en acier inoxydable<\/span><br \/>\n<span style=\"font-family: georgia, palatino, serif; font-size: 12pt;\">Compatible avec le GPL et le gaz naturel<\/span><br \/>\n<span style=\"font-family: georgia, palatino, serif; font-size: 12pt;\">Soupape de s\u00e9curit\u00e9<\/span><br \/>\n<span style=\"font-family: georgia, palatino, serif; font-size: 12pt;\">Panneau de flamme<\/span><br \/>\n<span style=\"font-family: georgia, palatino, serif; font-size: 12pt;\">Facile \u00e0 nettoyer<\/span><br \/>\n<span style=\"font-family: georgia, palatino, serif; font-size: 12pt;\">Les radiants fonctionnent ind\u00e9pendamment jusqu&rsquo;\u00e0 max-min<\/span><br \/>\n<span style=\"font-family: georgia, palatino, serif; font-size: 12pt;\">\u00c9lectrique avec moteur inf\u00e9rieur<\/span><\/p>\n<p><span style=\"font-family: georgia, palatino, serif; font-size: 12pt;\">Bac de r\u00e9cup\u00e9ration d&rsquo;huile, tiroir de d\u00e9charge<\/span><\/p>\n<p><span style=\"font-family: georgia, palatino, serif; font-size: 12pt;\"><strong>Entra\u00eenement inf\u00e9rieur Machine \u00e0 griller \u00e0 gaz<\/strong><\/span><br \/>\n<span style=\"font-family: georgia, palatino, serif; font-size: 12pt;\">Corps en acier inoxydable<\/span><br \/>\n<span style=\"font-family: georgia, palatino, serif; font-size: 12pt;\">GPL ou gaz naturel disponible<\/span><br \/>\n<span style=\"font-family: georgia, palatino, serif; font-size: 12pt;\">Vanne de s\u00e9curit\u00e9 \u00e0 gaz avec thermocouple<\/span><br \/>\n<span style=\"font-family: georgia, palatino, serif; font-size: 12pt;\">Panneau<\/span><br \/>\n<span style=\"font-family: georgia, palatino, serif; font-size: 12pt;\">coupe-feu \u2022 Facile \u00e0 nettoyer<\/span><br \/>\n<span style=\"font-family: georgia, palatino, serif; font-size: 12pt;\">Les \u00e9l\u00e9ments chauffants peuvent fonctionner s\u00e9par\u00e9ment<\/span><br \/>\n<span style=\"font-family: georgia, palatino, serif; font-size: 12pt;\">Entra\u00eenement inf\u00e9rieur \u00e9lectrique<\/span><br \/>\n<span style=\"font-family: georgia, palatino, serif; font-size: 12pt;\">Avec tiroir collecteur de graisse amovible<\/span><\/p>\n<h5><span style=\"font-family: georgia, palatino, serif; font-size: 12pt;\"><strong>Sp\u00e9cifications techniques Machine chawarma 3 br\u00fbleurs GPL KARACASAN<\/strong><\/span><\/h5>\n<p><span style=\"font-family: georgia, palatino, serif; font-size: 12pt;\">Type d&rsquo;\u00e9nergie : GPL \/ Gaz Naturel<\/span><br \/>\n<span style=\"font-family: georgia, palatino, serif; font-size: 12pt;\">Taille : 550x700x1000<\/span><br \/>\n<span style=\"font-family: georgia, palatino, serif; font-size: 12pt;\">Capacit\u00e9 : 3 RADIANS<\/span><br \/>\n<span style=\"font-family: georgia, palatino, serif; font-size: 12pt;\">Puissance : 5.2 kW<\/span><br \/>\n<span style=\"font-family: georgia, palatino, serif; font-size: 12pt;\">\u00c9nergie : 20 mbar<\/span><br \/>\n<span style=\"font-family: georgia, palatino, serif; font-size: 12pt;\">Poids : 32 Kg<\/span><\/p>\n","protected":false},"excerpt":{"rendered":"<p>Corps en acier inoxydable<br \/>\nCompatible avec le GPL ou le gaz naturel<br \/>\nEntra\u00eenement inf\u00e9rieur \u00e9lectrique<br \/>\nTaille : 55x70x100 cm<br \/>\nCapacit\u00e9 : 3 Radians<br \/>\nPuissance : 5.2 kW<br \/>\nLes radians fonctionnent ind\u00e9pendamment<br \/>\nBac de r\u00e9cup\u00e9ration d&rsquo;huile<\/p>\n<p><strong>Garantie\u00a0<\/strong> 1ans<\/p>\n","protected":false},"featured_media":29410,"comment_status":"open","ping_status":"closed","template":"","meta":[],"product_cat":[2087],"product_tag":[],"class_list":["post-29405","product","type-product","status-publish","has-post-thumbnail","hentry","product_cat-cuisiniere-kebab"],"_links":{"self":[{"href":"https:\/\/aquatiss.com.tn\/fr\/wp-json\/wp\/v2\/product\/29405","targetHints":{"allow":["GET"]}}],"collection":[{"href":"https:\/\/aquatiss.com.tn\/fr\/wp-json\/wp\/v2\/product"}],"about":[{"href":"https:\/\/aquatiss.com.tn\/fr\/wp-json\/wp\/v2\/types\/product"}],"replies":[{"embeddable":true,"href":"https:\/\/aquatiss.com.tn\/fr\/wp-json\/wp\/v2\/comments?post=29405"}],"wp:featuredmedia":[{"embeddable":true,"href":"https:\/\/aquatiss.com.tn\/fr\/wp-json\/wp\/v2\/media\/29410"}],"wp:attachment":[{"href":"https:\/\/aquatiss.com.tn\/fr\/wp-json\/wp\/v2\/media?parent=29405"}],"wp:term":[{"taxonomy":"product_cat","embeddable":true,"href":"https:\/\/aquatiss.com.tn\/fr\/wp-json\/wp\/v2\/product_cat?post=29405"},{"taxonomy":"product_tag","embeddable":true,"href":"https:\/\/aquatiss.com.tn\/fr\/wp-json\/wp\/v2\/product_tag?post=29405"}],"curies":[{"name":"wp","href":"https:\/\/api.w.org\/{rel}","templated":true}]}}