{"id":2950,"date":"2017-03-01T15:27:16","date_gmt":"2017-03-01T14:27:16","guid":{"rendered":"http:\/\/gator4082.temp.domains\/~aquatiss\/?post_type=product&#038;p=2950"},"modified":"2017-03-01T15:35:44","modified_gmt":"2017-03-01T14:35:44","slug":"distributeur-de-savon-inox-brillant-1l","status":"publish","type":"product","link":"https:\/\/aquatiss.com.tn\/fr\/produit\/distributeur-de-savon-inox-brillant-1l\/","title":{"rendered":"Distributeur de savon inox brillant 1L"},"content":{"rendered":"<p>Distributeur de savon inox brillant \u00e9quip\u00e9 d&rsquo;une pompe anti goutte<br \/>\nAvec r\u00e9servoir transparent fum\u00e9 de 1L \u00e0 remplissage direct<br \/>\nCapot inox, poussoir large et fiable, visualisation du niveau de savon<br \/>\nR\u00e9sistant et robuste pour usage intensif<br \/>\nSerrure \u00e0 cl\u00e9 3 points<\/p>\n","protected":false},"excerpt":{"rendered":"<p>Avec r\u00e9servoir transparent fum\u00e9 de 1L \u00e0 remplissage direct<br \/>\nCapot inox, poussoir large et fiable, visualisation du niveau de savon<br \/>\nR\u00e9sistant et robuste pour usage intensif<\/p>\n","protected":false},"featured_media":2952,"comment_status":"open","ping_status":"closed","template":"","meta":[],"product_cat":[401,122,123,108],"product_tag":[713,228,192],"class_list":["post-2950","product","type-product","status-publish","has-post-thumbnail","hentry","product_cat-distributeur","product_cat-distributeurs-de-gel","product_cat-distributeurs-de-savon","product_cat-hygiene","product_tag-distributeur","product_tag-distributeur-de-gel","product_tag-distributeur-de-savon","pa_contenance-1l","pa_domaine-collectivites","pa_domaine-entreprise","pa_domaine-food","pa_domaine-hotel","pa_domaine-industrie","pa_domaine-medical","pa_domaine-proprete","pa_material-inox-brillant","pa_material-inox-brosse"],"_links":{"self":[{"href":"https:\/\/aquatiss.com.tn\/fr\/wp-json\/wp\/v2\/product\/2950","targetHints":{"allow":["GET"]}}],"collection":[{"href":"https:\/\/aquatiss.com.tn\/fr\/wp-json\/wp\/v2\/product"}],"about":[{"href":"https:\/\/aquatiss.com.tn\/fr\/wp-json\/wp\/v2\/types\/product"}],"replies":[{"embeddable":true,"href":"https:\/\/aquatiss.com.tn\/fr\/wp-json\/wp\/v2\/comments?post=2950"}],"wp:featuredmedia":[{"embeddable":true,"href":"https:\/\/aquatiss.com.tn\/fr\/wp-json\/wp\/v2\/media\/2952"}],"wp:attachment":[{"href":"https:\/\/aquatiss.com.tn\/fr\/wp-json\/wp\/v2\/media?parent=2950"}],"wp:term":[{"taxonomy":"product_cat","embeddable":true,"href":"https:\/\/aquatiss.com.tn\/fr\/wp-json\/wp\/v2\/product_cat?post=2950"},{"taxonomy":"product_tag","embeddable":true,"href":"https:\/\/aquatiss.com.tn\/fr\/wp-json\/wp\/v2\/product_tag?post=2950"}],"curies":[{"name":"wp","href":"https:\/\/api.w.org\/{rel}","templated":true}]}}