{"id":29623,"date":"2021-10-11T14:52:42","date_gmt":"2021-10-11T14:52:42","guid":{"rendered":"https:\/\/aquatiss.com.tn\/produit\/bouilloire-inox-0-6l-avec-plateau\/"},"modified":"2025-08-19T12:30:07","modified_gmt":"2025-08-19T12:30:07","slug":"bouilloire-inox-0-6l-avec-plateau","status":"publish","type":"product","link":"https:\/\/aquatiss.com.tn\/fr\/produit\/bouilloire-inox-0-6l-avec-plateau\/","title":{"rendered":"Bouilloire Inox 0.6L  avec plateau"},"content":{"rendered":"<p>Bouilloire Inox 0.6L<br \/>\nBouilloire performante, r\u00e9sistante, plate facile \u00e0 nettoyer<br \/>\nIndicateur du niveau d&rsquo;eau<br \/>\n360\u00b0 socle<br \/>\nFermeture automatique \u00e0 vide ou quand l&rsquo;eau est pr\u00eate<br \/>\nVoyant d&rsquo;alimentation<br \/>\nFinition inox Bross\u00e9<\/p>\n<p>Plateau avec une conception<em><strong> all in one<\/strong><\/em> :des compartiments pour des sachets, une cuill\u00e8re et des tasses.<br \/>\nil est r\u00e9sistant aux hautes temp\u00e9ratures, facile \u00e0 nettoyer et imperm\u00e9able<\/p>\n<p><img decoding=\"async\"  src=\"https:\/\/aquatiss.com.tn\/wp-content\/uploads\/2021\/10\/plateaux-hotel-room-bouilloire-1-300x256.jpg\" alt=\"\" width=\"533\" height=\"456\" srcset=\"https:\/\/aquatiss.com.tn\/wp-content\/uploads\/2021\/10\/plateaux-hotel-room-bouilloire-1-300x256.jpg 300w, https:\/\/aquatiss.com.tn\/wp-content\/uploads\/2021\/10\/plateaux-hotel-room-bouilloire-1.jpg 757w\" sizes=\"(max-width: 533px) 100vw, 533px\" class=\"wp-image-29628 aligncenter no-lazyload\" \/><\/p>\n<p>&nbsp;<\/p>\n<p>Certificat: CE<\/p>\n<h4><\/h4>\n<h4>Remplissage couvercle et bec verseur:<\/h4>\n<p>Vous pouvez remplir la bouilloire par le bec verseur ou en ouvrant le couvercle articul\u00e9.<\/p>\n<h4>Indication du niveau d&rsquo;eau facile \u00e0 lire :<\/h4>\n<p>Indication du niveau d&rsquo;eau facile \u00e0 lire .<\/p>\n<h4>Socle 360\u00b0 sans fil pour une mise en place facile<\/h4>\n<h4>\u00c9l\u00e9ment chauffant plat pour une \u00e9bullition rapide et un nettoyage plus facile:<\/h4>\n<p>L&rsquo;\u00e9l\u00e9ment non visible en acier inoxydable assure une \u00e9bullition rapide et un nettoyage facile.<\/p>\n<h4>Couvercle articul\u00e9 \u00e0 ouverture large pour un remplissage et un nettoyage ais\u00e9s:<\/h4>\n<p>Couvercle articul\u00e9 \u00e0 ouverture large pour un remplissage et un nettoyage ais\u00e9s, sans risque de contact avec la vapeur.<\/p>\n<h4>Multiples syst\u00e8mes de s\u00e9curit\u00e9:<\/h4>\n<p>Multiples syst\u00e8mes de s\u00e9curit\u00e9 contre le fonctionnement \u00e0 vide, avec mise hors tension automatique quand l&rsquo;eau est pr\u00eate.<br \/>\n<a class=\"maxbutton-2 maxbutton maxbutton-pdf\" target=\"_blank\" title=\"PDF\" rel=\"noopener\" href=\"https:\/\/aquatiss.com.tn\/wp-content\/uploads\/2021\/10\/Fiche-technique-bouilloire-inox_PLATEAU.pdf\"><span class='mb-text'>FICHE TECHNIQUE<\/span><\/a><\/p>\n","protected":false},"excerpt":{"rendered":"<p>Bouilloire Inox 0.6L<br \/>\nBouilloire performante, r\u00e9sistante, plate facile \u00e0 nettoyer<br \/>\nIndicateur du niveau d&rsquo;eau<br \/>\n360\u00b0 socle<br \/>\nFermeture automatique \u00e0 vide ou quand l&rsquo;eau est pr\u00eate<br \/>\nVoyant d&rsquo;alimentation<br \/>\nFinition inox Bross\u00e9<\/p>\n<p>Plateau avec une conception<em><strong> all in one<\/strong><\/em> :des compartiments pour des sachets, une cuill\u00e8re et des tasses.<br \/>\nil est r\u00e9sistant aux hautes temp\u00e9ratures, facile \u00e0 nettoyer et imperm\u00e9able<\/p>\n<p><strong>Certificat: CE<\/strong><br \/>\n<strong>Garantie 02 ans<\/strong><\/p>\n","protected":false},"featured_media":29626,"comment_status":"open","ping_status":"closed","template":"","meta":[],"product_cat":[507],"product_tag":[1304],"class_list":["post-29623","product","type-product","status-publish","has-post-thumbnail","hentry","product_cat-bouilloire-individuelle","product_tag-bouilloire","pa_color-blanc","pa_contenance-0-6l","pa_puissance-1350w"],"_links":{"self":[{"href":"https:\/\/aquatiss.com.tn\/fr\/wp-json\/wp\/v2\/product\/29623","targetHints":{"allow":["GET"]}}],"collection":[{"href":"https:\/\/aquatiss.com.tn\/fr\/wp-json\/wp\/v2\/product"}],"about":[{"href":"https:\/\/aquatiss.com.tn\/fr\/wp-json\/wp\/v2\/types\/product"}],"replies":[{"embeddable":true,"href":"https:\/\/aquatiss.com.tn\/fr\/wp-json\/wp\/v2\/comments?post=29623"}],"wp:featuredmedia":[{"embeddable":true,"href":"https:\/\/aquatiss.com.tn\/fr\/wp-json\/wp\/v2\/media\/29626"}],"wp:attachment":[{"href":"https:\/\/aquatiss.com.tn\/fr\/wp-json\/wp\/v2\/media?parent=29623"}],"wp:term":[{"taxonomy":"product_cat","embeddable":true,"href":"https:\/\/aquatiss.com.tn\/fr\/wp-json\/wp\/v2\/product_cat?post=29623"},{"taxonomy":"product_tag","embeddable":true,"href":"https:\/\/aquatiss.com.tn\/fr\/wp-json\/wp\/v2\/product_tag?post=29623"}],"curies":[{"name":"wp","href":"https:\/\/api.w.org\/{rel}","templated":true}]}}