{"id":2990,"date":"2017-03-02T15:54:52","date_gmt":"2017-03-02T14:54:52","guid":{"rendered":"http:\/\/gator4082.temp.domains\/~aquatiss\/?post_type=product&#038;p=2990"},"modified":"2025-05-27T11:37:41","modified_gmt":"2025-05-27T11:37:41","slug":"distributeur-de-savon-inox-encastra","status":"publish","type":"product","link":"https:\/\/aquatiss.com.tn\/fr\/produit\/distributeur-de-savon-inox-encastra\/","title":{"rendered":"Distributeur de savon inox encastrable"},"content":{"rendered":"<p>Distributeur de savon inox encastrable<br \/>\nPompe \u00e0 savon encastrable \u00e0 remplissage par le haut<br \/>\nPour faciliter la maintenance et gain de temps<br \/>\nR\u00e9sistant \u00e0 la corrosion<br \/>\nEmbase, piston et bec verseur poli brillant<br \/>\nPiston, bec, et capot sup\u00e9rieur en acier inoxydable avec finition poli brillant<br \/>\nR\u00e9servoir en poly\u00e9thyl\u00e8ne translucide, r\u00e9sistant aux chocs.<br \/>\nPour savon mains liquide , lotion savons, d\u00e9tergents synth\u00e9tiques et savons antibact\u00e9riens.<br \/>\nTrou \u00d8 25 mm sur lavabo ou plan de travail pour fixation, \u00e9paisseur: 25mm.<\/p>\n","protected":false},"excerpt":{"rendered":"<p>Distributeur de savon inox encastrable<br \/>\nPompe \u00e0 savon encastrable \u00e0 remplissage par le haut<br \/>\nPour faciliter la maintenance et gain de temps<br \/>\nR\u00e9sistant \u00e0 la corrosion<\/p>\n","protected":false},"featured_media":8334,"comment_status":"open","ping_status":"closed","template":"","meta":[],"product_cat":[401,123,108],"product_tag":[713,192],"class_list":["post-2990","product","type-product","status-publish","has-post-thumbnail","hentry","product_cat-distributeur","product_cat-distributeurs-de-savon","product_cat-hygiene","product_tag-distributeur","product_tag-distributeur-de-savon","pa_domaine-hotel","pa_domaine-medical","pa_material-inox"],"_links":{"self":[{"href":"https:\/\/aquatiss.com.tn\/fr\/wp-json\/wp\/v2\/product\/2990","targetHints":{"allow":["GET"]}}],"collection":[{"href":"https:\/\/aquatiss.com.tn\/fr\/wp-json\/wp\/v2\/product"}],"about":[{"href":"https:\/\/aquatiss.com.tn\/fr\/wp-json\/wp\/v2\/types\/product"}],"replies":[{"embeddable":true,"href":"https:\/\/aquatiss.com.tn\/fr\/wp-json\/wp\/v2\/comments?post=2990"}],"wp:featuredmedia":[{"embeddable":true,"href":"https:\/\/aquatiss.com.tn\/fr\/wp-json\/wp\/v2\/media\/8334"}],"wp:attachment":[{"href":"https:\/\/aquatiss.com.tn\/fr\/wp-json\/wp\/v2\/media?parent=2990"}],"wp:term":[{"taxonomy":"product_cat","embeddable":true,"href":"https:\/\/aquatiss.com.tn\/fr\/wp-json\/wp\/v2\/product_cat?post=2990"},{"taxonomy":"product_tag","embeddable":true,"href":"https:\/\/aquatiss.com.tn\/fr\/wp-json\/wp\/v2\/product_tag?post=2990"}],"curies":[{"name":"wp","href":"https:\/\/api.w.org\/{rel}","templated":true}]}}