{"id":30293,"date":"2021-11-17T15:38:00","date_gmt":"2021-11-17T15:38:00","guid":{"rendered":"https:\/\/aquatiss.com.tn\/?post_type=product&#038;p=30293"},"modified":"2026-02-27T11:13:41","modified_gmt":"2026-02-27T11:13:41","slug":"cendrier-collectivite-murale-grand-volume-rolls","status":"publish","type":"product","link":"https:\/\/aquatiss.com.tn\/fr\/produit\/cendrier-collectivite-murale-grand-volume-rolls\/","title":{"rendered":"Cendrier collectivit\u00e9 murale grand volume META  Roll&rsquo;s"},"content":{"rendered":"<p>Cendrier collectivit\u00e9 murale grand volume META Roll&rsquo;s<\/p>\n<p>Cendrier collectivit\u00e9 murale grand volume META Roll&rsquo;s pour cigarettes, urbain<strong>,<\/strong> pour am\u00e9nager votre ext\u00e9rieur.<\/p>\n<p>Dot\u00e9s d&rsquo;une capacit\u00e9 importante de stockage.<\/p>\n<p>Couleur gris, design minimaliste agr\u00e9able, l\u00e9ger, simple \u00e0 sceller,<\/p>\n<p>Le cendrier collectivit\u00e9 murale grand volume Roll&rsquo;s est adapt\u00e9 pour \u00eatre \u00a0installer \u00e0 l&rsquo;ext\u00e9rieur de votre b\u00e2timent<\/p>\n<p>c&rsquo;est un accessoire indispensable pour pr\u00e9server la propret\u00e9 des lieux et encourager visiteurs, collaborateurs ou clients \u00e0 adopter de nouvelles habitudes.<\/p>\n<h4>Caract\u00e9ristiques Cendrier collectivit\u00e9 murale grand volume META Roll&rsquo;s<\/h4>\n<p>Dimension : Hxl 24&#215;23 cm<br \/>\nForme : ronde<br \/>\nCouleur : noir \/ gris<br \/>\nSeau : int\u00e9rieure pour vidage m\u00e9gots<br \/>\nMat\u00e9riau\u00a0: \u00a0Acier galvanis\u00e9<br \/>\nProtection : poudre \u00e9poxy anti-UV de haute qualit\u00e9<br \/>\nCapacit\u00e9 m\u00e9gots : 1 litres<br \/>\nLivr\u00e9 avec accessoires de montage et pictogramme<\/p>\n<p><strong>Garantie<\/strong> 2 ans anti corrosion<\/p>\n<p>&nbsp;<\/p>\n<p>&nbsp;<\/p>\n","protected":false},"excerpt":{"rendered":"<p><span style=\"font-size: 12pt;\"><strong>Cendrier ext\u00e9rieur mural, \u00a0installer \u00e0 l\u2019ext\u00e9rieur de votre b\u00e2timent<\/strong><\/span><\/p>\n<p>Dimension : Hxl 24&#215;23 cm<br \/>\nForme : ronde<br \/>\nCouleur : noir \/ gris<br \/>\nSeau : int\u00e9rieure pour vidage m\u00e9gots<br \/>\nMat\u00e9riau\u00a0: \u00a0Acier galvanis\u00e9<br \/>\nProtection : poudre \u00e9poxy anti-UV de haute qualit\u00e9<br \/>\nCapacit\u00e9 m\u00e9gots : 1 litres<br \/>\nLivr\u00e9 avec accessoires de montage et pictogramme<\/p>\n<p><strong>Garantie<\/strong> 2 ans anti corrosion<\/p>\n","protected":false},"featured_media":30295,"comment_status":"open","ping_status":"closed","template":"","meta":[],"product_cat":[310,308,2056],"product_tag":[732],"class_list":["post-30293","product","type-product","status-publish","has-post-thumbnail","hentry","product_cat-cendrier-murale","product_cat-cendriers","product_cat-gamme-rolls","product_tag-cendrier"],"_links":{"self":[{"href":"https:\/\/aquatiss.com.tn\/fr\/wp-json\/wp\/v2\/product\/30293","targetHints":{"allow":["GET"]}}],"collection":[{"href":"https:\/\/aquatiss.com.tn\/fr\/wp-json\/wp\/v2\/product"}],"about":[{"href":"https:\/\/aquatiss.com.tn\/fr\/wp-json\/wp\/v2\/types\/product"}],"replies":[{"embeddable":true,"href":"https:\/\/aquatiss.com.tn\/fr\/wp-json\/wp\/v2\/comments?post=30293"}],"wp:featuredmedia":[{"embeddable":true,"href":"https:\/\/aquatiss.com.tn\/fr\/wp-json\/wp\/v2\/media\/30295"}],"wp:attachment":[{"href":"https:\/\/aquatiss.com.tn\/fr\/wp-json\/wp\/v2\/media?parent=30293"}],"wp:term":[{"taxonomy":"product_cat","embeddable":true,"href":"https:\/\/aquatiss.com.tn\/fr\/wp-json\/wp\/v2\/product_cat?post=30293"},{"taxonomy":"product_tag","embeddable":true,"href":"https:\/\/aquatiss.com.tn\/fr\/wp-json\/wp\/v2\/product_tag?post=30293"}],"curies":[{"name":"wp","href":"https:\/\/api.w.org\/{rel}","templated":true}]}}