{"id":31075,"date":"2021-12-29T16:29:56","date_gmt":"2021-12-29T16:29:56","guid":{"rendered":"https:\/\/aquatiss.com.tn\/?post_type=product&#038;p=31075"},"modified":"2025-01-18T08:30:41","modified_gmt":"2025-01-18T08:30:41","slug":"machine-expresso-inox-multi-capsules-4-en-1","status":"publish","type":"product","link":"https:\/\/aquatiss.com.tn\/fr\/produit\/machine-expresso-inox-multi-capsules-4-en-1\/","title":{"rendered":"Machine expresso inox multi capsules 4 en 1"},"content":{"rendered":"<p>Machine expresso inox multi capsules 4 en 1<\/p>\n<h4><strong>Adaptateur de filtres \u00e0 caf\u00e9 3 types<\/strong>,<\/h4>\n<p>Rempla\u00e7able et r\u00e9utilisable, \u00a0<em>Machine<\/em>\u00a0\u00e0 caf\u00e9\u00a0<em>expresso<\/em>\u00a04 en 1 \u00e0 capsules\u00a0<em>multiple expresso multi dosettes<\/em><\/p>\n<p>Compatible avec le caf\u00e9 moulu, les dosettes de caf\u00e9 et les capsules populaires, telles que le caf\u00e9 NESPRESSO, le caf\u00e9 Starbucks, Pellini, ou Dolce Gusto, Starbucks, Nestl\u00e9\u2026<\/p>\n<p>Remplace le travail de la cafeti\u00e8re, de la machine \u00e0 caf\u00e9 expresso et de la machine \u00e0 portion individuelle en m\u00eame temps.<\/p>\n<h4><strong>Petite cafeti\u00e8re avec infusion rapide Machine expresso inox multi capsules 4 en 1<\/strong><\/h4>\n<p>Con\u00e7ue pour \u00eatre de petite taille avec une bande amovible,<\/p>\n<p>Le temps d&rsquo;infusion de cette machine \u00e0 caf\u00e9 est pass\u00e9 \u00e0 25s-47s,<\/p>\n<h4><strong>19 bars et temp\u00e9ratu<\/strong>r<strong>e<\/strong> <strong>constante Machine expresso inox multi capsules 4 en 1<\/strong><\/h4>\n<p>Une pression de 19 bars permet une extraction de haut niveau pour une saveur de caf\u00e9 optimale,<\/p>\n<p>Un ar\u00f4me d\u00e9livr\u00e9 de mani\u00e8re coh\u00e9rente dans chaque tasse. L&rsquo;infuseur \u00e0 caf\u00e9\u00a0 maintient une temp\u00e9rature \u00e9lev\u00e9e constante pour un go\u00fbt chaud.<\/p>\n<p>Vous pouvez choisir une petite ou une grande tasse de caf\u00e9, m\u00eame r\u00e9gler son volume.\u00a0Le r\u00e9servoir d&rsquo;eau de 800 ml \/ 28 oz prend en charge l&rsquo;infusion de caf\u00e9 de 6 \u00e0 8 tasses.<\/p>\n<p><strong>Triple protection Machine expresso inox multi capsules 4 en 1<\/strong><\/p>\n<p>1 La protection d&rsquo;infusion \u00e0 sec aide \u00e0 arr\u00eater le chauffage lorsqu&rsquo;il n&rsquo;y a pas d&rsquo;eau dans le r\u00e9servoir d&rsquo;eau ou oublie de remplir l&rsquo;eau.<br \/>\n2 Le mode de nettoyage automatique peut aider \u00e0 d\u00e9tartrer pour rafra\u00eechir votre machine \u00e0 caf\u00e9.<br \/>\n3 Une pompe \u00e0 pression est livr\u00e9e avec l&#8217;emballage pour d\u00e9bloquer le pipeline lorsque le d\u00e9bit de caf\u00e9 s&rsquo;arr\u00eate ou s&rsquo;affaiblit.<\/p>\n<p><strong>Garantie<\/strong>\u00a0: 2 ans<\/p>\n<p>D\u00e9couvrez le catalogue complet de notre machine\u00a0 <a href=\"https:\/\/aquatiss.com.tn\/catalogues\/#dflip-df_31063\/1\/\">Machine expresso inox multi capsules\u00a0<\/a><\/p>\n<p><strong>Caract\u00e9ristiques Machine expresso inox multi capsules 4 en 1<\/strong><\/p>\n<p>Marque :Princesse<br \/>\nCouleur \u200e:Noir-gris<br \/>\nDimensions :e \u200e11x 29 x 24 cm<br \/>\nPoids :3,88 kilogrammes<br \/>\nCapacit\u00e9 :\u200e850 grammes<br \/>\nPoids de l&rsquo;article : \u200e 3,88 kg<\/p>\n","protected":false},"excerpt":{"rendered":"<p><span style=\"font-size: 12pt;\"><strong>Adapt\u00e9e aux grandes et petites capsules de caf\u00e9, capsules de th\u00e9 et caf\u00e9 en poudre, 19 bars, acier inoxydable<\/strong><\/span><\/p>\n<p>Remplace plusieurs machines \u00e0 caf\u00e9 en m\u00eame temps.<br \/>\nNettoyage automatique pour le d\u00e9tartrage de la machine.<br \/>\nFonction anti-s\u00e9chage arr\u00eate le chauffage en cas d&rsquo;absence d&rsquo;eau\u00a0 .<br \/>\nLa pression de 19 bars vous donne le meilleur go\u00fbt .<br \/>\nLe r\u00e9servoir d&rsquo;eau pr\u00e9parer 6 \u00e0 8 tasses de caf\u00e9 .<br \/>\nTaille : 11&#215;24.5 cm<br \/>\nTemps de pr\u00e9paration \uff1c 1 min.<br \/>\nArr\u00eat automatique en 15 minutes.<br \/>\nLe petit design convient pour les entreprises, chambres d&rsquo;h\u00f4tel.<br \/>\nConvient pour pr\u00e9parer des boissons au th\u00e9.<\/p>\n<p><strong>Garantie<\/strong>\u00a0: 2 ans<br \/>\n<strong>Marque<\/strong> :Princesse<br \/>\n<strong>Norme<\/strong> :CE<\/p>\n","protected":false},"featured_media":31100,"comment_status":"open","ping_status":"closed","template":"","meta":[],"product_cat":[162,155],"product_tag":[],"class_list":["post-31075","product","type-product","status-publish","has-post-thumbnail","hentry","product_cat-machine-cafe-capsules","product_cat-pause-cafe"],"_links":{"self":[{"href":"https:\/\/aquatiss.com.tn\/fr\/wp-json\/wp\/v2\/product\/31075","targetHints":{"allow":["GET"]}}],"collection":[{"href":"https:\/\/aquatiss.com.tn\/fr\/wp-json\/wp\/v2\/product"}],"about":[{"href":"https:\/\/aquatiss.com.tn\/fr\/wp-json\/wp\/v2\/types\/product"}],"replies":[{"embeddable":true,"href":"https:\/\/aquatiss.com.tn\/fr\/wp-json\/wp\/v2\/comments?post=31075"}],"wp:featuredmedia":[{"embeddable":true,"href":"https:\/\/aquatiss.com.tn\/fr\/wp-json\/wp\/v2\/media\/31100"}],"wp:attachment":[{"href":"https:\/\/aquatiss.com.tn\/fr\/wp-json\/wp\/v2\/media?parent=31075"}],"wp:term":[{"taxonomy":"product_cat","embeddable":true,"href":"https:\/\/aquatiss.com.tn\/fr\/wp-json\/wp\/v2\/product_cat?post=31075"},{"taxonomy":"product_tag","embeddable":true,"href":"https:\/\/aquatiss.com.tn\/fr\/wp-json\/wp\/v2\/product_tag?post=31075"}],"curies":[{"name":"wp","href":"https:\/\/api.w.org\/{rel}","templated":true}]}}