{"id":3122,"date":"2017-03-09T12:08:27","date_gmt":"2017-03-09T12:08:27","guid":{"rendered":"http:\/\/gator4082.temp.domains\/~aquatiss\/?post_type=product&#038;p=3122"},"modified":"2023-05-12T15:45:34","modified_gmt":"2023-05-12T15:45:34","slug":"chariot-bagage-groupe-rolls","status":"publish","type":"product","link":"https:\/\/aquatiss.com.tn\/fr\/produit\/chariot-bagage-groupe-rolls\/","title":{"rendered":"Chariot bagage groupe Roll&rsquo;s"},"content":{"rendered":"<p>Chariot bagage groupe Roll&rsquo;s<\/p>\n<p>chariot de conciergerie<\/p>\n<h3>Caract\u00e9ristiques:<\/h3>\n<p>Chariot de forme rectangulaire fabriqu\u00e9 enti\u00e8rement en acier peint couleur \u00e9poxy aluminium<br \/>\nPeut \u00eatre personnalis\u00e9 sur les deux cot\u00e9s en rajoutant le logo de votre \u00e9tablissement.<br \/>\nD&rsquo;une taille r\u00e9duite, il est particuli\u00e8rement appropri\u00e9 pour une utilisation \u00e0 l&rsquo;int\u00e9rieur ou pour un h\u00f4tel.<br \/>\nIl est notamment \u00e9quip\u00e9 de 4 roues avec un diam\u00e8tre de 200cm dont deux avec freins.<br \/>\nGarantie de 5ans anticorrosion<\/p>\n","protected":false},"excerpt":{"rendered":"<p>Chariot de forme rectangulaire<br \/>\nFabriqu\u00e9 enti\u00e8rement en acier peint couleur \u00e9poxy aluminium<br \/>\nPersonnalisable (LOGO sur les deux cot\u00e9s)<br \/>\nGarantie de 5ans anticorrosion<\/p>\n","protected":false},"featured_media":3123,"comment_status":"open","ping_status":"closed","template":"","meta":[],"product_cat":[512,2056,105],"product_tag":[750,269],"class_list":["post-3122","product","type-product","status-publish","has-post-thumbnail","hentry","product_cat-chariot-bagage","product_cat-gamme-rolls","product_cat-service","product_tag-chariot-de-bagage","product_tag-chariots","pa_color-gris","pa_domaine-hotel","pa_finition-peinture-epoxy"],"_links":{"self":[{"href":"https:\/\/aquatiss.com.tn\/fr\/wp-json\/wp\/v2\/product\/3122","targetHints":{"allow":["GET"]}}],"collection":[{"href":"https:\/\/aquatiss.com.tn\/fr\/wp-json\/wp\/v2\/product"}],"about":[{"href":"https:\/\/aquatiss.com.tn\/fr\/wp-json\/wp\/v2\/types\/product"}],"replies":[{"embeddable":true,"href":"https:\/\/aquatiss.com.tn\/fr\/wp-json\/wp\/v2\/comments?post=3122"}],"wp:featuredmedia":[{"embeddable":true,"href":"https:\/\/aquatiss.com.tn\/fr\/wp-json\/wp\/v2\/media\/3123"}],"wp:attachment":[{"href":"https:\/\/aquatiss.com.tn\/fr\/wp-json\/wp\/v2\/media?parent=3122"}],"wp:term":[{"taxonomy":"product_cat","embeddable":true,"href":"https:\/\/aquatiss.com.tn\/fr\/wp-json\/wp\/v2\/product_cat?post=3122"},{"taxonomy":"product_tag","embeddable":true,"href":"https:\/\/aquatiss.com.tn\/fr\/wp-json\/wp\/v2\/product_tag?post=3122"}],"curies":[{"name":"wp","href":"https:\/\/api.w.org\/{rel}","templated":true}]}}